{"id":15069,"date":"2022-02-21T19:25:13","date_gmt":"2022-02-22T00:25:13","guid":{"rendered":"https:\/\/alcogal.com\/\/?page_id=15069"},"modified":"2026-03-09T16:54:21","modified_gmt":"2026-03-09T21:54:21","slug":"kimberly-guerra","status":"publish","type":"page","link":"https:\/\/alcogal.com\/es\/abogados-3\/kimberly-guerra\/","title":{"rendered":"Kimberly Guerra"},"content":{"rendered":"\t\t<div data-elementor-type=\"wp-page\" data-elementor-id=\"15069\" class=\"elementor elementor-15069\" data-elementor-post-type=\"page\">\n\t\t\t\t\t\t<section class=\"elementor-section elementor-top-section elementor-element elementor-element-2539208 elementor-section-boxed elementor-section-height-default elementor-section-height-default\" data-id=\"2539208\" data-element_type=\"section\" data-e-type=\"section\">\n\t\t\t\t\t\t<div class=\"elementor-container elementor-column-gap-default\">\n\t\t\t\t\t<div class=\"elementor-column elementor-col-100 elementor-top-column elementor-element elementor-element-f882720\" data-id=\"f882720\" data-element_type=\"column\" data-e-type=\"column\">\n\t\t\t<div class=\"elementor-widget-wrap elementor-element-populated\">\n\t\t\t\t\t\t<div class=\"elementor-element elementor-element-9fa013c elementor-widget elementor-widget-heading\" data-id=\"9fa013c\" data-element_type=\"widget\" data-e-type=\"widget\" data-widget_type=\"heading.default\">\n\t\t\t\t<div class=\"elementor-widget-container\">\n\t\t\t\t\t<h1 class=\"elementor-heading-title elementor-size-default\">KIMBERLY GUERRA<\/h1>\t\t\t\t<\/div>\n\t\t\t\t<\/div>\n\t\t\t\t<div class=\"elementor-element elementor-element-a16e22d elementor-widget-divider--view-line elementor-widget elementor-widget-divider\" data-id=\"a16e22d\" data-element_type=\"widget\" data-e-type=\"widget\" data-widget_type=\"divider.default\">\n\t\t\t\t<div class=\"elementor-widget-container\">\n\t\t\t\t\t\t\t<div class=\"elementor-divider\">\n\t\t\t<span class=\"elementor-divider-separator\">\n\t\t\t\t\t\t<\/span>\n\t\t<\/div>\n\t\t\t\t\t\t<\/div>\n\t\t\t\t<\/div>\n\t\t\t\t\t<\/div>\n\t\t<\/div>\n\t\t\t\t\t<\/div>\n\t\t<\/section>\n\t\t\t\t<section class=\"elementor-section elementor-top-section elementor-element elementor-element-9a7835e elementor-section-boxed elementor-section-height-default elementor-section-height-default\" data-id=\"9a7835e\" data-element_type=\"section\" data-e-type=\"section\">\n\t\t\t\t\t\t<div class=\"elementor-container elementor-column-gap-default\">\n\t\t\t\t\t<div class=\"elementor-column elementor-col-66 elementor-top-column elementor-element elementor-element-2b1b81a\" data-id=\"2b1b81a\" data-element_type=\"column\" data-e-type=\"column\">\n\t\t\t<div class=\"elementor-widget-wrap elementor-element-populated\">\n\t\t\t\t\t\t<section class=\"elementor-section elementor-inner-section elementor-element elementor-element-3ee0bb0 elementor-section-boxed elementor-section-height-default elementor-section-height-default\" data-id=\"3ee0bb0\" data-element_type=\"section\" data-e-type=\"section\">\n\t\t\t\t\t\t<div class=\"elementor-container elementor-column-gap-default\">\n\t\t\t\t\t<div class=\"elementor-column elementor-col-50 elementor-inner-column elementor-element elementor-element-c45267c\" data-id=\"c45267c\" data-element_type=\"column\" data-e-type=\"column\">\n\t\t\t<div class=\"elementor-widget-wrap elementor-element-populated\">\n\t\t\t\t\t\t<div class=\"elementor-element elementor-element-eb929d6 elementor-widget elementor-widget-image\" data-id=\"eb929d6\" data-element_type=\"widget\" data-e-type=\"widget\" data-widget_type=\"image.default\">\n\t\t\t\t<div class=\"elementor-widget-container\">\n\t\t\t\t\t\t\t\t\t\t\t\t\t\t\t<img fetchpriority=\"high\" decoding=\"async\" width=\"1000\" height=\"1000\" src=\"https:\/\/alcogal.com\/wp-content\/uploads\/2026\/03\/kimberly-guerra.webp\" class=\"attachment-large size-large wp-image-23150\" alt=\"\" srcset=\"https:\/\/alcogal.com\/wp-content\/uploads\/2026\/03\/kimberly-guerra.webp 1000w, https:\/\/alcogal.com\/wp-content\/uploads\/2026\/03\/kimberly-guerra-300x300.webp 300w, https:\/\/alcogal.com\/wp-content\/uploads\/2026\/03\/kimberly-guerra-150x150.webp 150w, https:\/\/alcogal.com\/wp-content\/uploads\/2026\/03\/kimberly-guerra-768x768.webp 768w\" sizes=\"(max-width: 1000px) 100vw, 1000px\" \/>\t\t\t\t\t\t\t\t\t\t\t\t\t\t\t<\/div>\n\t\t\t\t<\/div>\n\t\t\t\t\t<\/div>\n\t\t<\/div>\n\t\t\t\t<div class=\"elementor-column elementor-col-50 elementor-inner-column elementor-element elementor-element-5efa590\" data-id=\"5efa590\" data-element_type=\"column\" data-e-type=\"column\">\n\t\t\t<div class=\"elementor-widget-wrap elementor-element-populated\">\n\t\t\t\t\t\t<div class=\"elementor-element elementor-element-b9b2c27 elementor-view-stacked elementor-shape-square elementor-position-inline-start elementor-mobile-position-block-start elementor-widget elementor-widget-icon-box\" data-id=\"b9b2c27\" data-element_type=\"widget\" data-e-type=\"widget\" data-widget_type=\"icon-box.default\">\n\t\t\t\t<div class=\"elementor-widget-container\">\n\t\t\t\t\t\t\t<div class=\"elementor-icon-box-wrapper\">\n\n\t\t\t\t\t\t<div class=\"elementor-icon-box-icon\">\n\t\t\t\t<span  class=\"elementor-icon\">\n\t\t\t\t<i aria-hidden=\"true\" class=\"fas fa-envelope\"><\/i>\t\t\t\t<\/span>\n\t\t\t<\/div>\n\t\t\t\n\t\t\t\t\t\t<div class=\"elementor-icon-box-content\">\n\n\t\t\t\t\t\t\t\t\t<h3 class=\"elementor-icon-box-title\">\n\t\t\t\t\t\t<span  >\n\t\t\t\t\t\t\tkguerra@alcogal.com\t\t\t\t\t\t<\/span>\n\t\t\t\t\t<\/h3>\n\t\t\t\t\n\t\t\t\t\n\t\t\t<\/div>\n\t\t\t\n\t\t<\/div>\n\t\t\t\t\t\t<\/div>\n\t\t\t\t<\/div>\n\t\t\t\t<div class=\"elementor-element elementor-element-e11959a elementor-view-stacked elementor-shape-square elementor-position-inline-start elementor-mobile-position-block-start elementor-widget elementor-widget-icon-box\" data-id=\"e11959a\" data-element_type=\"widget\" data-e-type=\"widget\" data-widget_type=\"icon-box.default\">\n\t\t\t\t<div class=\"elementor-widget-container\">\n\t\t\t\t\t\t\t<div class=\"elementor-icon-box-wrapper\">\n\n\t\t\t\t\t\t<div class=\"elementor-icon-box-icon\">\n\t\t\t\t<span  class=\"elementor-icon\">\n\t\t\t\t<i aria-hidden=\"true\" class=\"fas fa-phone-alt\"><\/i>\t\t\t\t<\/span>\n\t\t\t<\/div>\n\t\t\t\n\t\t\t\t\t\t<div class=\"elementor-icon-box-content\">\n\n\t\t\t\t\t\t\t\t\t<h3 class=\"elementor-icon-box-title\">\n\t\t\t\t\t\t<span  >\n\t\t\t\t\t\t\t+(507) 269-2620\t\t\t\t\t\t<\/span>\n\t\t\t\t\t<\/h3>\n\t\t\t\t\n\t\t\t\t\n\t\t\t<\/div>\n\t\t\t\n\t\t<\/div>\n\t\t\t\t\t\t<\/div>\n\t\t\t\t<\/div>\n\t\t\t\t<div class=\"elementor-element elementor-element-e896113 elementor-view-stacked elementor-shape-square elementor-position-inline-start elementor-mobile-position-block-start elementor-widget elementor-widget-icon-box\" data-id=\"e896113\" data-element_type=\"widget\" data-e-type=\"widget\" data-widget_type=\"icon-box.default\">\n\t\t\t\t<div class=\"elementor-widget-container\">\n\t\t\t\t\t\t\t<div class=\"elementor-icon-box-wrapper\">\n\n\t\t\t\t\t\t<div class=\"elementor-icon-box-icon\">\n\t\t\t\t<span  class=\"elementor-icon\">\n\t\t\t\t<i aria-hidden=\"true\" class=\"fas fa-user-alt\"><\/i>\t\t\t\t<\/span>\n\t\t\t<\/div>\n\t\t\t\n\t\t\t\t\t\t<div class=\"elementor-icon-box-content\">\n\n\t\t\t\t\t\t\t\t\t<h3 class=\"elementor-icon-box-title\">\n\t\t\t\t\t\t<span  >\n\t\t\t\t\t\t\tAsociada J\u00fanior\t\t\t\t\t\t<\/span>\n\t\t\t\t\t<\/h3>\n\t\t\t\t\n\t\t\t\t\n\t\t\t<\/div>\n\t\t\t\n\t\t<\/div>\n\t\t\t\t\t\t<\/div>\n\t\t\t\t<\/div>\n\t\t\t\t<div class=\"elementor-element elementor-element-62ae73d elementor-view-stacked elementor-shape-square elementor-position-inline-start elementor-mobile-position-block-start elementor-widget elementor-widget-icon-box\" data-id=\"62ae73d\" data-element_type=\"widget\" data-e-type=\"widget\" data-widget_type=\"icon-box.default\">\n\t\t\t\t<div class=\"elementor-widget-container\">\n\t\t\t\t\t\t\t<div class=\"elementor-icon-box-wrapper\">\n\n\t\t\t\t\t\t<div class=\"elementor-icon-box-icon\">\n\t\t\t\t<span  class=\"elementor-icon\">\n\t\t\t\t<i aria-hidden=\"true\" class=\"fas fa-map-marker-alt\"><\/i>\t\t\t\t<\/span>\n\t\t\t<\/div>\n\t\t\t\n\t\t\t\t\t\t<div class=\"elementor-icon-box-content\">\n\n\t\t\t\t\t\t\t\t\t<h3 class=\"elementor-icon-box-title\">\n\t\t\t\t\t\t<span  >\n\t\t\t\t\t\t\tCiudad de Panam\u00e1\t\t\t\t\t\t<\/span>\n\t\t\t\t\t<\/h3>\n\t\t\t\t\n\t\t\t\t\n\t\t\t<\/div>\n\t\t\t\n\t\t<\/div>\n\t\t\t\t\t\t<\/div>\n\t\t\t\t<\/div>\n\t\t\t\t\t<\/div>\n\t\t<\/div>\n\t\t\t\t\t<\/div>\n\t\t<\/section>\n\t\t\t\t\t<\/div>\n\t\t<\/div>\n\t\t\t\t<div class=\"elementor-column elementor-col-33 elementor-top-column elementor-element elementor-element-1713e21\" data-id=\"1713e21\" data-element_type=\"column\" data-e-type=\"column\" data-settings=\"{&quot;background_background&quot;:&quot;classic&quot;}\">\n\t\t\t<div class=\"elementor-widget-wrap elementor-element-populated\">\n\t\t\t\t\t\t<div class=\"elementor-element elementor-element-a453af8 elementor-widget elementor-widget-heading\" data-id=\"a453af8\" data-element_type=\"widget\" data-e-type=\"widget\" data-widget_type=\"heading.default\">\n\t\t\t\t<div class=\"elementor-widget-container\">\n\t\t\t\t\t<h3 class=\"elementor-heading-title elementor-size-default\">\u00c1reas de pr\u00e1ctica\u200b<\/h3>\t\t\t\t<\/div>\n\t\t\t\t<\/div>\n\t\t\t\t<div class=\"elementor-element elementor-element-99cce91 elementor-icon-list--layout-traditional elementor-list-item-link-full_width elementor-widget elementor-widget-icon-list\" data-id=\"99cce91\" data-element_type=\"widget\" data-e-type=\"widget\" data-widget_type=\"icon-list.default\">\n\t\t\t\t<div class=\"elementor-widget-container\">\n\t\t\t\t\t\t\t<ul class=\"elementor-icon-list-items\">\n\t\t\t\t\t\t\t<li class=\"elementor-icon-list-item\">\n\t\t\t\t\t\t\t\t\t\t\t<a href=\"https:\/\/alcogal.com\/es\/abogados-de-litigios-en-panama\/\">\n\n\t\t\t\t\t\t\t\t\t\t\t\t<span class=\"elementor-icon-list-icon\">\n\t\t\t\t\t\t\t<i aria-hidden=\"true\" class=\"fas fa-circle\"><\/i>\t\t\t\t\t\t<\/span>\n\t\t\t\t\t\t\t\t\t\t<span class=\"elementor-icon-list-text\">Litigios<\/span>\n\t\t\t\t\t\t\t\t\t\t\t<\/a>\n\t\t\t\t\t\t\t\t\t<\/li>\n\t\t\t\t\t\t<\/ul>\n\t\t\t\t\t\t<\/div>\n\t\t\t\t<\/div>\n\t\t\t\t<div class=\"elementor-element elementor-element-bcd468f elementor-widget elementor-widget-heading\" data-id=\"bcd468f\" data-element_type=\"widget\" data-e-type=\"widget\" data-widget_type=\"heading.default\">\n\t\t\t\t<div class=\"elementor-widget-container\">\n\t\t\t\t\t<h3 class=\"elementor-heading-title elementor-size-default\">Admisi\u00f3n<\/h3>\t\t\t\t<\/div>\n\t\t\t\t<\/div>\n\t\t\t\t<div class=\"elementor-element elementor-element-6f73923 elementor-icon-list--layout-traditional elementor-list-item-link-full_width elementor-widget elementor-widget-icon-list\" data-id=\"6f73923\" data-element_type=\"widget\" data-e-type=\"widget\" data-widget_type=\"icon-list.default\">\n\t\t\t\t<div class=\"elementor-widget-container\">\n\t\t\t\t\t\t\t<ul class=\"elementor-icon-list-items\">\n\t\t\t\t\t\t\t<li class=\"elementor-icon-list-item\">\n\t\t\t\t\t\t\t\t\t\t\t<span class=\"elementor-icon-list-icon\">\n\t\t\t\t\t\t\t<i aria-hidden=\"true\" class=\"fas fa-circle\"><\/i>\t\t\t\t\t\t<\/span>\n\t\t\t\t\t\t\t\t\t\t<span class=\"elementor-icon-list-text\">Panam\u00e1, 2017<\/span>\n\t\t\t\t\t\t\t\t\t<\/li>\n\t\t\t\t\t\t<\/ul>\n\t\t\t\t\t\t<\/div>\n\t\t\t\t<\/div>\n\t\t\t\t<div class=\"elementor-element elementor-element-3a53414 elementor-widget elementor-widget-heading\" data-id=\"3a53414\" data-element_type=\"widget\" data-e-type=\"widget\" data-widget_type=\"heading.default\">\n\t\t\t\t<div class=\"elementor-widget-container\">\n\t\t\t\t\t<h3 class=\"elementor-heading-title elementor-size-default\">Idiomas<\/h3>\t\t\t\t<\/div>\n\t\t\t\t<\/div>\n\t\t\t\t<div class=\"elementor-element elementor-element-3769780 elementor-icon-list--layout-traditional elementor-list-item-link-full_width elementor-widget elementor-widget-icon-list\" data-id=\"3769780\" data-element_type=\"widget\" data-e-type=\"widget\" data-widget_type=\"icon-list.default\">\n\t\t\t\t<div class=\"elementor-widget-container\">\n\t\t\t\t\t\t\t<ul class=\"elementor-icon-list-items\">\n\t\t\t\t\t\t\t<li class=\"elementor-icon-list-item\">\n\t\t\t\t\t\t\t\t\t\t\t<span class=\"elementor-icon-list-icon\">\n\t\t\t\t\t\t\t<i aria-hidden=\"true\" class=\"fas fa-circle\"><\/i>\t\t\t\t\t\t<\/span>\n\t\t\t\t\t\t\t\t\t\t<span class=\"elementor-icon-list-text\">Espa\u00f1ol<\/span>\n\t\t\t\t\t\t\t\t\t<\/li>\n\t\t\t\t\t\t\t\t<li class=\"elementor-icon-list-item\">\n\t\t\t\t\t\t\t\t\t\t\t<span class=\"elementor-icon-list-icon\">\n\t\t\t\t\t\t\t<i aria-hidden=\"true\" class=\"fas fa-circle\"><\/i>\t\t\t\t\t\t<\/span>\n\t\t\t\t\t\t\t\t\t\t<span class=\"elementor-icon-list-text\">Ingl\u00e9s<\/span>\n\t\t\t\t\t\t\t\t\t<\/li>\n\t\t\t\t\t\t<\/ul>\n\t\t\t\t\t\t<\/div>\n\t\t\t\t<\/div>\n\t\t\t\t\t<\/div>\n\t\t<\/div>\n\t\t\t\t\t<\/div>\n\t\t<\/section>\n\t\t\t\t<section class=\"elementor-section elementor-top-section elementor-element elementor-element-6e627b7 elementor-section-boxed elementor-section-height-default elementor-section-height-default\" data-id=\"6e627b7\" data-element_type=\"section\" data-e-type=\"section\">\n\t\t\t\t\t\t<div class=\"elementor-container elementor-column-gap-default\">\n\t\t\t\t\t<div class=\"elementor-column elementor-col-100 elementor-top-column elementor-element elementor-element-a037d21\" data-id=\"a037d21\" data-element_type=\"column\" data-e-type=\"column\">\n\t\t\t<div class=\"elementor-widget-wrap elementor-element-populated\">\n\t\t\t\t\t\t<div class=\"elementor-element elementor-element-f375b06 elementor-widget elementor-widget-text-editor\" data-id=\"f375b06\" data-element_type=\"widget\" data-e-type=\"widget\" data-widget_type=\"text-editor.default\">\n\t\t\t\t<div class=\"elementor-widget-container\">\n\t\t\t\t\t\t\t\t\t<h3>Educaci\u00f3n<\/h3>\n<ul>\n<li>Licenciatura en Derecho y Ciencias Pol\u00edticas, Universidad de Panam\u00e1, Ciudad de Panam\u00e1, Rep. de Panam\u00e1 (2015)<\/li>\n<\/ul>\n<h3>Experiencia<\/h3>\n<ul>\n<li>Asociada J\u00fanior en Alem\u00e1n, Cordero, Galindo &amp; Lee (2022 \u2013 presente)<\/li>\n<li>Gestor Legal del Departamento Civil de Litigios en Alem\u00e1n, Cordero, Galindo &amp; Lee (2018-2021)<\/li>\n<li>Asistente Legal en Alem\u00e1n, Cordero, Galindo &amp; Lee (2015-2018)<\/li>\n<\/ul>\t\t\t\t\t\t\t\t<\/div>\n\t\t\t\t<\/div>\n\t\t\t\t\t<\/div>\n\t\t<\/div>\n\t\t\t\t\t<\/div>\n\t\t<\/section>\n\t\t\t\t<\/div>\n\t\t","protected":false},"excerpt":{"rendered":"<p>KIMBERLY GUERRA kguerra@alcogal.com +(507) 269-2620 Asociada J\u00fanior Ciudad de Panam\u00e1 \u00c1reas de pr\u00e1ctica\u200b Litigios Admisi\u00f3n Panam\u00e1, 2017 Idiomas Espa\u00f1ol Ingl\u00e9s Educaci\u00f3n Licenciatura en Derecho y Ciencias Pol\u00edticas, Universidad de Panam\u00e1, Ciudad de Panam\u00e1, Rep. de Panam\u00e1 (2015) Experiencia Asociada J\u00fanior en Alem\u00e1n, Cordero, Galindo &amp; Lee (2022 \u2013 presente) Gestor Legal del Departamento Civil de &hellip;<\/p>\n<p class=\"read-more\"> <a class=\"\" href=\"https:\/\/alcogal.com\/es\/abogados-3\/kimberly-guerra\/\"> <span class=\"screen-reader-text\">Kimberly Guerra<\/span> Leer m\u00e1s &raquo;<\/a><\/p>\n","protected":false},"author":1,"featured_media":0,"parent":11783,"menu_order":0,"comment_status":"closed","ping_status":"closed","template":"","meta":{"_acf_changed":false,"site-sidebar-layout":"no-sidebar","site-content-layout":"page-builder","ast-site-content-layout":"","site-content-style":"default","site-sidebar-style":"default","ast-global-header-display":"","ast-banner-title-visibility":"","ast-main-header-display":"","ast-hfb-above-header-display":"","ast-hfb-below-header-display":"","ast-hfb-mobile-header-display":"","site-post-title":"disabled","ast-breadcrumbs-content":"","ast-featured-img":"disabled","footer-sml-layout":"","theme-transparent-header-meta":"default","adv-header-id-meta":"","stick-header-meta":"","header-above-stick-meta":"","header-main-stick-meta":"","header-below-stick-meta":"","astra-migrate-meta-layouts":"","footnotes":""},"class_list":["post-15069","page","type-page","status-publish","hentry"],"acf":[],"yoast_head":"<!-- This site is optimized with the Yoast SEO Premium plugin v27.2 (Yoast SEO v27.2) - https:\/\/yoast.com\/product\/yoast-seo-premium-wordpress\/ -->\n<title>Kimberly Guerra | Alem\u00e1n, Cordero, Galindo &amp; Lee<\/title>\n<meta name=\"robots\" content=\"index, follow, max-snippet:-1, max-image-preview:large, max-video-preview:-1\" \/>\n<link rel=\"canonical\" href=\"https:\/\/alcogal.com\/es\/abogados-3\/kimberly-guerra\/\" \/>\n<meta property=\"og:locale\" content=\"es_ES\" \/>\n<meta property=\"og:type\" content=\"article\" \/>\n<meta property=\"og:title\" content=\"Kimberly Guerra\" \/>\n<meta property=\"og:description\" content=\"KIMBERLY GUERRA kguerra@alcogal.com +(507) 269-2620 Asociada J\u00fanior Ciudad de Panam\u00e1 \u00c1reas de pr\u00e1ctica\u200b Litigios Admisi\u00f3n Panam\u00e1, 2017 Idiomas Espa\u00f1ol Ingl\u00e9s Educaci\u00f3n Licenciatura en Derecho y Ciencias Pol\u00edticas, Universidad de Panam\u00e1, Ciudad de Panam\u00e1, Rep. de Panam\u00e1 (2015) Experiencia Asociada J\u00fanior en Alem\u00e1n, Cordero, Galindo &amp; Lee (2022 \u2013 presente) Gestor Legal del Departamento Civil de &hellip; Kimberly Guerra Leer m\u00e1s &raquo;\" \/>\n<meta property=\"og:url\" content=\"https:\/\/alcogal.com\/es\/abogados-3\/kimberly-guerra\/\" \/>\n<meta property=\"og:site_name\" content=\"Alem\u00e1n, Cordero, Galindo &amp; Lee\" \/>\n<meta property=\"article:publisher\" content=\"https:\/\/www.facebook.com\/AlcogalAbogados\/\" \/>\n<meta property=\"article:modified_time\" content=\"2026-03-09T21:54:21+00:00\" \/>\n<meta property=\"og:image\" content=\"https:\/\/alcogal.com\/wp-content\/uploads\/2026\/03\/kimberly-guerra.webp\" \/>\n<meta name=\"twitter:card\" content=\"summary_large_image\" \/>\n<meta name=\"twitter:site\" content=\"@alcogalabogados\" \/>\n<meta name=\"twitter:label1\" content=\"Tiempo de lectura\" \/>\n\t<meta name=\"twitter:data1\" content=\"1 minuto\" \/>\n<script type=\"application\/ld+json\" class=\"yoast-schema-graph\">{\"@context\":\"https:\/\/schema.org\",\"@graph\":[{\"@type\":\"WebPage\",\"@id\":\"https:\/\/alcogal.com\/es\/abogados-3\/kimberly-guerra\/\",\"url\":\"https:\/\/alcogal.com\/es\/abogados-3\/kimberly-guerra\/\",\"name\":\"Kimberly Guerra | Alem\u00e1n, Cordero, Galindo &amp; Lee\",\"isPartOf\":{\"@id\":\"https:\/\/alcogal.com\/es\/#website\"},\"primaryImageOfPage\":{\"@id\":\"https:\/\/alcogal.com\/es\/abogados-3\/kimberly-guerra\/#primaryimage\"},\"image\":{\"@id\":\"https:\/\/alcogal.com\/es\/abogados-3\/kimberly-guerra\/#primaryimage\"},\"thumbnailUrl\":\"https:\/\/alcogal.com\/wp-content\/uploads\/2026\/03\/kimberly-guerra.webp\",\"datePublished\":\"2022-02-22T00:25:13+00:00\",\"dateModified\":\"2026-03-09T21:54:21+00:00\",\"breadcrumb\":{\"@id\":\"https:\/\/alcogal.com\/es\/abogados-3\/kimberly-guerra\/#breadcrumb\"},\"inLanguage\":\"es\",\"potentialAction\":[{\"@type\":\"ReadAction\",\"target\":[\"https:\/\/alcogal.com\/es\/abogados-3\/kimberly-guerra\/\"]}]},{\"@type\":\"ImageObject\",\"inLanguage\":\"es\",\"@id\":\"https:\/\/alcogal.com\/es\/abogados-3\/kimberly-guerra\/#primaryimage\",\"url\":\"https:\/\/alcogal.com\/wp-content\/uploads\/2026\/03\/kimberly-guerra.webp\",\"contentUrl\":\"https:\/\/alcogal.com\/wp-content\/uploads\/2026\/03\/kimberly-guerra.webp\"},{\"@type\":\"BreadcrumbList\",\"@id\":\"https:\/\/alcogal.com\/es\/abogados-3\/kimberly-guerra\/#breadcrumb\",\"itemListElement\":[{\"@type\":\"ListItem\",\"position\":1,\"name\":\"Home\",\"item\":\"https:\/\/alcogal.com\/es\/\"},{\"@type\":\"ListItem\",\"position\":2,\"name\":\"Abogados\",\"item\":\"https:\/\/alcogal.com\/es\/abogados-3\/\"},{\"@type\":\"ListItem\",\"position\":3,\"name\":\"Kimberly Guerra\"}]},{\"@type\":\"WebSite\",\"@id\":\"https:\/\/alcogal.com\/es\/#website\",\"url\":\"https:\/\/alcogal.com\/es\/\",\"name\":\"Alem\u00e1n, Cordero, Galindo & Lee - Firma de Abogados en Panam\u00e1\",\"description\":\"Firma de Abogados en Panam\u00e1\",\"publisher\":{\"@id\":\"https:\/\/alcogal.com\/es\/#organization\"},\"alternateName\":\"Alcogal\",\"potentialAction\":[{\"@type\":\"SearchAction\",\"target\":{\"@type\":\"EntryPoint\",\"urlTemplate\":\"https:\/\/alcogal.com\/es\/?s={search_term_string}\"},\"query-input\":{\"@type\":\"PropertyValueSpecification\",\"valueRequired\":true,\"valueName\":\"search_term_string\"}}],\"inLanguage\":\"es\"},{\"@type\":\"Organization\",\"@id\":\"https:\/\/alcogal.com\/es\/#organization\",\"name\":\"Aleman, Cordero, Galindo & Lee\",\"alternateName\":\"Alcogal\",\"url\":\"https:\/\/alcogal.com\/es\/\",\"logo\":{\"@type\":\"ImageObject\",\"inLanguage\":\"es\",\"@id\":\"https:\/\/alcogal.com\/es\/#\/schema\/logo\/image\/\",\"url\":\"https:\/\/alcogal.com\/wp-content\/uploads\/2025\/04\/logo-alcogal.png\",\"contentUrl\":\"https:\/\/alcogal.com\/wp-content\/uploads\/2025\/04\/logo-alcogal.png\",\"width\":696,\"height\":696,\"caption\":\"Aleman, Cordero, Galindo & Lee\"},\"image\":{\"@id\":\"https:\/\/alcogal.com\/es\/#\/schema\/logo\/image\/\"},\"sameAs\":[\"https:\/\/www.facebook.com\/AlcogalAbogados\/\",\"https:\/\/x.com\/alcogalabogados\",\"https:\/\/www.linkedin.com\/company\/alcogal\/\",\"https:\/\/www.instagram.com\/alcogalabogados\/\"],\"description\":\"Since our foundation in 1985, we have established ourselves as one of Panama\u2019s most prestigious law firms. We are a full-service firm with a team of lawyers who provide timely and efficient advice in all practice areas\",\"email\":\"contact@alcogal.com\",\"telephone\":\"+507 269-2620\",\"foundingDate\":\"1985-01-01\"}]}<\/script>\n<!-- \/ Yoast SEO Premium plugin. -->","yoast_head_json":{"title":"Kimberly Guerra | Alem\u00e1n, Cordero, Galindo &amp; Lee","robots":{"index":"index","follow":"follow","max-snippet":"max-snippet:-1","max-image-preview":"max-image-preview:large","max-video-preview":"max-video-preview:-1"},"canonical":"https:\/\/alcogal.com\/es\/abogados-3\/kimberly-guerra\/","og_locale":"es_ES","og_type":"article","og_title":"Kimberly Guerra","og_description":"KIMBERLY GUERRA kguerra@alcogal.com +(507) 269-2620 Asociada J\u00fanior Ciudad de Panam\u00e1 \u00c1reas de pr\u00e1ctica\u200b Litigios Admisi\u00f3n Panam\u00e1, 2017 Idiomas Espa\u00f1ol Ingl\u00e9s Educaci\u00f3n Licenciatura en Derecho y Ciencias Pol\u00edticas, Universidad de Panam\u00e1, Ciudad de Panam\u00e1, Rep. de Panam\u00e1 (2015) Experiencia Asociada J\u00fanior en Alem\u00e1n, Cordero, Galindo &amp; Lee (2022 \u2013 presente) Gestor Legal del Departamento Civil de &hellip; Kimberly Guerra Leer m\u00e1s &raquo;","og_url":"https:\/\/alcogal.com\/es\/abogados-3\/kimberly-guerra\/","og_site_name":"Alem\u00e1n, Cordero, Galindo &amp; Lee","article_publisher":"https:\/\/www.facebook.com\/AlcogalAbogados\/","article_modified_time":"2026-03-09T21:54:21+00:00","og_image":[{"url":"https:\/\/alcogal.com\/wp-content\/uploads\/2026\/03\/kimberly-guerra.webp","type":"","width":"","height":""}],"twitter_card":"summary_large_image","twitter_site":"@alcogalabogados","twitter_misc":{"Tiempo de lectura":"1 minuto"},"schema":{"@context":"https:\/\/schema.org","@graph":[{"@type":"WebPage","@id":"https:\/\/alcogal.com\/es\/abogados-3\/kimberly-guerra\/","url":"https:\/\/alcogal.com\/es\/abogados-3\/kimberly-guerra\/","name":"Kimberly Guerra | Alem\u00e1n, Cordero, Galindo &amp; Lee","isPartOf":{"@id":"https:\/\/alcogal.com\/es\/#website"},"primaryImageOfPage":{"@id":"https:\/\/alcogal.com\/es\/abogados-3\/kimberly-guerra\/#primaryimage"},"image":{"@id":"https:\/\/alcogal.com\/es\/abogados-3\/kimberly-guerra\/#primaryimage"},"thumbnailUrl":"https:\/\/alcogal.com\/wp-content\/uploads\/2026\/03\/kimberly-guerra.webp","datePublished":"2022-02-22T00:25:13+00:00","dateModified":"2026-03-09T21:54:21+00:00","breadcrumb":{"@id":"https:\/\/alcogal.com\/es\/abogados-3\/kimberly-guerra\/#breadcrumb"},"inLanguage":"es","potentialAction":[{"@type":"ReadAction","target":["https:\/\/alcogal.com\/es\/abogados-3\/kimberly-guerra\/"]}]},{"@type":"ImageObject","inLanguage":"es","@id":"https:\/\/alcogal.com\/es\/abogados-3\/kimberly-guerra\/#primaryimage","url":"https:\/\/alcogal.com\/wp-content\/uploads\/2026\/03\/kimberly-guerra.webp","contentUrl":"https:\/\/alcogal.com\/wp-content\/uploads\/2026\/03\/kimberly-guerra.webp"},{"@type":"BreadcrumbList","@id":"https:\/\/alcogal.com\/es\/abogados-3\/kimberly-guerra\/#breadcrumb","itemListElement":[{"@type":"ListItem","position":1,"name":"Home","item":"https:\/\/alcogal.com\/es\/"},{"@type":"ListItem","position":2,"name":"Abogados","item":"https:\/\/alcogal.com\/es\/abogados-3\/"},{"@type":"ListItem","position":3,"name":"Kimberly Guerra"}]},{"@type":"WebSite","@id":"https:\/\/alcogal.com\/es\/#website","url":"https:\/\/alcogal.com\/es\/","name":"Alem\u00e1n, Cordero, Galindo & Lee - Firma de Abogados en Panam\u00e1","description":"Firma de Abogados en Panam\u00e1","publisher":{"@id":"https:\/\/alcogal.com\/es\/#organization"},"alternateName":"Alcogal","potentialAction":[{"@type":"SearchAction","target":{"@type":"EntryPoint","urlTemplate":"https:\/\/alcogal.com\/es\/?s={search_term_string}"},"query-input":{"@type":"PropertyValueSpecification","valueRequired":true,"valueName":"search_term_string"}}],"inLanguage":"es"},{"@type":"Organization","@id":"https:\/\/alcogal.com\/es\/#organization","name":"Aleman, Cordero, Galindo & Lee","alternateName":"Alcogal","url":"https:\/\/alcogal.com\/es\/","logo":{"@type":"ImageObject","inLanguage":"es","@id":"https:\/\/alcogal.com\/es\/#\/schema\/logo\/image\/","url":"https:\/\/alcogal.com\/wp-content\/uploads\/2025\/04\/logo-alcogal.png","contentUrl":"https:\/\/alcogal.com\/wp-content\/uploads\/2025\/04\/logo-alcogal.png","width":696,"height":696,"caption":"Aleman, Cordero, Galindo & Lee"},"image":{"@id":"https:\/\/alcogal.com\/es\/#\/schema\/logo\/image\/"},"sameAs":["https:\/\/www.facebook.com\/AlcogalAbogados\/","https:\/\/x.com\/alcogalabogados","https:\/\/www.linkedin.com\/company\/alcogal\/","https:\/\/www.instagram.com\/alcogalabogados\/"],"description":"Since our foundation in 1985, we have established ourselves as one of Panama\u2019s most prestigious law firms. We are a full-service firm with a team of lawyers who provide timely and efficient advice in all practice areas","email":"contact@alcogal.com","telephone":"+507 269-2620","foundingDate":"1985-01-01"}]}},"jetpack_sharing_enabled":true,"_links":{"self":[{"href":"https:\/\/alcogal.com\/es\/wp-json\/wp\/v2\/pages\/15069","targetHints":{"allow":["GET"]}}],"collection":[{"href":"https:\/\/alcogal.com\/es\/wp-json\/wp\/v2\/pages"}],"about":[{"href":"https:\/\/alcogal.com\/es\/wp-json\/wp\/v2\/types\/page"}],"author":[{"embeddable":true,"href":"https:\/\/alcogal.com\/es\/wp-json\/wp\/v2\/users\/1"}],"replies":[{"embeddable":true,"href":"https:\/\/alcogal.com\/es\/wp-json\/wp\/v2\/comments?post=15069"}],"version-history":[{"count":16,"href":"https:\/\/alcogal.com\/es\/wp-json\/wp\/v2\/pages\/15069\/revisions"}],"predecessor-version":[{"id":23157,"href":"https:\/\/alcogal.com\/es\/wp-json\/wp\/v2\/pages\/15069\/revisions\/23157"}],"up":[{"embeddable":true,"href":"https:\/\/alcogal.com\/es\/wp-json\/wp\/v2\/pages\/11783"}],"wp:attachment":[{"href":"https:\/\/alcogal.com\/es\/wp-json\/wp\/v2\/media?parent=15069"}],"curies":[{"name":"wp","href":"https:\/\/api.w.org\/{rel}","templated":true}]}}