{"id":12620,"date":"2021-10-13T05:55:23","date_gmt":"2021-10-13T05:55:23","guid":{"rendered":"https:\/\/alcogal.com\/\/?page_id=12620"},"modified":"2022-07-07T11:07:24","modified_gmt":"2022-07-07T16:07:24","slug":"politica-de-privacidad","status":"publish","type":"page","link":"https:\/\/alcogal.com\/es\/politica-de-privacidad\/","title":{"rendered":"Pol\u00edtica de Privacidad"},"content":{"rendered":"\t\t<div data-elementor-type=\"wp-page\" data-elementor-id=\"12620\" class=\"elementor elementor-12620 elementor-12615\" data-elementor-post-type=\"page\">\n\t\t\t\t\t\t<section class=\"elementor-section elementor-top-section elementor-element elementor-element-215ef79 elementor-section-boxed elementor-section-height-default elementor-section-height-default\" data-id=\"215ef79\" data-element_type=\"section\" data-e-type=\"section\">\n\t\t\t\t\t\t<div class=\"elementor-container elementor-column-gap-default\">\n\t\t\t\t\t<div class=\"elementor-column elementor-col-100 elementor-top-column elementor-element elementor-element-aec34c7\" data-id=\"aec34c7\" data-element_type=\"column\" data-e-type=\"column\">\n\t\t\t<div class=\"elementor-widget-wrap elementor-element-populated\">\n\t\t\t\t\t\t<div class=\"elementor-element elementor-element-b98c58b elementor-widget elementor-widget-heading\" data-id=\"b98c58b\" data-element_type=\"widget\" data-e-type=\"widget\" data-widget_type=\"heading.default\">\n\t\t\t\t<div class=\"elementor-widget-container\">\n\t\t\t\t\t<h2 class=\"elementor-heading-title elementor-size-default\">Pol\u00edtica de Privacidad<\/h2>\t\t\t\t<\/div>\n\t\t\t\t<\/div>\n\t\t\t\t\t<\/div>\n\t\t<\/div>\n\t\t\t\t\t<\/div>\n\t\t<\/section>\n\t\t\t\t<section class=\"elementor-section elementor-top-section elementor-element elementor-element-4f0a470 elementor-section-boxed elementor-section-height-default elementor-section-height-default\" data-id=\"4f0a470\" data-element_type=\"section\" data-e-type=\"section\">\n\t\t\t\t\t\t<div class=\"elementor-container elementor-column-gap-default\">\n\t\t\t\t\t<div class=\"elementor-column elementor-col-100 elementor-top-column elementor-element elementor-element-7f3e27f\" data-id=\"7f3e27f\" data-element_type=\"column\" data-e-type=\"column\">\n\t\t\t<div class=\"elementor-widget-wrap elementor-element-populated\">\n\t\t\t\t\t\t<div class=\"elementor-element elementor-element-ad3d735 elementor-widget elementor-widget-text-editor\" data-id=\"ad3d735\" data-element_type=\"widget\" data-e-type=\"widget\" data-widget_type=\"text-editor.default\">\n\t\t\t\t<div class=\"elementor-widget-container\">\n\t\t\t\t\t\t\t\t\t<p>ALEM\u00c1N, CORDERO, GALINDO &amp; LEE (\u201cAlcogal\u201d) toma muy en serio sus responsabilidades de protecci\u00f3n de datos y de seguridad de la informaci\u00f3n. El manejo efectivo de todos los datos personales, incluyendo su seguridad y confidencialidad, yace en el centro de nuestra empresa y sustenta nuestras pol\u00edticas y procedimientos. Esto no solo est\u00e1 condicionado a la legislaci\u00f3n de protecci\u00f3n de datos, sino que tambi\u00e9n est\u00e1 impulsado por nuestro compromiso a nuestros clientes y para lograr las expectativas de contar con pol\u00edticas y procedimientos robustos de cumplimiento y de manejo de riesgo.<\/p><p>A trav\u00e9s de esta pol\u00edtica de privacidad, nos gustar\u00eda informarle acerca del procesamiento de su informaci\u00f3n personal en el contexto de su visita a y del uso de este sitio en la red y en el curso de nuestros negocios.<\/p><p>En nuestra calidad de empresa con afiliados y clientela internacional, pudi\u00e9ramos estar sujetos a varios requisitos de legislaci\u00f3n de protecci\u00f3n de datos en diferentes jurisdicciones. Aunque nuestro enfoque en la protecci\u00f3n de datos de toda nuestra empresa aspira a ser tan consistente como sea posible y a coincidir con todas las leyes aplicables, los requisitos espec\u00edficos, los derechos y las obligaciones relativas a los datos personales y\/o a nuestras actividades de procesamiento de datos pueden ser diferentes. Las siguientes descripciones de procesamiento de datos, derechos y obligaciones y, en particular las limitaciones al procesamiento de datos aplican dentro del \u00e1mbito de aplicabilidad de las Normas de Protecci\u00f3n de Datos Generales de EU 2016\/679 (\u201cGDPR\u201d por sus siglas en ingl\u00e9s). En jurisdicciones donde operamos con legislaci\u00f3n de protecci\u00f3n de datos substancialmente diferente al GDPR (como en la Rep\u00fablica de Panam\u00e1), estas descripciones, derechos y obligaciones y limitaciones al procesamiento no necesariamente se aplican, y nada en esta Pol\u00edtica puede ser interpretado para establecer derechos u obligaciones que vayan mas all\u00e1 de lo que la respectiva legislaci\u00f3n de protecci\u00f3n de datos aplicable estipule.<\/p><p>Esta pol\u00edtica es adem\u00e1s de, y no releva, elimina o reemplaza, nuestros derechos y responsabilidades bajo las leyes aplicables. En caso de haber conflicto entre una provisi\u00f3n o un requisito de las leyes aplicables y una provisi\u00f3n de esta Pol\u00edtica, las primeras tendr\u00e1n precedencia.<\/p><h2><strong>Qui\u00e9nes somos<\/strong><\/h2><p>Alcogal es un bufete de abogados con sede en la Rep\u00fablica de Panam\u00e1. Alcogal controla la recopilaci\u00f3n y el procesamiento de cualquier informaci\u00f3n personal que usted nos proporcione. Donde los servicios son proporcionados por otras entidades dentro de nuestro grupo, la entidad que proporciona el servicio ser\u00e1 la responsable de su informaci\u00f3n personal. Este aviso se aplica a todas estas entidades.<\/p><h2><strong>Informaci\u00f3n personal que recopilamos<\/strong><\/h2><p>\u201cInformaci\u00f3n personal\u201d se refiere a cualquier informaci\u00f3n relacionada a usted y que lo identifique ya sea directamente a trav\u00e9s de esta informaci\u00f3n, o indirectamente por referencia a otra informaci\u00f3n a la cual tenemos acceso. La informaci\u00f3n personal que recopilamos y c\u00f3mo la recopilamos depende de c\u00f3mo usted interact\u00faa con nosotros. Las categor\u00edas de informaci\u00f3n personal que nosotros recopilamos incluyen:<\/p><ul><li>Informaci\u00f3n b\u00e1sica, como su nombre, la compa\u00f1\u00eda para la cual trabaja, su t\u00edtulo o posici\u00f3n y su relaci\u00f3n con una persona<\/li><li>Informaci\u00f3n de contacto, como su direcci\u00f3n postal, su direcci\u00f3n de correo electr\u00f3nico y su(s) n\u00famero(s) de tel\u00e9fono<\/li><li>Informaci\u00f3n de facturaci\u00f3n y financiera, como direcci\u00f3n de facturaci\u00f3n, cuenta bancaria e informaci\u00f3n de pago<\/li><li>Informaci\u00f3n t\u00e9cnica, como informaci\u00f3n de sus visitas a nuestro sitio en la red o a aplicaciones, o relacionada a los materiales y a las comunicaciones que nosotros le enviamos electr\u00f3nicamente<\/li><li>Informaci\u00f3n que usted nos proporcione para prop\u00f3sitos de su asistencia a reuniones y a eventos, incluyendo requisitos de acceso y diet\u00e9ticos<\/li><li>Informaci\u00f3n proporcionada por usted sobre su identificaci\u00f3n y antecedentes, o recopilada como parte del proceso de aceptaci\u00f3n de nuestra empresa<\/li><li>Informaci\u00f3n personal proporcionada a nosotros por o de parte de nuestros clientes, o generada por nosotros durante el curso de suministrarles servicios a ellos, lo que pudiera incluir categor\u00edas especiales de datos<\/li><li>Cualquier informaci\u00f3n relativa a usted, que usted pudiera suministrarnos a nosotros<\/li><\/ul><h2><strong>C\u00f3mo obtenemos su informaci\u00f3n personal <\/strong><\/h2><ul><li>Recopilamos informaci\u00f3n de usted como parte de los procesos de aceptaci\u00f3n de nuestra empresa, y acerca de usted y de otros, de ser necesario durante el curso de suministro de servicios legales<\/li><li>Recopilamos su informaci\u00f3n personal al monitorear nuestras herramientas y servicios de tecnolog\u00eda, incluyendo nuestros sitios en la red y las comunicaciones de correo electr\u00f3nico enviados a y de Alcogal<\/li><li>Obtenemos informaci\u00f3n sobre usted cuando usted nos la proporciona, o cuando interact\u00faa directamente con nosotros, por ejemplo, al participar con nuestro personal o al inscribirse en una de nuestras plataformas o aplicaciones digitales<\/li><li>Pudi\u00e9ramos recopilar o recibir informaci\u00f3n acerca de usted provenientes de otras fuentes, como al mantener correctos y actualizados los detalles de contacto que ya tenemos sobre usted utilizando fuentes disponibles p\u00fablicamente<\/li><\/ul><h2><strong>C\u00f3mo utilizamos su informaci\u00f3n personal<\/strong><\/h2><p>Solamente utilizaremos su informaci\u00f3n personal justamente y cuando haya una raz\u00f3n legal para hacerlo.<\/p><p>Se nos permite utilizar su informaci\u00f3n personal si tenemos su consentimiento o si se aplica otra raz\u00f3n legalmente permitida. Estas incluyen celebrar un contrato con usted cuando tengamos un deber legal de cumplirlo, o cuando utilizar su informaci\u00f3n personal es en el inter\u00e9s leg\u00edtimo de nuestra empresa. Solamente podemos depender del inter\u00e9s leg\u00edtimo de nuestra empresa si es justo y razonable hacerlo.<\/p><p>Nuestro uso de su informaci\u00f3n personal pudiera depender de c\u00f3mo y d\u00f3nde usted interact\u00faa con nosotros.<\/p><p>Solamente procesaremos datos de categor\u00eda especial en los casos en los que el procesamiento es necesario para los prop\u00f3sitos de proporcionarle a nuestro cliente asesor\u00eda sobre obligaciones, o un individuo con asesor\u00eda respecto a sus derechos; o donde tengamos un deber legal de hacerlo; o donde es necesario hacerlo para establecer, ejercer o defender demandas legales.<\/p><h2><strong>Intercambio y transferencia de sus datos<\/strong><\/h2><p>Tratamos su informaci\u00f3n personal con respeto y no la intercambiamos con terceros excepto como descrito abajo.<\/p><ul><li>Pudi\u00e9ramos divulgar su informaci\u00f3n personal a otras entidades de Alcogal para el prop\u00f3sito de los procesos de nuestros negocios internos (como la administraci\u00f3n, debida diligencia y facturaci\u00f3n), y para el prop\u00f3sito de proporcionar asesor\u00eda y servicios legales.<\/li><li>Pudi\u00e9ramos divulgar informaci\u00f3n personal relativa a nuestros clientes, sus empleados y agentes a otros especialistas legales, incluyendo abogados, mediadores, intermediarios, asesores o expertos comprometidos en un asunto. Tambi\u00e9n pudi\u00e9ramos divulgar informaci\u00f3n personal a bufetes de abogados terceros para el prop\u00f3sito de obtener asesor\u00eda legal extranjera.<\/li><li>Pudi\u00e9ramos intercambiar informaci\u00f3n personal con nuestros distribuidores y proveedores de servicios incluyendo organizadores de eventos y socios, y producci\u00f3n de documentos y servicios de administraci\u00f3n<\/li><li>Pudi\u00e9ramos intercambiar informaci\u00f3n personal con las autoridades reguladoras y de orden p\u00fablico y con otras entidades gubernamentales, cuando sea necesario<\/li><li>Tambi\u00e9n pudi\u00e9ramos intercambiar su informaci\u00f3n personal cuando usted haya autorizado que lo hagamos<\/li><\/ul><p>Si usted es un individuo cuya informaci\u00f3n personal y el procesamiento de esa informaci\u00f3n personal est\u00e1n sujetos a la aplicaci\u00f3n de la GDPR, nosotros solamente transferiremos su informaci\u00f3n personal fuera de la regi\u00f3n europea bajo las siguientes circunstancias:<\/p><ul><li>Donde la transferencia sea a un pa\u00eds u otro territorio que la Comisi\u00f3n Europea (o alg\u00fan organismo equivalente de UK) determine que asegura un nivel adecuado de protecci\u00f3n de informaci\u00f3n personal<\/li><li>Con su consentimiento<\/li><li>En base a que la transferencia cumple con la GDPR y otras leyes aplicables.<\/li><\/ul><h2><strong>C\u00f3mo protegemos su informaci\u00f3n personal<\/strong><\/h2><p>Implementamos medidas de seguridad t\u00e9cnicas y de seguridad institucional razonables apropiadas para proteger su informaci\u00f3n personal contra cualquier proceso no autorizado o ilegal y contra cualquier p\u00e9rdida, destrucci\u00f3n o da\u00f1o accidental.<\/p><p>De tener alguna interrogante acerca de c\u00f3mo recopilamos, utilizamos, intercambiamos, transferimos o protegemos su informaci\u00f3n personal, por favor contacte a nuestro equipo de Privacidad de Datos <a href=\"mailto:dataprivacy@alcogal.com\">Data Privacy team<\/a>.<\/p><h2><strong>Custodia de su informaci\u00f3n personal<\/strong><\/h2><p>No mantenemos su informaci\u00f3n personal por mas tiempo del que sea necesario para cumplir con el prop\u00f3sito por el cual la recolectamos, o para cumplir con cualquier obligaci\u00f3n legal, normativa o de reporte, o para afirmar o defender contra demandas legales.<\/p><h2><strong>Sus derechos respecto a su informaci\u00f3n personal <\/strong><\/h2><p>Usted tiene ciertos derechos respecto a c\u00f3mo utilizamos y custodiamos su informaci\u00f3n personal:<\/p><ul><li>Usted puede requerir que nosotros actualicemos o corrijamos cualquier informaci\u00f3n personal err\u00f3nea o que completemos cualquier informaci\u00f3n personal incompleta concerniente a usted. Si lo hace, de ser necesario, tomaremos los pasos razonables para verificar la exactitud y para corregir la informaci\u00f3n. Por favor d\u00e9jenos saber si su informaci\u00f3n cambia para que podamos mantenerla actualizada y correcta;<\/li><li>Usted puede requerir que nosotros dejemos de procesar su informaci\u00f3n para prop\u00f3sitos de mercadeo directo; si usted retira su consentimiento pudiera ser que no podamos proporcionarle ciertos productos o servicios; y<\/li><li>Usted tiene el derecho de objetar nuestro uso de su informaci\u00f3n personal en forma mas general<\/li><\/ul><p>Usted tambi\u00e9n pudiera tener el derecho, en ciertas circunstancias, a:<\/p><ul><li>Que le den una copia de cualquier informaci\u00f3n que tengamos sobre usted, con cierta informaci\u00f3n relacionada. Hay excepciones a este derecho; por ejemplo, donde la informaci\u00f3n sea legalmente privilegiada o si el darle a usted la informaci\u00f3n revelar\u00eda informaci\u00f3n personal acerca de otra persona<\/li><li>Requerir que nosotros, sin retraso injustificado, eliminemos toda su informaci\u00f3n personal<\/li><li>\u201cRestringir\u201d nuestro uso de su informaci\u00f3n, de manera que solamente puede continuar sujeto a restricciones; y<\/li><li>Requerir que la informaci\u00f3n personal que usted ya nos ha proporcionado y que es procesada usando medios automatizados, basado en su consentimiento o en el desempe\u00f1o de un contrato con usted, le sea proporcionada en formato a m\u00e1quina legible de manera que pueda ser \u201ctransferida\u201d a un proveedor de servicio sustituto.<\/li><\/ul><p>Usted puede ejercer los derechos anteriores, donde se aplique, contactando a nuestro equipo de Privacidad de Datos <a href=\"mailto:dataprivacy@alcogal.com\">Data Privacy team<\/a>. Requeriremos que nos proporcione una prueba satisfactoria de su identidad con el prop\u00f3sito de asegurar que sus derechos son respetados y protegidos. Esto es para asegurar que su informaci\u00f3n personal sea divulgada solamente a usted.<\/p>\t\t\t\t\t\t\t\t<\/div>\n\t\t\t\t<\/div>\n\t\t\t\t\t<\/div>\n\t\t<\/div>\n\t\t\t\t\t<\/div>\n\t\t<\/section>\n\t\t\t\t<\/div>\n\t\t","protected":false},"excerpt":{"rendered":"<p>Pol\u00edtica de Privacidad ALEM\u00c1N, CORDERO, GALINDO &amp; LEE (\u201cAlcogal\u201d) toma muy en serio sus responsabilidades de protecci\u00f3n de datos y de seguridad de la informaci\u00f3n. El manejo efectivo de todos los datos personales, incluyendo su seguridad y confidencialidad, yace en el centro de nuestra empresa y sustenta nuestras pol\u00edticas y procedimientos. Esto no solo est\u00e1 &hellip;<\/p>\n<p class=\"read-more\"> <a class=\"\" href=\"https:\/\/alcogal.com\/es\/politica-de-privacidad\/\"> <span class=\"screen-reader-text\">Pol\u00edtica de Privacidad<\/span> Leer m\u00e1s &raquo;<\/a><\/p>\n","protected":false},"author":1,"featured_media":0,"parent":0,"menu_order":0,"comment_status":"closed","ping_status":"closed","template":"","meta":{"_acf_changed":false,"site-sidebar-layout":"no-sidebar","site-content-layout":"page-builder","ast-site-content-layout":"","site-content-style":"default","site-sidebar-style":"default","ast-global-header-display":"","ast-banner-title-visibility":"","ast-main-header-display":"","ast-hfb-above-header-display":"","ast-hfb-below-header-display":"","ast-hfb-mobile-header-display":"","site-post-title":"disabled","ast-breadcrumbs-content":"","ast-featured-img":"disabled","footer-sml-layout":"","theme-transparent-header-meta":"default","adv-header-id-meta":"","stick-header-meta":"","header-above-stick-meta":"","header-main-stick-meta":"","header-below-stick-meta":"","astra-migrate-meta-layouts":"","footnotes":""},"class_list":["post-12620","page","type-page","status-publish","hentry"],"acf":[],"yoast_head":"<!-- This site is optimized with the Yoast SEO Premium plugin v27.2 (Yoast SEO v27.2) - https:\/\/yoast.com\/product\/yoast-seo-premium-wordpress\/ -->\n<title>Pol\u00edtica de Privacidad | Alem\u00e1n, Cordero, Galindo &amp; Lee<\/title>\n<meta name=\"robots\" content=\"index, follow, max-snippet:-1, max-image-preview:large, max-video-preview:-1\" \/>\n<link rel=\"canonical\" href=\"https:\/\/alcogal.com\/es\/politica-de-privacidad\/\" \/>\n<meta property=\"og:locale\" content=\"es_ES\" \/>\n<meta property=\"og:type\" content=\"article\" \/>\n<meta property=\"og:title\" content=\"Pol\u00edtica de Privacidad\" \/>\n<meta property=\"og:description\" content=\"Pol\u00edtica de Privacidad ALEM\u00c1N, CORDERO, GALINDO &amp; LEE (\u201cAlcogal\u201d) toma muy en serio sus responsabilidades de protecci\u00f3n de datos y de seguridad de la informaci\u00f3n. El manejo efectivo de todos los datos personales, incluyendo su seguridad y confidencialidad, yace en el centro de nuestra empresa y sustenta nuestras pol\u00edticas y procedimientos. Esto no solo est\u00e1 &hellip; Pol\u00edtica de Privacidad Leer m\u00e1s &raquo;\" \/>\n<meta property=\"og:url\" content=\"https:\/\/alcogal.com\/es\/politica-de-privacidad\/\" \/>\n<meta property=\"og:site_name\" content=\"Alem\u00e1n, Cordero, Galindo &amp; Lee\" \/>\n<meta property=\"article:publisher\" content=\"https:\/\/www.facebook.com\/AlcogalAbogados\/\" \/>\n<meta property=\"article:modified_time\" content=\"2022-07-07T16:07:24+00:00\" \/>\n<meta property=\"og:image\" content=\"https:\/\/alcogal.com\/wp-content\/uploads\/2026\/02\/alcogal-new-og.jpg\" \/>\n\t<meta property=\"og:image:width\" content=\"1200\" \/>\n\t<meta property=\"og:image:height\" content=\"630\" \/>\n\t<meta property=\"og:image:type\" content=\"image\/jpeg\" \/>\n<meta name=\"twitter:card\" content=\"summary_large_image\" \/>\n<meta name=\"twitter:site\" content=\"@alcogalabogados\" \/>\n<meta name=\"twitter:label1\" content=\"Tiempo de lectura\" \/>\n\t<meta name=\"twitter:data1\" content=\"9 minutos\" \/>\n<script type=\"application\/ld+json\" class=\"yoast-schema-graph\">{\"@context\":\"https:\/\/schema.org\",\"@graph\":[{\"@type\":\"WebPage\",\"@id\":\"https:\/\/alcogal.com\/es\/politica-de-privacidad\/\",\"url\":\"https:\/\/alcogal.com\/es\/politica-de-privacidad\/\",\"name\":\"Pol\u00edtica de Privacidad | Alem\u00e1n, Cordero, Galindo &amp; Lee\",\"isPartOf\":{\"@id\":\"https:\/\/alcogal.com\/es\/#website\"},\"datePublished\":\"2021-10-13T05:55:23+00:00\",\"dateModified\":\"2022-07-07T16:07:24+00:00\",\"breadcrumb\":{\"@id\":\"https:\/\/alcogal.com\/es\/politica-de-privacidad\/#breadcrumb\"},\"inLanguage\":\"es\",\"potentialAction\":[{\"@type\":\"ReadAction\",\"target\":[\"https:\/\/alcogal.com\/es\/politica-de-privacidad\/\"]}]},{\"@type\":\"BreadcrumbList\",\"@id\":\"https:\/\/alcogal.com\/es\/politica-de-privacidad\/#breadcrumb\",\"itemListElement\":[{\"@type\":\"ListItem\",\"position\":1,\"name\":\"Home\",\"item\":\"https:\/\/alcogal.com\/es\/\"},{\"@type\":\"ListItem\",\"position\":2,\"name\":\"Pol\u00edtica de Privacidad\"}]},{\"@type\":\"WebSite\",\"@id\":\"https:\/\/alcogal.com\/es\/#website\",\"url\":\"https:\/\/alcogal.com\/es\/\",\"name\":\"Alem\u00e1n, Cordero, Galindo & Lee - Firma de Abogados en Panam\u00e1\",\"description\":\"Firma de Abogados en Panam\u00e1\",\"publisher\":{\"@id\":\"https:\/\/alcogal.com\/es\/#organization\"},\"alternateName\":\"Alcogal\",\"potentialAction\":[{\"@type\":\"SearchAction\",\"target\":{\"@type\":\"EntryPoint\",\"urlTemplate\":\"https:\/\/alcogal.com\/es\/?s={search_term_string}\"},\"query-input\":{\"@type\":\"PropertyValueSpecification\",\"valueRequired\":true,\"valueName\":\"search_term_string\"}}],\"inLanguage\":\"es\"},{\"@type\":\"Organization\",\"@id\":\"https:\/\/alcogal.com\/es\/#organization\",\"name\":\"Aleman, Cordero, Galindo & Lee\",\"alternateName\":\"Alcogal\",\"url\":\"https:\/\/alcogal.com\/es\/\",\"logo\":{\"@type\":\"ImageObject\",\"inLanguage\":\"es\",\"@id\":\"https:\/\/alcogal.com\/es\/#\/schema\/logo\/image\/\",\"url\":\"https:\/\/alcogal.com\/wp-content\/uploads\/2025\/04\/logo-alcogal.png\",\"contentUrl\":\"https:\/\/alcogal.com\/wp-content\/uploads\/2025\/04\/logo-alcogal.png\",\"width\":696,\"height\":696,\"caption\":\"Aleman, Cordero, Galindo & Lee\"},\"image\":{\"@id\":\"https:\/\/alcogal.com\/es\/#\/schema\/logo\/image\/\"},\"sameAs\":[\"https:\/\/www.facebook.com\/AlcogalAbogados\/\",\"https:\/\/x.com\/alcogalabogados\",\"https:\/\/www.linkedin.com\/company\/alcogal\/\",\"https:\/\/www.instagram.com\/alcogalabogados\/\"],\"description\":\"Since our foundation in 1985, we have established ourselves as one of Panama\u2019s most prestigious law firms. We are a full-service firm with a team of lawyers who provide timely and efficient advice in all practice areas\",\"email\":\"contact@alcogal.com\",\"telephone\":\"+507 269-2620\",\"foundingDate\":\"1985-01-01\"}]}<\/script>\n<!-- \/ Yoast SEO Premium plugin. -->","yoast_head_json":{"title":"Pol\u00edtica de Privacidad | Alem\u00e1n, Cordero, Galindo &amp; Lee","robots":{"index":"index","follow":"follow","max-snippet":"max-snippet:-1","max-image-preview":"max-image-preview:large","max-video-preview":"max-video-preview:-1"},"canonical":"https:\/\/alcogal.com\/es\/politica-de-privacidad\/","og_locale":"es_ES","og_type":"article","og_title":"Pol\u00edtica de Privacidad","og_description":"Pol\u00edtica de Privacidad ALEM\u00c1N, CORDERO, GALINDO &amp; LEE (\u201cAlcogal\u201d) toma muy en serio sus responsabilidades de protecci\u00f3n de datos y de seguridad de la informaci\u00f3n. El manejo efectivo de todos los datos personales, incluyendo su seguridad y confidencialidad, yace en el centro de nuestra empresa y sustenta nuestras pol\u00edticas y procedimientos. Esto no solo est\u00e1 &hellip; Pol\u00edtica de Privacidad Leer m\u00e1s &raquo;","og_url":"https:\/\/alcogal.com\/es\/politica-de-privacidad\/","og_site_name":"Alem\u00e1n, Cordero, Galindo &amp; Lee","article_publisher":"https:\/\/www.facebook.com\/AlcogalAbogados\/","article_modified_time":"2022-07-07T16:07:24+00:00","og_image":[{"width":1200,"height":630,"url":"https:\/\/alcogal.com\/wp-content\/uploads\/2026\/02\/alcogal-new-og.jpg","type":"image\/jpeg"}],"twitter_card":"summary_large_image","twitter_site":"@alcogalabogados","twitter_misc":{"Tiempo de lectura":"9 minutos"},"schema":{"@context":"https:\/\/schema.org","@graph":[{"@type":"WebPage","@id":"https:\/\/alcogal.com\/es\/politica-de-privacidad\/","url":"https:\/\/alcogal.com\/es\/politica-de-privacidad\/","name":"Pol\u00edtica de Privacidad | Alem\u00e1n, Cordero, Galindo &amp; Lee","isPartOf":{"@id":"https:\/\/alcogal.com\/es\/#website"},"datePublished":"2021-10-13T05:55:23+00:00","dateModified":"2022-07-07T16:07:24+00:00","breadcrumb":{"@id":"https:\/\/alcogal.com\/es\/politica-de-privacidad\/#breadcrumb"},"inLanguage":"es","potentialAction":[{"@type":"ReadAction","target":["https:\/\/alcogal.com\/es\/politica-de-privacidad\/"]}]},{"@type":"BreadcrumbList","@id":"https:\/\/alcogal.com\/es\/politica-de-privacidad\/#breadcrumb","itemListElement":[{"@type":"ListItem","position":1,"name":"Home","item":"https:\/\/alcogal.com\/es\/"},{"@type":"ListItem","position":2,"name":"Pol\u00edtica de Privacidad"}]},{"@type":"WebSite","@id":"https:\/\/alcogal.com\/es\/#website","url":"https:\/\/alcogal.com\/es\/","name":"Alem\u00e1n, Cordero, Galindo & Lee - Firma de Abogados en Panam\u00e1","description":"Firma de Abogados en Panam\u00e1","publisher":{"@id":"https:\/\/alcogal.com\/es\/#organization"},"alternateName":"Alcogal","potentialAction":[{"@type":"SearchAction","target":{"@type":"EntryPoint","urlTemplate":"https:\/\/alcogal.com\/es\/?s={search_term_string}"},"query-input":{"@type":"PropertyValueSpecification","valueRequired":true,"valueName":"search_term_string"}}],"inLanguage":"es"},{"@type":"Organization","@id":"https:\/\/alcogal.com\/es\/#organization","name":"Aleman, Cordero, Galindo & Lee","alternateName":"Alcogal","url":"https:\/\/alcogal.com\/es\/","logo":{"@type":"ImageObject","inLanguage":"es","@id":"https:\/\/alcogal.com\/es\/#\/schema\/logo\/image\/","url":"https:\/\/alcogal.com\/wp-content\/uploads\/2025\/04\/logo-alcogal.png","contentUrl":"https:\/\/alcogal.com\/wp-content\/uploads\/2025\/04\/logo-alcogal.png","width":696,"height":696,"caption":"Aleman, Cordero, Galindo & Lee"},"image":{"@id":"https:\/\/alcogal.com\/es\/#\/schema\/logo\/image\/"},"sameAs":["https:\/\/www.facebook.com\/AlcogalAbogados\/","https:\/\/x.com\/alcogalabogados","https:\/\/www.linkedin.com\/company\/alcogal\/","https:\/\/www.instagram.com\/alcogalabogados\/"],"description":"Since our foundation in 1985, we have established ourselves as one of Panama\u2019s most prestigious law firms. We are a full-service firm with a team of lawyers who provide timely and efficient advice in all practice areas","email":"contact@alcogal.com","telephone":"+507 269-2620","foundingDate":"1985-01-01"}]}},"jetpack_sharing_enabled":true,"_links":{"self":[{"href":"https:\/\/alcogal.com\/es\/wp-json\/wp\/v2\/pages\/12620","targetHints":{"allow":["GET"]}}],"collection":[{"href":"https:\/\/alcogal.com\/es\/wp-json\/wp\/v2\/pages"}],"about":[{"href":"https:\/\/alcogal.com\/es\/wp-json\/wp\/v2\/types\/page"}],"author":[{"embeddable":true,"href":"https:\/\/alcogal.com\/es\/wp-json\/wp\/v2\/users\/1"}],"replies":[{"embeddable":true,"href":"https:\/\/alcogal.com\/es\/wp-json\/wp\/v2\/comments?post=12620"}],"version-history":[{"count":0,"href":"https:\/\/alcogal.com\/es\/wp-json\/wp\/v2\/pages\/12620\/revisions"}],"wp:attachment":[{"href":"https:\/\/alcogal.com\/es\/wp-json\/wp\/v2\/media?parent=12620"}],"curies":[{"name":"wp","href":"https:\/\/api.w.org\/{rel}","templated":true}]}}