{"id":12267,"date":"2021-09-09T03:29:04","date_gmt":"2021-09-09T03:29:04","guid":{"rendered":"https:\/\/alcogal.com\/\/abogados\/karla-rivera\/"},"modified":"2022-02-15T20:36:06","modified_gmt":"2022-02-16T01:36:06","slug":"karla-rivera","status":"publish","type":"page","link":"https:\/\/alcogal.com\/es\/abogados-3\/karla-rivera\/","title":{"rendered":"Karla Rivera"},"content":{"rendered":"\t\t<div data-elementor-type=\"wp-page\" data-elementor-id=\"12267\" class=\"elementor elementor-12267 elementor-9780\" data-elementor-post-type=\"page\">\n\t\t\t\t\t\t<section class=\"elementor-section elementor-top-section elementor-element elementor-element-064365a elementor-section-boxed elementor-section-height-default elementor-section-height-default\" data-id=\"064365a\" data-element_type=\"section\" data-e-type=\"section\">\n\t\t\t\t\t\t<div class=\"elementor-container elementor-column-gap-default\">\n\t\t\t\t\t<div class=\"elementor-column elementor-col-100 elementor-top-column elementor-element elementor-element-a88f171\" data-id=\"a88f171\" data-element_type=\"column\" data-e-type=\"column\">\n\t\t\t<div class=\"elementor-widget-wrap elementor-element-populated\">\n\t\t\t\t\t\t<div class=\"elementor-element elementor-element-6d812eb elementor-widget elementor-widget-heading\" data-id=\"6d812eb\" data-element_type=\"widget\" data-e-type=\"widget\" data-widget_type=\"heading.default\">\n\t\t\t\t<div class=\"elementor-widget-container\">\n\t\t\t\t\t<h1 class=\"elementor-heading-title elementor-size-default\">KARLA RIVERA<\/h1>\t\t\t\t<\/div>\n\t\t\t\t<\/div>\n\t\t\t\t<div class=\"elementor-element elementor-element-58b1d63 elementor-widget-divider--view-line elementor-widget elementor-widget-divider\" data-id=\"58b1d63\" data-element_type=\"widget\" data-e-type=\"widget\" data-widget_type=\"divider.default\">\n\t\t\t\t<div class=\"elementor-widget-container\">\n\t\t\t\t\t\t\t<div class=\"elementor-divider\">\n\t\t\t<span class=\"elementor-divider-separator\">\n\t\t\t\t\t\t<\/span>\n\t\t<\/div>\n\t\t\t\t\t\t<\/div>\n\t\t\t\t<\/div>\n\t\t\t\t\t<\/div>\n\t\t<\/div>\n\t\t\t\t\t<\/div>\n\t\t<\/section>\n\t\t\t\t<section class=\"elementor-section elementor-top-section elementor-element elementor-element-a477ff1 elementor-section-boxed elementor-section-height-default elementor-section-height-default\" data-id=\"a477ff1\" data-element_type=\"section\" data-e-type=\"section\">\n\t\t\t\t\t\t<div class=\"elementor-container elementor-column-gap-default\">\n\t\t\t\t\t<div class=\"elementor-column elementor-col-66 elementor-top-column elementor-element elementor-element-f52d768\" data-id=\"f52d768\" data-element_type=\"column\" data-e-type=\"column\">\n\t\t\t<div class=\"elementor-widget-wrap elementor-element-populated\">\n\t\t\t\t\t\t<section class=\"elementor-section elementor-inner-section elementor-element elementor-element-30b47dc elementor-section-boxed elementor-section-height-default elementor-section-height-default\" data-id=\"30b47dc\" data-element_type=\"section\" data-e-type=\"section\">\n\t\t\t\t\t\t<div class=\"elementor-container elementor-column-gap-default\">\n\t\t\t\t\t<div class=\"elementor-column elementor-col-50 elementor-inner-column elementor-element elementor-element-cf376bb\" data-id=\"cf376bb\" data-element_type=\"column\" data-e-type=\"column\">\n\t\t\t<div class=\"elementor-widget-wrap elementor-element-populated\">\n\t\t\t\t\t\t<div class=\"elementor-element elementor-element-c596620 elementor-widget elementor-widget-image\" data-id=\"c596620\" data-element_type=\"widget\" data-e-type=\"widget\" data-widget_type=\"image.default\">\n\t\t\t\t<div class=\"elementor-widget-container\">\n\t\t\t\t\t\t\t\t\t\t\t\t\t\t\t<img fetchpriority=\"high\" decoding=\"async\" width=\"1000\" height=\"1000\" src=\"https:\/\/alcogal.com\/wp-content\/uploads\/2014\/10\/webcolor-14.webp\" class=\"attachment-large size-large wp-image-12756\" alt=\"\" \/>\t\t\t\t\t\t\t\t\t\t\t\t\t\t\t<\/div>\n\t\t\t\t<\/div>\n\t\t\t\t\t<\/div>\n\t\t<\/div>\n\t\t\t\t<div class=\"elementor-column elementor-col-50 elementor-inner-column elementor-element elementor-element-f60570f\" data-id=\"f60570f\" data-element_type=\"column\" data-e-type=\"column\">\n\t\t\t<div class=\"elementor-widget-wrap elementor-element-populated\">\n\t\t\t\t\t\t<div class=\"elementor-element elementor-element-2cb64ca elementor-view-stacked elementor-shape-square elementor-position-inline-start elementor-mobile-position-block-start elementor-widget elementor-widget-icon-box\" data-id=\"2cb64ca\" data-element_type=\"widget\" data-e-type=\"widget\" data-widget_type=\"icon-box.default\">\n\t\t\t\t<div class=\"elementor-widget-container\">\n\t\t\t\t\t\t\t<div class=\"elementor-icon-box-wrapper\">\n\n\t\t\t\t\t\t<div class=\"elementor-icon-box-icon\">\n\t\t\t\t<span  class=\"elementor-icon\">\n\t\t\t\t<i aria-hidden=\"true\" class=\"fas fa-envelope\"><\/i>\t\t\t\t<\/span>\n\t\t\t<\/div>\n\t\t\t\n\t\t\t\t\t\t<div class=\"elementor-icon-box-content\">\n\n\t\t\t\t\t\t\t\t\t<h3 class=\"elementor-icon-box-title\">\n\t\t\t\t\t\t<span  >\n\t\t\t\t\t\t\tkrivera@alcogal.com\t\t\t\t\t\t<\/span>\n\t\t\t\t\t<\/h3>\n\t\t\t\t\n\t\t\t\t\n\t\t\t<\/div>\n\t\t\t\n\t\t<\/div>\n\t\t\t\t\t\t<\/div>\n\t\t\t\t<\/div>\n\t\t\t\t<div class=\"elementor-element elementor-element-b45bf1e elementor-view-stacked elementor-shape-square elementor-position-inline-start elementor-mobile-position-block-start elementor-widget elementor-widget-icon-box\" data-id=\"b45bf1e\" data-element_type=\"widget\" data-e-type=\"widget\" data-widget_type=\"icon-box.default\">\n\t\t\t\t<div class=\"elementor-widget-container\">\n\t\t\t\t\t\t\t<div class=\"elementor-icon-box-wrapper\">\n\n\t\t\t\t\t\t<div class=\"elementor-icon-box-icon\">\n\t\t\t\t<span  class=\"elementor-icon\">\n\t\t\t\t<i aria-hidden=\"true\" class=\"fas fa-phone-alt\"><\/i>\t\t\t\t<\/span>\n\t\t\t<\/div>\n\t\t\t\n\t\t\t\t\t\t<div class=\"elementor-icon-box-content\">\n\n\t\t\t\t\t\t\t\t\t<h3 class=\"elementor-icon-box-title\">\n\t\t\t\t\t\t<span  >\n\t\t\t\t\t\t\t+(507) 269-2620\t\t\t\t\t\t<\/span>\n\t\t\t\t\t<\/h3>\n\t\t\t\t\n\t\t\t\t\n\t\t\t<\/div>\n\t\t\t\n\t\t<\/div>\n\t\t\t\t\t\t<\/div>\n\t\t\t\t<\/div>\n\t\t\t\t<div class=\"elementor-element elementor-element-6ec87b0 elementor-view-stacked elementor-shape-square elementor-position-inline-start elementor-mobile-position-block-start elementor-widget elementor-widget-icon-box\" data-id=\"6ec87b0\" data-element_type=\"widget\" data-e-type=\"widget\" data-widget_type=\"icon-box.default\">\n\t\t\t\t<div class=\"elementor-widget-container\">\n\t\t\t\t\t\t\t<div class=\"elementor-icon-box-wrapper\">\n\n\t\t\t\t\t\t<div class=\"elementor-icon-box-icon\">\n\t\t\t\t<span  class=\"elementor-icon\">\n\t\t\t\t<i aria-hidden=\"true\" class=\"fas fa-user-alt\"><\/i>\t\t\t\t<\/span>\n\t\t\t<\/div>\n\t\t\t\n\t\t\t\t\t\t<div class=\"elementor-icon-box-content\">\n\n\t\t\t\t\t\t\t\t\t<h3 class=\"elementor-icon-box-title\">\n\t\t\t\t\t\t<span  >\n\t\t\t\t\t\t\tAsociada\t\t\t\t\t\t<\/span>\n\t\t\t\t\t<\/h3>\n\t\t\t\t\n\t\t\t\t\n\t\t\t<\/div>\n\t\t\t\n\t\t<\/div>\n\t\t\t\t\t\t<\/div>\n\t\t\t\t<\/div>\n\t\t\t\t<div class=\"elementor-element elementor-element-c8a8c6c elementor-view-stacked elementor-shape-square elementor-position-inline-start elementor-mobile-position-block-start elementor-widget elementor-widget-icon-box\" data-id=\"c8a8c6c\" data-element_type=\"widget\" data-e-type=\"widget\" data-widget_type=\"icon-box.default\">\n\t\t\t\t<div class=\"elementor-widget-container\">\n\t\t\t\t\t\t\t<div class=\"elementor-icon-box-wrapper\">\n\n\t\t\t\t\t\t<div class=\"elementor-icon-box-icon\">\n\t\t\t\t<span  class=\"elementor-icon\">\n\t\t\t\t<i aria-hidden=\"true\" class=\"fas fa-map-marker-alt\"><\/i>\t\t\t\t<\/span>\n\t\t\t<\/div>\n\t\t\t\n\t\t\t\t\t\t<div class=\"elementor-icon-box-content\">\n\n\t\t\t\t\t\t\t\t\t<h3 class=\"elementor-icon-box-title\">\n\t\t\t\t\t\t<span  >\n\t\t\t\t\t\t\tCiudad de Panam\u00e1\t\t\t\t\t\t<\/span>\n\t\t\t\t\t<\/h3>\n\t\t\t\t\n\t\t\t\t\n\t\t\t<\/div>\n\t\t\t\n\t\t<\/div>\n\t\t\t\t\t\t<\/div>\n\t\t\t\t<\/div>\n\t\t\t\t\t<\/div>\n\t\t<\/div>\n\t\t\t\t\t<\/div>\n\t\t<\/section>\n\t\t\t\t\t<\/div>\n\t\t<\/div>\n\t\t\t\t<div class=\"elementor-column elementor-col-33 elementor-top-column elementor-element elementor-element-244896d\" data-id=\"244896d\" data-element_type=\"column\" data-e-type=\"column\" data-settings=\"{&quot;background_background&quot;:&quot;classic&quot;}\">\n\t\t\t<div class=\"elementor-widget-wrap elementor-element-populated\">\n\t\t\t\t\t\t<div class=\"elementor-element elementor-element-4b25436 elementor-widget elementor-widget-heading\" data-id=\"4b25436\" data-element_type=\"widget\" data-e-type=\"widget\" data-widget_type=\"heading.default\">\n\t\t\t\t<div class=\"elementor-widget-container\">\n\t\t\t\t\t<h3 class=\"elementor-heading-title elementor-size-default\">\u00c1reas de pr\u00e1ctica\u200b<\/h3>\t\t\t\t<\/div>\n\t\t\t\t<\/div>\n\t\t\t\t<div class=\"elementor-element elementor-element-cc7755f elementor-icon-list--layout-traditional elementor-list-item-link-full_width elementor-widget elementor-widget-icon-list\" data-id=\"cc7755f\" data-element_type=\"widget\" data-e-type=\"widget\" data-widget_type=\"icon-list.default\">\n\t\t\t\t<div class=\"elementor-widget-container\">\n\t\t\t\t\t\t\t<ul class=\"elementor-icon-list-items\">\n\t\t\t\t\t\t\t<li class=\"elementor-icon-list-item\">\n\t\t\t\t\t\t\t\t\t\t\t<a href=\"https:\/\/alcogal.com\/es\/abogados-de-banca-en-panama\/%20\">\n\n\t\t\t\t\t\t\t\t\t\t\t\t<span class=\"elementor-icon-list-icon\">\n\t\t\t\t\t\t\t<i aria-hidden=\"true\" class=\"fas fa-circle\"><\/i>\t\t\t\t\t\t<\/span>\n\t\t\t\t\t\t\t\t\t\t<span class=\"elementor-icon-list-text\">Banca<\/span>\n\t\t\t\t\t\t\t\t\t\t\t<\/a>\n\t\t\t\t\t\t\t\t\t<\/li>\n\t\t\t\t\t\t\t\t<li class=\"elementor-icon-list-item\">\n\t\t\t\t\t\t\t\t\t\t\t<a href=\"https:\/\/alcogal.com\/es\/abogados-de-finanzas-en-panama\/%20\">\n\n\t\t\t\t\t\t\t\t\t\t\t\t<span class=\"elementor-icon-list-icon\">\n\t\t\t\t\t\t\t<i aria-hidden=\"true\" class=\"fas fa-circle\"><\/i>\t\t\t\t\t\t<\/span>\n\t\t\t\t\t\t\t\t\t\t<span class=\"elementor-icon-list-text\">Finanzas<\/span>\n\t\t\t\t\t\t\t\t\t\t\t<\/a>\n\t\t\t\t\t\t\t\t\t<\/li>\n\t\t\t\t\t\t\t\t<li class=\"elementor-icon-list-item\">\n\t\t\t\t\t\t\t\t\t\t\t<a href=\"https:\/\/alcogal.com\/es\/abogados-de-fusiones-y-adquisiciones-en-panama\/\">\n\n\t\t\t\t\t\t\t\t\t\t\t\t<span class=\"elementor-icon-list-icon\">\n\t\t\t\t\t\t\t<i aria-hidden=\"true\" class=\"fas fa-circle\"><\/i>\t\t\t\t\t\t<\/span>\n\t\t\t\t\t\t\t\t\t\t<span class=\"elementor-icon-list-text\">Corporativo, fusiones y adquisiciones<\/span>\n\t\t\t\t\t\t\t\t\t\t\t<\/a>\n\t\t\t\t\t\t\t\t\t<\/li>\n\t\t\t\t\t\t<\/ul>\n\t\t\t\t\t\t<\/div>\n\t\t\t\t<\/div>\n\t\t\t\t<div class=\"elementor-element elementor-element-9faa412 elementor-widget elementor-widget-heading\" data-id=\"9faa412\" data-element_type=\"widget\" data-e-type=\"widget\" data-widget_type=\"heading.default\">\n\t\t\t\t<div class=\"elementor-widget-container\">\n\t\t\t\t\t<h3 class=\"elementor-heading-title elementor-size-default\">Admisi\u00f3n<\/h3>\t\t\t\t<\/div>\n\t\t\t\t<\/div>\n\t\t\t\t<div class=\"elementor-element elementor-element-cf99983 elementor-icon-list--layout-traditional elementor-list-item-link-full_width elementor-widget elementor-widget-icon-list\" data-id=\"cf99983\" data-element_type=\"widget\" data-e-type=\"widget\" data-widget_type=\"icon-list.default\">\n\t\t\t\t<div class=\"elementor-widget-container\">\n\t\t\t\t\t\t\t<ul class=\"elementor-icon-list-items\">\n\t\t\t\t\t\t\t<li class=\"elementor-icon-list-item\">\n\t\t\t\t\t\t\t\t\t\t\t<span class=\"elementor-icon-list-icon\">\n\t\t\t\t\t\t\t<i aria-hidden=\"true\" class=\"fas fa-circle\"><\/i>\t\t\t\t\t\t<\/span>\n\t\t\t\t\t\t\t\t\t\t<span class=\"elementor-icon-list-text\">2006, Panam\u00e1<\/span>\n\t\t\t\t\t\t\t\t\t<\/li>\n\t\t\t\t\t\t<\/ul>\n\t\t\t\t\t\t<\/div>\n\t\t\t\t<\/div>\n\t\t\t\t<div class=\"elementor-element elementor-element-1f46a64 elementor-widget elementor-widget-heading\" data-id=\"1f46a64\" data-element_type=\"widget\" data-e-type=\"widget\" data-widget_type=\"heading.default\">\n\t\t\t\t<div class=\"elementor-widget-container\">\n\t\t\t\t\t<h3 class=\"elementor-heading-title elementor-size-default\">Idiomas<\/h3>\t\t\t\t<\/div>\n\t\t\t\t<\/div>\n\t\t\t\t<div class=\"elementor-element elementor-element-ce037d0 elementor-icon-list--layout-traditional elementor-list-item-link-full_width elementor-widget elementor-widget-icon-list\" data-id=\"ce037d0\" data-element_type=\"widget\" data-e-type=\"widget\" data-widget_type=\"icon-list.default\">\n\t\t\t\t<div class=\"elementor-widget-container\">\n\t\t\t\t\t\t\t<ul class=\"elementor-icon-list-items\">\n\t\t\t\t\t\t\t<li class=\"elementor-icon-list-item\">\n\t\t\t\t\t\t\t\t\t\t\t<span class=\"elementor-icon-list-icon\">\n\t\t\t\t\t\t\t<i aria-hidden=\"true\" class=\"fas fa-circle\"><\/i>\t\t\t\t\t\t<\/span>\n\t\t\t\t\t\t\t\t\t\t<span class=\"elementor-icon-list-text\">Espa\u00f1ol<\/span>\n\t\t\t\t\t\t\t\t\t<\/li>\n\t\t\t\t\t\t<\/ul>\n\t\t\t\t\t\t<\/div>\n\t\t\t\t<\/div>\n\t\t\t\t\t<\/div>\n\t\t<\/div>\n\t\t\t\t\t<\/div>\n\t\t<\/section>\n\t\t\t\t<section class=\"elementor-section elementor-top-section elementor-element elementor-element-edb7ea2 elementor-section-boxed elementor-section-height-default elementor-section-height-default\" data-id=\"edb7ea2\" data-element_type=\"section\" data-e-type=\"section\">\n\t\t\t\t\t\t<div class=\"elementor-container elementor-column-gap-default\">\n\t\t\t\t\t<div class=\"elementor-column elementor-col-100 elementor-top-column elementor-element elementor-element-25922ee\" data-id=\"25922ee\" data-element_type=\"column\" data-e-type=\"column\">\n\t\t\t<div class=\"elementor-widget-wrap elementor-element-populated\">\n\t\t\t\t\t\t<div class=\"elementor-element elementor-element-4cc26d6 elementor-widget elementor-widget-text-editor\" data-id=\"4cc26d6\" data-element_type=\"widget\" data-e-type=\"widget\" data-widget_type=\"text-editor.default\">\n\t\t\t\t<div class=\"elementor-widget-container\">\n\t\t\t\t\t\t\t\t\t<h3>Educaci\u00f3n<\/h3><ul><li>Especializaci\u00f3n en Administraci\u00f3n de Empresas, Universidad Interamericana de Panam\u00e1, Ciudad de Panam\u00e1, Rep. de Panam\u00e1 (2009)<\/li><li>Maestr\u00eda en Gerencia de Transporte Multimodal, Universidad Interamericana de Panam\u00e1, Ciudad de Panam\u00e1, Rep. de Panam\u00e1 (2009)<\/li><li>Licenciatura en Derecho y Ciencias Pol\u00edticas, Universidad de Panam\u00e1, Ciudad de Panam\u00e1, Rep. de Panam\u00e1 (Sigma Lambda, 2006)<\/li><\/ul><h3>Experiencia<\/h3><ul><li>Asociada en Alem\u00e1n, Cordero, Galindo &amp; Lee (2006-presente)<\/li><\/ul>\t\t\t\t\t\t\t\t<\/div>\n\t\t\t\t<\/div>\n\t\t\t\t\t<\/div>\n\t\t<\/div>\n\t\t\t\t\t<\/div>\n\t\t<\/section>\n\t\t\t\t<\/div>\n\t\t","protected":false},"excerpt":{"rendered":"<p>KARLA RIVERA krivera@alcogal.com +(507) 269-2620 Asociada Ciudad de Panam\u00e1 \u00c1reas de pr\u00e1ctica\u200b Banca Finanzas Corporativo, fusiones y adquisiciones Admisi\u00f3n 2006, Panam\u00e1 Idiomas Espa\u00f1ol Educaci\u00f3n Especializaci\u00f3n en Administraci\u00f3n de Empresas, Universidad Interamericana de Panam\u00e1, Ciudad de Panam\u00e1, Rep. de Panam\u00e1 (2009) Maestr\u00eda en Gerencia de Transporte Multimodal, Universidad Interamericana de Panam\u00e1, Ciudad de Panam\u00e1, Rep. de &hellip;<\/p>\n<p class=\"read-more\"> <a class=\"\" href=\"https:\/\/alcogal.com\/es\/abogados-3\/karla-rivera\/\"> <span class=\"screen-reader-text\">Karla Rivera<\/span> Leer m\u00e1s &raquo;<\/a><\/p>\n","protected":false},"author":1,"featured_media":0,"parent":11783,"menu_order":0,"comment_status":"closed","ping_status":"closed","template":"elementor_header_footer","meta":{"_acf_changed":false,"site-sidebar-layout":"no-sidebar","site-content-layout":"page-builder","ast-site-content-layout":"","site-content-style":"default","site-sidebar-style":"default","ast-global-header-display":"","ast-banner-title-visibility":"","ast-main-header-display":"","ast-hfb-above-header-display":"","ast-hfb-below-header-display":"","ast-hfb-mobile-header-display":"","site-post-title":"disabled","ast-breadcrumbs-content":"","ast-featured-img":"disabled","footer-sml-layout":"","theme-transparent-header-meta":"default","adv-header-id-meta":"","stick-header-meta":"","header-above-stick-meta":"","header-main-stick-meta":"","header-below-stick-meta":"","astra-migrate-meta-layouts":"","footnotes":""},"class_list":["post-12267","page","type-page","status-publish","hentry"],"acf":[],"yoast_head":"<!-- This site is optimized with the Yoast SEO Premium plugin v27.2 (Yoast SEO v27.2) - https:\/\/yoast.com\/product\/yoast-seo-premium-wordpress\/ -->\n<title>Karla Rivera | Alem\u00e1n, Cordero, Galindo &amp; Lee<\/title>\n<meta name=\"robots\" content=\"index, follow, max-snippet:-1, max-image-preview:large, max-video-preview:-1\" \/>\n<link rel=\"canonical\" href=\"https:\/\/alcogal.com\/es\/abogados-3\/karla-rivera\/\" \/>\n<meta property=\"og:locale\" content=\"es_ES\" \/>\n<meta property=\"og:type\" content=\"article\" \/>\n<meta property=\"og:title\" content=\"Karla Rivera\" \/>\n<meta property=\"og:description\" content=\"KARLA RIVERA krivera@alcogal.com +(507) 269-2620 Asociada Ciudad de Panam\u00e1 \u00c1reas de pr\u00e1ctica\u200b Banca Finanzas Corporativo, fusiones y adquisiciones Admisi\u00f3n 2006, Panam\u00e1 Idiomas Espa\u00f1ol Educaci\u00f3n Especializaci\u00f3n en Administraci\u00f3n de Empresas, Universidad Interamericana de Panam\u00e1, Ciudad de Panam\u00e1, Rep. de Panam\u00e1 (2009) Maestr\u00eda en Gerencia de Transporte Multimodal, Universidad Interamericana de Panam\u00e1, Ciudad de Panam\u00e1, Rep. de &hellip; Karla Rivera Leer m\u00e1s &raquo;\" \/>\n<meta property=\"og:url\" content=\"https:\/\/alcogal.com\/es\/abogados-3\/karla-rivera\/\" \/>\n<meta property=\"og:site_name\" content=\"Alem\u00e1n, Cordero, Galindo &amp; Lee\" \/>\n<meta property=\"article:publisher\" content=\"https:\/\/www.facebook.com\/AlcogalAbogados\/\" \/>\n<meta property=\"article:modified_time\" content=\"2022-02-16T01:36:06+00:00\" \/>\n<meta property=\"og:image\" content=\"https:\/\/alcogal.com\/\/wp-content\/uploads\/2014\/10\/webcolor-14.webp\" \/>\n<meta name=\"twitter:card\" content=\"summary_large_image\" \/>\n<meta name=\"twitter:site\" content=\"@alcogalabogados\" \/>\n<script type=\"application\/ld+json\" class=\"yoast-schema-graph\">{\"@context\":\"https:\/\/schema.org\",\"@graph\":[{\"@type\":\"WebPage\",\"@id\":\"https:\/\/alcogal.com\/es\/abogados-3\/karla-rivera\/\",\"url\":\"https:\/\/alcogal.com\/es\/abogados-3\/karla-rivera\/\",\"name\":\"Karla Rivera | Alem\u00e1n, Cordero, Galindo &amp; Lee\",\"isPartOf\":{\"@id\":\"https:\/\/alcogal.com\/es\/#website\"},\"primaryImageOfPage\":{\"@id\":\"https:\/\/alcogal.com\/es\/abogados-3\/karla-rivera\/#primaryimage\"},\"image\":{\"@id\":\"https:\/\/alcogal.com\/es\/abogados-3\/karla-rivera\/#primaryimage\"},\"thumbnailUrl\":\"https:\/\/alcogal.com\/\/wp-content\/uploads\/2014\/10\/webcolor-14.webp\",\"datePublished\":\"2021-09-09T03:29:04+00:00\",\"dateModified\":\"2022-02-16T01:36:06+00:00\",\"breadcrumb\":{\"@id\":\"https:\/\/alcogal.com\/es\/abogados-3\/karla-rivera\/#breadcrumb\"},\"inLanguage\":\"es\",\"potentialAction\":[{\"@type\":\"ReadAction\",\"target\":[\"https:\/\/alcogal.com\/es\/abogados-3\/karla-rivera\/\"]}]},{\"@type\":\"ImageObject\",\"inLanguage\":\"es\",\"@id\":\"https:\/\/alcogal.com\/es\/abogados-3\/karla-rivera\/#primaryimage\",\"url\":\"https:\/\/alcogal.com\/\/wp-content\/uploads\/2014\/10\/webcolor-14.webp\",\"contentUrl\":\"https:\/\/alcogal.com\/\/wp-content\/uploads\/2014\/10\/webcolor-14.webp\"},{\"@type\":\"BreadcrumbList\",\"@id\":\"https:\/\/alcogal.com\/es\/abogados-3\/karla-rivera\/#breadcrumb\",\"itemListElement\":[{\"@type\":\"ListItem\",\"position\":1,\"name\":\"Home\",\"item\":\"https:\/\/alcogal.com\/es\/\"},{\"@type\":\"ListItem\",\"position\":2,\"name\":\"Abogados\",\"item\":\"https:\/\/alcogal.com\/es\/abogados-3\/\"},{\"@type\":\"ListItem\",\"position\":3,\"name\":\"Karla Rivera\"}]},{\"@type\":\"WebSite\",\"@id\":\"https:\/\/alcogal.com\/es\/#website\",\"url\":\"https:\/\/alcogal.com\/es\/\",\"name\":\"Alem\u00e1n, Cordero, Galindo & Lee - Firma de Abogados en Panam\u00e1\",\"description\":\"Firma de Abogados en Panam\u00e1\",\"publisher\":{\"@id\":\"https:\/\/alcogal.com\/es\/#organization\"},\"alternateName\":\"Alcogal\",\"potentialAction\":[{\"@type\":\"SearchAction\",\"target\":{\"@type\":\"EntryPoint\",\"urlTemplate\":\"https:\/\/alcogal.com\/es\/?s={search_term_string}\"},\"query-input\":{\"@type\":\"PropertyValueSpecification\",\"valueRequired\":true,\"valueName\":\"search_term_string\"}}],\"inLanguage\":\"es\"},{\"@type\":\"Organization\",\"@id\":\"https:\/\/alcogal.com\/es\/#organization\",\"name\":\"Aleman, Cordero, Galindo & Lee\",\"alternateName\":\"Alcogal\",\"url\":\"https:\/\/alcogal.com\/es\/\",\"logo\":{\"@type\":\"ImageObject\",\"inLanguage\":\"es\",\"@id\":\"https:\/\/alcogal.com\/es\/#\/schema\/logo\/image\/\",\"url\":\"https:\/\/alcogal.com\/wp-content\/uploads\/2025\/04\/logo-alcogal.png\",\"contentUrl\":\"https:\/\/alcogal.com\/wp-content\/uploads\/2025\/04\/logo-alcogal.png\",\"width\":696,\"height\":696,\"caption\":\"Aleman, Cordero, Galindo & Lee\"},\"image\":{\"@id\":\"https:\/\/alcogal.com\/es\/#\/schema\/logo\/image\/\"},\"sameAs\":[\"https:\/\/www.facebook.com\/AlcogalAbogados\/\",\"https:\/\/x.com\/alcogalabogados\",\"https:\/\/www.linkedin.com\/company\/alcogal\/\",\"https:\/\/www.instagram.com\/alcogalabogados\/\"],\"description\":\"Since our foundation in 1985, we have established ourselves as one of Panama\u2019s most prestigious law firms. We are a full-service firm with a team of lawyers who provide timely and efficient advice in all practice areas\",\"email\":\"contact@alcogal.com\",\"telephone\":\"+507 269-2620\",\"foundingDate\":\"1985-01-01\"}]}<\/script>\n<!-- \/ Yoast SEO Premium plugin. -->","yoast_head_json":{"title":"Karla Rivera | Alem\u00e1n, Cordero, Galindo &amp; Lee","robots":{"index":"index","follow":"follow","max-snippet":"max-snippet:-1","max-image-preview":"max-image-preview:large","max-video-preview":"max-video-preview:-1"},"canonical":"https:\/\/alcogal.com\/es\/abogados-3\/karla-rivera\/","og_locale":"es_ES","og_type":"article","og_title":"Karla Rivera","og_description":"KARLA RIVERA krivera@alcogal.com +(507) 269-2620 Asociada Ciudad de Panam\u00e1 \u00c1reas de pr\u00e1ctica\u200b Banca Finanzas Corporativo, fusiones y adquisiciones Admisi\u00f3n 2006, Panam\u00e1 Idiomas Espa\u00f1ol Educaci\u00f3n Especializaci\u00f3n en Administraci\u00f3n de Empresas, Universidad Interamericana de Panam\u00e1, Ciudad de Panam\u00e1, Rep. de Panam\u00e1 (2009) Maestr\u00eda en Gerencia de Transporte Multimodal, Universidad Interamericana de Panam\u00e1, Ciudad de Panam\u00e1, Rep. de &hellip; Karla Rivera Leer m\u00e1s &raquo;","og_url":"https:\/\/alcogal.com\/es\/abogados-3\/karla-rivera\/","og_site_name":"Alem\u00e1n, Cordero, Galindo &amp; Lee","article_publisher":"https:\/\/www.facebook.com\/AlcogalAbogados\/","article_modified_time":"2022-02-16T01:36:06+00:00","og_image":[{"url":"https:\/\/alcogal.com\/\/wp-content\/uploads\/2014\/10\/webcolor-14.webp","type":"","width":"","height":""}],"twitter_card":"summary_large_image","twitter_site":"@alcogalabogados","schema":{"@context":"https:\/\/schema.org","@graph":[{"@type":"WebPage","@id":"https:\/\/alcogal.com\/es\/abogados-3\/karla-rivera\/","url":"https:\/\/alcogal.com\/es\/abogados-3\/karla-rivera\/","name":"Karla Rivera | Alem\u00e1n, Cordero, Galindo &amp; Lee","isPartOf":{"@id":"https:\/\/alcogal.com\/es\/#website"},"primaryImageOfPage":{"@id":"https:\/\/alcogal.com\/es\/abogados-3\/karla-rivera\/#primaryimage"},"image":{"@id":"https:\/\/alcogal.com\/es\/abogados-3\/karla-rivera\/#primaryimage"},"thumbnailUrl":"https:\/\/alcogal.com\/\/wp-content\/uploads\/2014\/10\/webcolor-14.webp","datePublished":"2021-09-09T03:29:04+00:00","dateModified":"2022-02-16T01:36:06+00:00","breadcrumb":{"@id":"https:\/\/alcogal.com\/es\/abogados-3\/karla-rivera\/#breadcrumb"},"inLanguage":"es","potentialAction":[{"@type":"ReadAction","target":["https:\/\/alcogal.com\/es\/abogados-3\/karla-rivera\/"]}]},{"@type":"ImageObject","inLanguage":"es","@id":"https:\/\/alcogal.com\/es\/abogados-3\/karla-rivera\/#primaryimage","url":"https:\/\/alcogal.com\/\/wp-content\/uploads\/2014\/10\/webcolor-14.webp","contentUrl":"https:\/\/alcogal.com\/\/wp-content\/uploads\/2014\/10\/webcolor-14.webp"},{"@type":"BreadcrumbList","@id":"https:\/\/alcogal.com\/es\/abogados-3\/karla-rivera\/#breadcrumb","itemListElement":[{"@type":"ListItem","position":1,"name":"Home","item":"https:\/\/alcogal.com\/es\/"},{"@type":"ListItem","position":2,"name":"Abogados","item":"https:\/\/alcogal.com\/es\/abogados-3\/"},{"@type":"ListItem","position":3,"name":"Karla Rivera"}]},{"@type":"WebSite","@id":"https:\/\/alcogal.com\/es\/#website","url":"https:\/\/alcogal.com\/es\/","name":"Alem\u00e1n, Cordero, Galindo & Lee - Firma de Abogados en Panam\u00e1","description":"Firma de Abogados en Panam\u00e1","publisher":{"@id":"https:\/\/alcogal.com\/es\/#organization"},"alternateName":"Alcogal","potentialAction":[{"@type":"SearchAction","target":{"@type":"EntryPoint","urlTemplate":"https:\/\/alcogal.com\/es\/?s={search_term_string}"},"query-input":{"@type":"PropertyValueSpecification","valueRequired":true,"valueName":"search_term_string"}}],"inLanguage":"es"},{"@type":"Organization","@id":"https:\/\/alcogal.com\/es\/#organization","name":"Aleman, Cordero, Galindo & Lee","alternateName":"Alcogal","url":"https:\/\/alcogal.com\/es\/","logo":{"@type":"ImageObject","inLanguage":"es","@id":"https:\/\/alcogal.com\/es\/#\/schema\/logo\/image\/","url":"https:\/\/alcogal.com\/wp-content\/uploads\/2025\/04\/logo-alcogal.png","contentUrl":"https:\/\/alcogal.com\/wp-content\/uploads\/2025\/04\/logo-alcogal.png","width":696,"height":696,"caption":"Aleman, Cordero, Galindo & Lee"},"image":{"@id":"https:\/\/alcogal.com\/es\/#\/schema\/logo\/image\/"},"sameAs":["https:\/\/www.facebook.com\/AlcogalAbogados\/","https:\/\/x.com\/alcogalabogados","https:\/\/www.linkedin.com\/company\/alcogal\/","https:\/\/www.instagram.com\/alcogalabogados\/"],"description":"Since our foundation in 1985, we have established ourselves as one of Panama\u2019s most prestigious law firms. We are a full-service firm with a team of lawyers who provide timely and efficient advice in all practice areas","email":"contact@alcogal.com","telephone":"+507 269-2620","foundingDate":"1985-01-01"}]}},"jetpack_sharing_enabled":true,"_links":{"self":[{"href":"https:\/\/alcogal.com\/es\/wp-json\/wp\/v2\/pages\/12267","targetHints":{"allow":["GET"]}}],"collection":[{"href":"https:\/\/alcogal.com\/es\/wp-json\/wp\/v2\/pages"}],"about":[{"href":"https:\/\/alcogal.com\/es\/wp-json\/wp\/v2\/types\/page"}],"author":[{"embeddable":true,"href":"https:\/\/alcogal.com\/es\/wp-json\/wp\/v2\/users\/1"}],"replies":[{"embeddable":true,"href":"https:\/\/alcogal.com\/es\/wp-json\/wp\/v2\/comments?post=12267"}],"version-history":[{"count":0,"href":"https:\/\/alcogal.com\/es\/wp-json\/wp\/v2\/pages\/12267\/revisions"}],"up":[{"embeddable":true,"href":"https:\/\/alcogal.com\/es\/wp-json\/wp\/v2\/pages\/11783"}],"wp:attachment":[{"href":"https:\/\/alcogal.com\/es\/wp-json\/wp\/v2\/media?parent=12267"}],"curies":[{"name":"wp","href":"https:\/\/api.w.org\/{rel}","templated":true}]}}