{"id":11984,"date":"2021-09-07T01:50:58","date_gmt":"2021-09-07T01:50:58","guid":{"rendered":"https:\/\/alcogal.com\/\/litigation-and-arbitration\/"},"modified":"2021-11-11T14:33:22","modified_gmt":"2021-11-11T19:33:22","slug":"litigios-y-arbitrajes","status":"publish","type":"page","link":"https:\/\/alcogal.com\/es\/litigios-y-arbitrajes\/","title":{"rendered":"Litigios y arbitrajes"},"content":{"rendered":"\t\t<div data-elementor-type=\"wp-page\" data-elementor-id=\"11984\" class=\"elementor elementor-11984 elementor-9533\" data-elementor-post-type=\"page\">\n\t\t\t\t\t\t<section class=\"elementor-section elementor-top-section elementor-element elementor-element-4de05bf elementor-section-boxed elementor-section-height-default elementor-section-height-default\" data-id=\"4de05bf\" data-element_type=\"section\" data-e-type=\"section\" data-settings=\"{&quot;background_background&quot;:&quot;classic&quot;}\">\n\t\t\t\t\t\t\t<div class=\"elementor-background-overlay\"><\/div>\n\t\t\t\t\t\t\t<div class=\"elementor-container elementor-column-gap-default\">\n\t\t\t\t\t<div class=\"elementor-column elementor-col-100 elementor-top-column elementor-element elementor-element-0117377\" data-id=\"0117377\" data-element_type=\"column\" data-e-type=\"column\">\n\t\t\t<div class=\"elementor-widget-wrap elementor-element-populated\">\n\t\t\t\t\t\t<div class=\"elementor-element elementor-element-b280c85 elementor-widget elementor-widget-heading\" data-id=\"b280c85\" data-element_type=\"widget\" data-e-type=\"widget\" data-widget_type=\"heading.default\">\n\t\t\t\t<div class=\"elementor-widget-container\">\n\t\t\t\t\t<h1 class=\"elementor-heading-title elementor-size-xxl\">LITIGIOS Y ARBITRAJES<\/h1>\t\t\t\t<\/div>\n\t\t\t\t<\/div>\n\t\t\t\t\t<\/div>\n\t\t<\/div>\n\t\t\t\t\t<\/div>\n\t\t<\/section>\n\t\t\t\t<section class=\"elementor-section elementor-top-section elementor-element elementor-element-a3b3302 elementor-section-boxed elementor-section-height-default elementor-section-height-default\" data-id=\"a3b3302\" data-element_type=\"section\" data-e-type=\"section\">\n\t\t\t\t\t\t<div class=\"elementor-container elementor-column-gap-default\">\n\t\t\t\t\t<div class=\"elementor-column elementor-col-50 elementor-top-column elementor-element elementor-element-8076452\" data-id=\"8076452\" data-element_type=\"column\" data-e-type=\"column\">\n\t\t\t<div class=\"elementor-widget-wrap elementor-element-populated\">\n\t\t\t\t\t\t<div class=\"elementor-element elementor-element-c37d1e1 elementor-widget elementor-widget-image\" data-id=\"c37d1e1\" data-element_type=\"widget\" data-e-type=\"widget\" data-widget_type=\"image.default\">\n\t\t\t\t<div class=\"elementor-widget-container\">\n\t\t\t\t\t\t\t\t\t\t\t\t\t\t\t\t<a href=\"https:\/\/alcogal.com\/es\/abogados-de-litigios-en-panama\/\">\n\t\t\t\t\t\t\t<img decoding=\"async\" width=\"98\" height=\"75\" src=\"https:\/\/alcogal.com\/wp-content\/uploads\/2021\/09\/litigation.png\" class=\"attachment-large size-large wp-image-9559\" alt=\"\" \/>\t\t\t\t\t\t\t\t<\/a>\n\t\t\t\t\t\t\t\t\t\t\t\t\t\t\t<\/div>\n\t\t\t\t<\/div>\n\t\t\t\t<div class=\"elementor-element elementor-element-ba239bb elementor-widget elementor-widget-heading\" data-id=\"ba239bb\" data-element_type=\"widget\" data-e-type=\"widget\" data-widget_type=\"heading.default\">\n\t\t\t\t<div class=\"elementor-widget-container\">\n\t\t\t\t\t<h2 class=\"elementor-heading-title elementor-size-default\">Litigios<\/h2>\t\t\t\t<\/div>\n\t\t\t\t<\/div>\n\t\t\t\t\t<\/div>\n\t\t<\/div>\n\t\t\t\t<div class=\"elementor-column elementor-col-50 elementor-top-column elementor-element elementor-element-faa2809\" data-id=\"faa2809\" data-element_type=\"column\" data-e-type=\"column\">\n\t\t\t<div class=\"elementor-widget-wrap elementor-element-populated\">\n\t\t\t\t\t\t<div class=\"elementor-element elementor-element-9377f11 elementor-widget elementor-widget-image\" data-id=\"9377f11\" data-element_type=\"widget\" data-e-type=\"widget\" data-widget_type=\"image.default\">\n\t\t\t\t<div class=\"elementor-widget-container\">\n\t\t\t\t\t\t\t\t\t\t\t\t\t\t\t\t<a href=\"https:\/\/alcogal.com\/es\/abogados-de-arbitraje-en-panama\/\">\n\t\t\t\t\t\t\t<img decoding=\"async\" width=\"78\" height=\"78\" src=\"https:\/\/alcogal.com\/wp-content\/uploads\/2021\/09\/arbitration.png\" class=\"attachment-large size-large wp-image-9562\" alt=\"\" \/>\t\t\t\t\t\t\t\t<\/a>\n\t\t\t\t\t\t\t\t\t\t\t\t\t\t\t<\/div>\n\t\t\t\t<\/div>\n\t\t\t\t<div class=\"elementor-element elementor-element-663a23b elementor-widget elementor-widget-heading\" data-id=\"663a23b\" data-element_type=\"widget\" data-e-type=\"widget\" data-widget_type=\"heading.default\">\n\t\t\t\t<div class=\"elementor-widget-container\">\n\t\t\t\t\t<h2 class=\"elementor-heading-title elementor-size-default\">Arbitrajes\n<\/h2>\t\t\t\t<\/div>\n\t\t\t\t<\/div>\n\t\t\t\t\t<\/div>\n\t\t<\/div>\n\t\t\t\t\t<\/div>\n\t\t<\/section>\n\t\t\t\t<section class=\"elementor-section elementor-top-section elementor-element elementor-element-1683fb8 elementor-section-boxed elementor-section-height-default elementor-section-height-default\" data-id=\"1683fb8\" data-element_type=\"section\" data-e-type=\"section\">\n\t\t\t\t\t\t<div class=\"elementor-container elementor-column-gap-default\">\n\t\t\t\t\t<div class=\"elementor-column elementor-col-100 elementor-top-column elementor-element elementor-element-3c91c9b\" data-id=\"3c91c9b\" data-element_type=\"column\" data-e-type=\"column\">\n\t\t\t<div class=\"elementor-widget-wrap elementor-element-populated\">\n\t\t\t\t\t\t<div class=\"elementor-element elementor-element-ecf6714 elementor-widget elementor-widget-heading\" data-id=\"ecf6714\" data-element_type=\"widget\" data-e-type=\"widget\" data-widget_type=\"heading.default\">\n\t\t\t\t<div class=\"elementor-widget-container\">\n\t\t\t\t\t<h3 class=\"elementor-heading-title elementor-size-default\">Transaccciones representativas<\/h3>\t\t\t\t<\/div>\n\t\t\t\t<\/div>\n\t\t\t\t\t<\/div>\n\t\t<\/div>\n\t\t\t\t\t<\/div>\n\t\t<\/section>\n\t\t\t\t<section class=\"elementor-section elementor-top-section elementor-element elementor-element-a5c0cfa elementor-section-boxed elementor-section-height-default elementor-section-height-default\" data-id=\"a5c0cfa\" data-element_type=\"section\" data-e-type=\"section\">\n\t\t\t\t\t\t<div class=\"elementor-container elementor-column-gap-default\">\n\t\t\t\t\t<div class=\"elementor-column elementor-col-50 elementor-top-column elementor-element elementor-element-510d127\" data-id=\"510d127\" data-element_type=\"column\" data-e-type=\"column\">\n\t\t\t<div class=\"elementor-widget-wrap elementor-element-populated\">\n\t\t\t\t\t\t<div class=\"elementor-element elementor-element-a80a5ea elementor-widget elementor-widget-text-editor\" data-id=\"a80a5ea\" data-element_type=\"widget\" data-e-type=\"widget\" data-widget_type=\"text-editor.default\">\n\t\t\t\t<div class=\"elementor-widget-container\">\n\t\t\t\t\t\t\t\t\t<ul><li>Asesoramos a Copa Airlines en un litigio antimonopol\u00edstico por USD11.3 millones interpuesto por la aerol\u00ednea colombiana Aces, el cual result\u00f3 en un fallo favorable para Copa Airlines que reconoci\u00f3 la legitimidad de los acuerdos de c\u00f3digo compartido entre aerol\u00edneas, una decisi\u00f3n que sent\u00f3 jurisprudencia en la industria en Panam\u00e1.<\/li><li>Asesoramos a Citibank en una demanda judicial por USD17 millones presentada por Nicol\u00e1s Nicholson y Pro Communications, en la cual la Corte Suprema de Justicia sostuvo los fallos emitidos por cortes menores los cuales absolv\u00edan a Citibank.<\/li><li>Representamos a Grupo Unidos por el Canal (GUPC) en el proceso de arbitraje en el DAB que resulto en un fallo favorable de USD235 millones de d\u00f3lares. Y actualmente los representamos en un proceso de arbitraje por USD180 millones de d\u00f3lares.<\/li><li>Representamos a Nordion Inc. en un proceso de responsabilidad civil extracontractual en el que se reclaman m\u00e1s de USD300 millones de d\u00f3lares como da\u00f1os y perjuicios sufridos en un accidente ocurrido en el Instituto Oncol\u00f3gico Nacional de Panam\u00e1.<\/li><li>Asesoramos a Crimson Logic en su negociaci\u00f3n con la Autoridad Nacional de Aduanas de Panam\u00e1 en relaci\u00f3n con el software SIGA, un sistema de control interno utilizado por la Autoridad.<\/li><\/ul>\t\t\t\t\t\t\t\t<\/div>\n\t\t\t\t<\/div>\n\t\t\t\t\t<\/div>\n\t\t<\/div>\n\t\t\t\t<div class=\"elementor-column elementor-col-50 elementor-top-column elementor-element elementor-element-b7f521e\" data-id=\"b7f521e\" data-element_type=\"column\" data-e-type=\"column\">\n\t\t\t<div class=\"elementor-widget-wrap elementor-element-populated\">\n\t\t\t\t\t\t<div class=\"elementor-element elementor-element-b5d879d elementor-widget elementor-widget-text-editor\" data-id=\"b5d879d\" data-element_type=\"widget\" data-e-type=\"widget\" data-widget_type=\"text-editor.default\">\n\t\t\t\t<div class=\"elementor-widget-container\">\n\t\t\t\t\t\t\t\t\t<ul><li>Asesoramos a TARSCO en sus negociaciones con Melones Oil Terminal en relaci\u00f3n con la construcci\u00f3n y desarrollo de una terminal de petr\u00f3leo en la Isla de Melones en el Pac\u00edfico paname\u00f1o.<\/li><li>Asesoramos a Hyundai Heavy Industries Miraflores Power Plant con respecto a las demandas civiles interpuestas en contra de dicha compa\u00f1\u00eda, y en un procedimiento multimillonario de arbitraje que la compa\u00f1\u00eda planea presentar.<\/li><li>Negociamos una inversi\u00f3n de capital en un proyecto joint venture para desarrollar una importante instalaci\u00f3n portuaria con PSA, en representaci\u00f3n de Sociedad Latinoamericana de Inversiones. Prevenimos rupturas en las negociaciones y a la vez aseguramos una valorizaci\u00f3n atractiva para el cliente.<\/li><li>Negociamos en representaci\u00f3n de Grupo Lakas para alcanzar un acuerdo en un intento formal de terminaci\u00f3n de un procedimiento de arbitraje entre el cliente y AEI, ambos accionistas de la generadora el\u00e9ctrica peruana Fenix Power.<\/li><\/ul>\t\t\t\t\t\t\t\t<\/div>\n\t\t\t\t<\/div>\n\t\t\t\t\t<\/div>\n\t\t<\/div>\n\t\t\t\t\t<\/div>\n\t\t<\/section>\n\t\t\t\t<\/div>\n\t\t","protected":false},"excerpt":{"rendered":"<p>LITIGIOS Y ARBITRAJES Litigios Arbitrajes Transaccciones representativas Asesoramos a Copa Airlines en un litigio antimonopol\u00edstico por USD11.3 millones interpuesto por la aerol\u00ednea colombiana Aces, el cual result\u00f3 en un fallo favorable para Copa Airlines que reconoci\u00f3 la legitimidad de los acuerdos de c\u00f3digo compartido entre aerol\u00edneas, una decisi\u00f3n que sent\u00f3 jurisprudencia en la industria en &hellip;<\/p>\n<p class=\"read-more\"> <a class=\"\" href=\"https:\/\/alcogal.com\/es\/litigios-y-arbitrajes\/\"> <span class=\"screen-reader-text\">Litigios y arbitrajes<\/span> Leer m\u00e1s &raquo;<\/a><\/p>\n","protected":false},"author":1,"featured_media":0,"parent":0,"menu_order":0,"comment_status":"closed","ping_status":"closed","template":"elementor_header_footer","meta":{"_acf_changed":false,"site-sidebar-layout":"no-sidebar","site-content-layout":"page-builder","ast-site-content-layout":"","site-content-style":"default","site-sidebar-style":"default","ast-global-header-display":"","ast-banner-title-visibility":"","ast-main-header-display":"","ast-hfb-above-header-display":"","ast-hfb-below-header-display":"","ast-hfb-mobile-header-display":"","site-post-title":"disabled","ast-breadcrumbs-content":"","ast-featured-img":"disabled","footer-sml-layout":"","theme-transparent-header-meta":"default","adv-header-id-meta":"","stick-header-meta":"","header-above-stick-meta":"","header-main-stick-meta":"","header-below-stick-meta":"","astra-migrate-meta-layouts":"","footnotes":""},"class_list":["post-11984","page","type-page","status-publish","hentry"],"acf":[],"yoast_head":"<!-- This site is optimized with the Yoast SEO Premium plugin v27.2 (Yoast SEO v27.2) - https:\/\/yoast.com\/product\/yoast-seo-premium-wordpress\/ -->\n<title>Litigios y arbitrajes | Alem\u00e1n, Cordero, Galindo &amp; Lee<\/title>\n<meta name=\"robots\" content=\"index, follow, max-snippet:-1, max-image-preview:large, max-video-preview:-1\" \/>\n<link rel=\"canonical\" href=\"https:\/\/alcogal.com\/es\/litigios-y-arbitrajes\/\" \/>\n<meta property=\"og:locale\" content=\"es_ES\" \/>\n<meta property=\"og:type\" content=\"article\" \/>\n<meta property=\"og:title\" content=\"Litigios y arbitrajes\" \/>\n<meta property=\"og:description\" content=\"LITIGIOS Y ARBITRAJES Litigios Arbitrajes Transaccciones representativas Asesoramos a Copa Airlines en un litigio antimonopol\u00edstico por USD11.3 millones interpuesto por la aerol\u00ednea colombiana Aces, el cual result\u00f3 en un fallo favorable para Copa Airlines que reconoci\u00f3 la legitimidad de los acuerdos de c\u00f3digo compartido entre aerol\u00edneas, una decisi\u00f3n que sent\u00f3 jurisprudencia en la industria en &hellip; Litigios y arbitrajes Leer m\u00e1s &raquo;\" \/>\n<meta property=\"og:url\" content=\"https:\/\/alcogal.com\/es\/litigios-y-arbitrajes\/\" \/>\n<meta property=\"og:site_name\" content=\"Alem\u00e1n, Cordero, Galindo &amp; Lee\" \/>\n<meta property=\"article:publisher\" content=\"https:\/\/www.facebook.com\/AlcogalAbogados\/\" \/>\n<meta property=\"article:modified_time\" content=\"2021-11-11T19:33:22+00:00\" \/>\n<meta property=\"og:image\" content=\"https:\/\/alcogal.com\/\/wp-content\/uploads\/2021\/09\/litigation.png\" \/>\n<meta name=\"twitter:card\" content=\"summary_large_image\" \/>\n<meta name=\"twitter:site\" content=\"@alcogalabogados\" \/>\n<meta name=\"twitter:label1\" content=\"Tiempo de lectura\" \/>\n\t<meta name=\"twitter:data1\" content=\"2 minutos\" \/>\n<script type=\"application\/ld+json\" class=\"yoast-schema-graph\">{\"@context\":\"https:\/\/schema.org\",\"@graph\":[{\"@type\":\"WebPage\",\"@id\":\"https:\/\/alcogal.com\/es\/litigios-y-arbitrajes\/\",\"url\":\"https:\/\/alcogal.com\/es\/litigios-y-arbitrajes\/\",\"name\":\"Litigios y arbitrajes | Alem\u00e1n, Cordero, Galindo &amp; Lee\",\"isPartOf\":{\"@id\":\"https:\/\/alcogal.com\/es\/#website\"},\"primaryImageOfPage\":{\"@id\":\"https:\/\/alcogal.com\/es\/litigios-y-arbitrajes\/#primaryimage\"},\"image\":{\"@id\":\"https:\/\/alcogal.com\/es\/litigios-y-arbitrajes\/#primaryimage\"},\"thumbnailUrl\":\"https:\/\/alcogal.com\/\/wp-content\/uploads\/2021\/09\/litigation.png\",\"datePublished\":\"2021-09-07T01:50:58+00:00\",\"dateModified\":\"2021-11-11T19:33:22+00:00\",\"breadcrumb\":{\"@id\":\"https:\/\/alcogal.com\/es\/litigios-y-arbitrajes\/#breadcrumb\"},\"inLanguage\":\"es\",\"potentialAction\":[{\"@type\":\"ReadAction\",\"target\":[\"https:\/\/alcogal.com\/es\/litigios-y-arbitrajes\/\"]}]},{\"@type\":\"ImageObject\",\"inLanguage\":\"es\",\"@id\":\"https:\/\/alcogal.com\/es\/litigios-y-arbitrajes\/#primaryimage\",\"url\":\"https:\/\/alcogal.com\/\/wp-content\/uploads\/2021\/09\/litigation.png\",\"contentUrl\":\"https:\/\/alcogal.com\/\/wp-content\/uploads\/2021\/09\/litigation.png\"},{\"@type\":\"BreadcrumbList\",\"@id\":\"https:\/\/alcogal.com\/es\/litigios-y-arbitrajes\/#breadcrumb\",\"itemListElement\":[{\"@type\":\"ListItem\",\"position\":1,\"name\":\"Home\",\"item\":\"https:\/\/alcogal.com\/es\/\"},{\"@type\":\"ListItem\",\"position\":2,\"name\":\"Litigios y arbitrajes\"}]},{\"@type\":\"WebSite\",\"@id\":\"https:\/\/alcogal.com\/es\/#website\",\"url\":\"https:\/\/alcogal.com\/es\/\",\"name\":\"Alem\u00e1n, Cordero, Galindo & Lee - Firma de Abogados en Panam\u00e1\",\"description\":\"Firma de Abogados en Panam\u00e1\",\"publisher\":{\"@id\":\"https:\/\/alcogal.com\/es\/#organization\"},\"alternateName\":\"Alcogal\",\"potentialAction\":[{\"@type\":\"SearchAction\",\"target\":{\"@type\":\"EntryPoint\",\"urlTemplate\":\"https:\/\/alcogal.com\/es\/?s={search_term_string}\"},\"query-input\":{\"@type\":\"PropertyValueSpecification\",\"valueRequired\":true,\"valueName\":\"search_term_string\"}}],\"inLanguage\":\"es\"},{\"@type\":\"Organization\",\"@id\":\"https:\/\/alcogal.com\/es\/#organization\",\"name\":\"Aleman, Cordero, Galindo & Lee\",\"alternateName\":\"Alcogal\",\"url\":\"https:\/\/alcogal.com\/es\/\",\"logo\":{\"@type\":\"ImageObject\",\"inLanguage\":\"es\",\"@id\":\"https:\/\/alcogal.com\/es\/#\/schema\/logo\/image\/\",\"url\":\"https:\/\/alcogal.com\/wp-content\/uploads\/2025\/04\/logo-alcogal.png\",\"contentUrl\":\"https:\/\/alcogal.com\/wp-content\/uploads\/2025\/04\/logo-alcogal.png\",\"width\":696,\"height\":696,\"caption\":\"Aleman, Cordero, Galindo & Lee\"},\"image\":{\"@id\":\"https:\/\/alcogal.com\/es\/#\/schema\/logo\/image\/\"},\"sameAs\":[\"https:\/\/www.facebook.com\/AlcogalAbogados\/\",\"https:\/\/x.com\/alcogalabogados\",\"https:\/\/www.linkedin.com\/company\/alcogal\/\",\"https:\/\/www.instagram.com\/alcogalabogados\/\"],\"description\":\"Since our foundation in 1985, we have established ourselves as one of Panama\u2019s most prestigious law firms. We are a full-service firm with a team of lawyers who provide timely and efficient advice in all practice areas\",\"email\":\"contact@alcogal.com\",\"telephone\":\"+507 269-2620\",\"foundingDate\":\"1985-01-01\"}]}<\/script>\n<!-- \/ Yoast SEO Premium plugin. -->","yoast_head_json":{"title":"Litigios y arbitrajes | Alem\u00e1n, Cordero, Galindo &amp; Lee","robots":{"index":"index","follow":"follow","max-snippet":"max-snippet:-1","max-image-preview":"max-image-preview:large","max-video-preview":"max-video-preview:-1"},"canonical":"https:\/\/alcogal.com\/es\/litigios-y-arbitrajes\/","og_locale":"es_ES","og_type":"article","og_title":"Litigios y arbitrajes","og_description":"LITIGIOS Y ARBITRAJES Litigios Arbitrajes Transaccciones representativas Asesoramos a Copa Airlines en un litigio antimonopol\u00edstico por USD11.3 millones interpuesto por la aerol\u00ednea colombiana Aces, el cual result\u00f3 en un fallo favorable para Copa Airlines que reconoci\u00f3 la legitimidad de los acuerdos de c\u00f3digo compartido entre aerol\u00edneas, una decisi\u00f3n que sent\u00f3 jurisprudencia en la industria en &hellip; Litigios y arbitrajes Leer m\u00e1s &raquo;","og_url":"https:\/\/alcogal.com\/es\/litigios-y-arbitrajes\/","og_site_name":"Alem\u00e1n, Cordero, Galindo &amp; Lee","article_publisher":"https:\/\/www.facebook.com\/AlcogalAbogados\/","article_modified_time":"2021-11-11T19:33:22+00:00","og_image":[{"url":"https:\/\/alcogal.com\/\/wp-content\/uploads\/2021\/09\/litigation.png","type":"","width":"","height":""}],"twitter_card":"summary_large_image","twitter_site":"@alcogalabogados","twitter_misc":{"Tiempo de lectura":"2 minutos"},"schema":{"@context":"https:\/\/schema.org","@graph":[{"@type":"WebPage","@id":"https:\/\/alcogal.com\/es\/litigios-y-arbitrajes\/","url":"https:\/\/alcogal.com\/es\/litigios-y-arbitrajes\/","name":"Litigios y arbitrajes | Alem\u00e1n, Cordero, Galindo &amp; Lee","isPartOf":{"@id":"https:\/\/alcogal.com\/es\/#website"},"primaryImageOfPage":{"@id":"https:\/\/alcogal.com\/es\/litigios-y-arbitrajes\/#primaryimage"},"image":{"@id":"https:\/\/alcogal.com\/es\/litigios-y-arbitrajes\/#primaryimage"},"thumbnailUrl":"https:\/\/alcogal.com\/\/wp-content\/uploads\/2021\/09\/litigation.png","datePublished":"2021-09-07T01:50:58+00:00","dateModified":"2021-11-11T19:33:22+00:00","breadcrumb":{"@id":"https:\/\/alcogal.com\/es\/litigios-y-arbitrajes\/#breadcrumb"},"inLanguage":"es","potentialAction":[{"@type":"ReadAction","target":["https:\/\/alcogal.com\/es\/litigios-y-arbitrajes\/"]}]},{"@type":"ImageObject","inLanguage":"es","@id":"https:\/\/alcogal.com\/es\/litigios-y-arbitrajes\/#primaryimage","url":"https:\/\/alcogal.com\/\/wp-content\/uploads\/2021\/09\/litigation.png","contentUrl":"https:\/\/alcogal.com\/\/wp-content\/uploads\/2021\/09\/litigation.png"},{"@type":"BreadcrumbList","@id":"https:\/\/alcogal.com\/es\/litigios-y-arbitrajes\/#breadcrumb","itemListElement":[{"@type":"ListItem","position":1,"name":"Home","item":"https:\/\/alcogal.com\/es\/"},{"@type":"ListItem","position":2,"name":"Litigios y arbitrajes"}]},{"@type":"WebSite","@id":"https:\/\/alcogal.com\/es\/#website","url":"https:\/\/alcogal.com\/es\/","name":"Alem\u00e1n, Cordero, Galindo & Lee - Firma de Abogados en Panam\u00e1","description":"Firma de Abogados en Panam\u00e1","publisher":{"@id":"https:\/\/alcogal.com\/es\/#organization"},"alternateName":"Alcogal","potentialAction":[{"@type":"SearchAction","target":{"@type":"EntryPoint","urlTemplate":"https:\/\/alcogal.com\/es\/?s={search_term_string}"},"query-input":{"@type":"PropertyValueSpecification","valueRequired":true,"valueName":"search_term_string"}}],"inLanguage":"es"},{"@type":"Organization","@id":"https:\/\/alcogal.com\/es\/#organization","name":"Aleman, Cordero, Galindo & Lee","alternateName":"Alcogal","url":"https:\/\/alcogal.com\/es\/","logo":{"@type":"ImageObject","inLanguage":"es","@id":"https:\/\/alcogal.com\/es\/#\/schema\/logo\/image\/","url":"https:\/\/alcogal.com\/wp-content\/uploads\/2025\/04\/logo-alcogal.png","contentUrl":"https:\/\/alcogal.com\/wp-content\/uploads\/2025\/04\/logo-alcogal.png","width":696,"height":696,"caption":"Aleman, Cordero, Galindo & Lee"},"image":{"@id":"https:\/\/alcogal.com\/es\/#\/schema\/logo\/image\/"},"sameAs":["https:\/\/www.facebook.com\/AlcogalAbogados\/","https:\/\/x.com\/alcogalabogados","https:\/\/www.linkedin.com\/company\/alcogal\/","https:\/\/www.instagram.com\/alcogalabogados\/"],"description":"Since our foundation in 1985, we have established ourselves as one of Panama\u2019s most prestigious law firms. We are a full-service firm with a team of lawyers who provide timely and efficient advice in all practice areas","email":"contact@alcogal.com","telephone":"+507 269-2620","foundingDate":"1985-01-01"}]}},"jetpack_sharing_enabled":true,"_links":{"self":[{"href":"https:\/\/alcogal.com\/es\/wp-json\/wp\/v2\/pages\/11984","targetHints":{"allow":["GET"]}}],"collection":[{"href":"https:\/\/alcogal.com\/es\/wp-json\/wp\/v2\/pages"}],"about":[{"href":"https:\/\/alcogal.com\/es\/wp-json\/wp\/v2\/types\/page"}],"author":[{"embeddable":true,"href":"https:\/\/alcogal.com\/es\/wp-json\/wp\/v2\/users\/1"}],"replies":[{"embeddable":true,"href":"https:\/\/alcogal.com\/es\/wp-json\/wp\/v2\/comments?post=11984"}],"version-history":[{"count":0,"href":"https:\/\/alcogal.com\/es\/wp-json\/wp\/v2\/pages\/11984\/revisions"}],"wp:attachment":[{"href":"https:\/\/alcogal.com\/es\/wp-json\/wp\/v2\/media?parent=11984"}],"curies":[{"name":"wp","href":"https:\/\/api.w.org\/{rel}","templated":true}]}}