{"id":11879,"date":"2021-09-16T19:54:40","date_gmt":"2021-09-16T19:54:40","guid":{"rendered":"https:\/\/alcogal.com\/\/oceania\/"},"modified":"2021-10-11T05:46:05","modified_gmt":"2021-10-11T05:46:05","slug":"oceania","status":"publish","type":"page","link":"https:\/\/alcogal.com\/es\/oceania\/","title":{"rendered":"OCEANIA"},"content":{"rendered":"\t\t<div data-elementor-type=\"wp-page\" data-elementor-id=\"11879\" class=\"elementor elementor-11879 elementor-10886\" data-elementor-post-type=\"page\">\n\t\t\t\t\t\t<section class=\"elementor-section elementor-top-section elementor-element elementor-element-8a567f5 elementor-section-boxed elementor-section-height-default elementor-section-height-default\" data-id=\"8a567f5\" data-element_type=\"section\" data-e-type=\"section\">\n\t\t\t\t\t\t<div class=\"elementor-container elementor-column-gap-default\">\n\t\t\t\t\t<div class=\"elementor-column elementor-col-100 elementor-top-column elementor-element elementor-element-9f5e726\" data-id=\"9f5e726\" data-element_type=\"column\" data-e-type=\"column\">\n\t\t\t<div class=\"elementor-widget-wrap elementor-element-populated\">\n\t\t\t\t\t\t<div class=\"elementor-element elementor-element-17df22d elementor--h-position-center elementor--v-position-middle elementor-arrows-position-inside elementor-pagination-position-inside elementor-widget elementor-widget-slides\" data-id=\"17df22d\" data-element_type=\"widget\" data-e-type=\"widget\" data-settings=\"{&quot;navigation&quot;:&quot;both&quot;,&quot;transition&quot;:&quot;slide&quot;,&quot;transition_speed&quot;:500}\" data-widget_type=\"slides.default\">\n\t\t\t\t<div class=\"elementor-widget-container\">\n\t\t\t\t\t\t\t\t\t<div class=\"elementor-swiper\">\n\t\t\t\t\t<div class=\"elementor-slides-wrapper elementor-main-swiper swiper\" role=\"region\" aria-roledescription=\"carousel\" aria-label=\"Diapositivas\" dir=\"ltr\" data-animation=\"\">\n\t\t\t\t<div class=\"swiper-wrapper elementor-slides\">\n\t\t\t\t\t\t\t\t\t\t<div class=\"elementor-repeater-item-6f3aa90 swiper-slide\" role=\"group\" aria-roledescription=\"slide\"><div class=\"swiper-slide-bg\" role=\"img\" aria-label=\"offices_oceania\"><\/div><div class=\"swiper-slide-inner\" ><div class=\"swiper-slide-contents\"><div class=\"elementor-slide-heading\">OCEAN\u00cdA<\/div><\/div><\/div><\/div>\t\t\t\t<\/div>\n\t\t\t\t\t\t\t<\/div>\n\t\t\t\t<\/div>\n\t\t\t\t\t\t\t\t<\/div>\n\t\t\t\t<\/div>\n\t\t\t\t\t<\/div>\n\t\t<\/div>\n\t\t\t\t\t<\/div>\n\t\t<\/section>\n\t\t\t\t<section class=\"elementor-section elementor-top-section elementor-element elementor-element-f677c21 elementor-section-boxed elementor-section-height-default elementor-section-height-default\" data-id=\"f677c21\" data-element_type=\"section\" data-e-type=\"section\">\n\t\t\t\t\t\t<div class=\"elementor-container elementor-column-gap-default\">\n\t\t\t\t\t<div class=\"elementor-column elementor-col-50 elementor-top-column elementor-element elementor-element-0d9c85d\" data-id=\"0d9c85d\" data-element_type=\"column\" data-e-type=\"column\">\n\t\t\t<div class=\"elementor-widget-wrap elementor-element-populated\">\n\t\t\t\t\t\t<div class=\"elementor-element elementor-element-0a68f1f elementor-widget-divider--view-line elementor-widget elementor-widget-divider\" data-id=\"0a68f1f\" data-element_type=\"widget\" data-e-type=\"widget\" data-widget_type=\"divider.default\">\n\t\t\t\t<div class=\"elementor-widget-container\">\n\t\t\t\t\t\t\t<div class=\"elementor-divider\">\n\t\t\t<span class=\"elementor-divider-separator\">\n\t\t\t\t\t\t<\/span>\n\t\t<\/div>\n\t\t\t\t\t\t<\/div>\n\t\t\t\t<\/div>\n\t\t\t\t<div class=\"elementor-element elementor-element-1bffd68 elementor-widget elementor-widget-heading\" data-id=\"1bffd68\" data-element_type=\"widget\" data-e-type=\"widget\" data-widget_type=\"heading.default\">\n\t\t\t\t<div class=\"elementor-widget-container\">\n\t\t\t\t\t<h3 class=\"elementor-heading-title elementor-size-default\">Nueva Zelanda<\/h3>\t\t\t\t<\/div>\n\t\t\t\t<\/div>\n\t\t\t\t<div class=\"elementor-element elementor-element-b5b28ff elementor-widget elementor-widget-text-editor\" data-id=\"b5b28ff\" data-element_type=\"widget\" data-e-type=\"widget\" data-widget_type=\"text-editor.default\">\n\t\t\t\t<div class=\"elementor-widget-container\">\n\t\t\t\t\t\t\t\t\t<p>APEX TRUST (NZ) LIMITED<\/p><p>60 Tinakori Road, Thorndon<br \/>Wellington 6011<br \/>New Zealand<\/p>\t\t\t\t\t\t\t\t<\/div>\n\t\t\t\t<\/div>\n\t\t\t\t\t<\/div>\n\t\t<\/div>\n\t\t\t\t<div class=\"elementor-column elementor-col-50 elementor-top-column elementor-element elementor-element-88a4c3a\" data-id=\"88a4c3a\" data-element_type=\"column\" data-e-type=\"column\">\n\t\t\t<div class=\"elementor-widget-wrap\">\n\t\t\t\t\t\t\t<\/div>\n\t\t<\/div>\n\t\t\t\t\t<\/div>\n\t\t<\/section>\n\t\t\t\t<\/div>\n\t\t","protected":false},"excerpt":{"rendered":"<p>OCEAN\u00cdA Nueva Zelanda APEX TRUST (NZ) LIMITED 60 Tinakori Road, ThorndonWellington 6011New Zealand<\/p>\n","protected":false},"author":1,"featured_media":0,"parent":0,"menu_order":0,"comment_status":"closed","ping_status":"closed","template":"","meta":{"_acf_changed":false,"site-sidebar-layout":"no-sidebar","site-content-layout":"page-builder","ast-site-content-layout":"","site-content-style":"default","site-sidebar-style":"default","ast-global-header-display":"","ast-banner-title-visibility":"","ast-main-header-display":"","ast-hfb-above-header-display":"","ast-hfb-below-header-display":"","ast-hfb-mobile-header-display":"","site-post-title":"disabled","ast-breadcrumbs-content":"","ast-featured-img":"disabled","footer-sml-layout":"","theme-transparent-header-meta":"default","adv-header-id-meta":"","stick-header-meta":"","header-above-stick-meta":"","header-main-stick-meta":"","header-below-stick-meta":"","astra-migrate-meta-layouts":"","footnotes":""},"class_list":["post-11879","page","type-page","status-publish","hentry"],"acf":[],"yoast_head":"<!-- This site is optimized with the Yoast SEO Premium plugin v27.2 (Yoast SEO v27.2) - https:\/\/yoast.com\/product\/yoast-seo-premium-wordpress\/ -->\n<title>OCEANIA | Alem\u00e1n, Cordero, Galindo &amp; Lee<\/title>\n<meta name=\"robots\" content=\"index, follow, max-snippet:-1, max-image-preview:large, max-video-preview:-1\" \/>\n<link rel=\"canonical\" href=\"https:\/\/alcogal.com\/es\/oceania\/\" \/>\n<meta property=\"og:locale\" content=\"es_ES\" \/>\n<meta property=\"og:type\" content=\"article\" \/>\n<meta property=\"og:title\" content=\"OCEANIA\" \/>\n<meta property=\"og:description\" content=\"OCEAN\u00cdA Nueva Zelanda APEX TRUST (NZ) LIMITED 60 Tinakori Road, ThorndonWellington 6011New Zealand\" \/>\n<meta property=\"og:url\" content=\"https:\/\/alcogal.com\/es\/oceania\/\" \/>\n<meta property=\"og:site_name\" content=\"Alem\u00e1n, Cordero, Galindo &amp; Lee\" \/>\n<meta property=\"article:publisher\" content=\"https:\/\/www.facebook.com\/AlcogalAbogados\/\" \/>\n<meta property=\"article:modified_time\" content=\"2021-10-11T05:46:05+00:00\" \/>\n<meta property=\"og:image\" content=\"https:\/\/alcogal.com\/wp-content\/uploads\/2026\/02\/alcogal-new-og.jpg\" \/>\n\t<meta property=\"og:image:width\" content=\"1200\" \/>\n\t<meta property=\"og:image:height\" content=\"630\" \/>\n\t<meta property=\"og:image:type\" content=\"image\/jpeg\" \/>\n<meta name=\"twitter:card\" content=\"summary_large_image\" \/>\n<meta name=\"twitter:site\" content=\"@alcogalabogados\" \/>\n<script type=\"application\/ld+json\" class=\"yoast-schema-graph\">{\"@context\":\"https:\/\/schema.org\",\"@graph\":[{\"@type\":\"WebPage\",\"@id\":\"https:\/\/alcogal.com\/es\/oceania\/\",\"url\":\"https:\/\/alcogal.com\/es\/oceania\/\",\"name\":\"OCEANIA | Alem\u00e1n, Cordero, Galindo &amp; Lee\",\"isPartOf\":{\"@id\":\"https:\/\/alcogal.com\/es\/#website\"},\"datePublished\":\"2021-09-16T19:54:40+00:00\",\"dateModified\":\"2021-10-11T05:46:05+00:00\",\"breadcrumb\":{\"@id\":\"https:\/\/alcogal.com\/es\/oceania\/#breadcrumb\"},\"inLanguage\":\"es\",\"potentialAction\":[{\"@type\":\"ReadAction\",\"target\":[\"https:\/\/alcogal.com\/es\/oceania\/\"]}]},{\"@type\":\"BreadcrumbList\",\"@id\":\"https:\/\/alcogal.com\/es\/oceania\/#breadcrumb\",\"itemListElement\":[{\"@type\":\"ListItem\",\"position\":1,\"name\":\"Home\",\"item\":\"https:\/\/alcogal.com\/es\/\"},{\"@type\":\"ListItem\",\"position\":2,\"name\":\"OCEANIA\"}]},{\"@type\":\"WebSite\",\"@id\":\"https:\/\/alcogal.com\/es\/#website\",\"url\":\"https:\/\/alcogal.com\/es\/\",\"name\":\"Alem\u00e1n, Cordero, Galindo & Lee - Firma de Abogados en Panam\u00e1\",\"description\":\"Firma de Abogados en Panam\u00e1\",\"publisher\":{\"@id\":\"https:\/\/alcogal.com\/es\/#organization\"},\"alternateName\":\"Alcogal\",\"potentialAction\":[{\"@type\":\"SearchAction\",\"target\":{\"@type\":\"EntryPoint\",\"urlTemplate\":\"https:\/\/alcogal.com\/es\/?s={search_term_string}\"},\"query-input\":{\"@type\":\"PropertyValueSpecification\",\"valueRequired\":true,\"valueName\":\"search_term_string\"}}],\"inLanguage\":\"es\"},{\"@type\":\"Organization\",\"@id\":\"https:\/\/alcogal.com\/es\/#organization\",\"name\":\"Aleman, Cordero, Galindo & Lee\",\"alternateName\":\"Alcogal\",\"url\":\"https:\/\/alcogal.com\/es\/\",\"logo\":{\"@type\":\"ImageObject\",\"inLanguage\":\"es\",\"@id\":\"https:\/\/alcogal.com\/es\/#\/schema\/logo\/image\/\",\"url\":\"https:\/\/alcogal.com\/wp-content\/uploads\/2025\/04\/logo-alcogal.png\",\"contentUrl\":\"https:\/\/alcogal.com\/wp-content\/uploads\/2025\/04\/logo-alcogal.png\",\"width\":696,\"height\":696,\"caption\":\"Aleman, Cordero, Galindo & Lee\"},\"image\":{\"@id\":\"https:\/\/alcogal.com\/es\/#\/schema\/logo\/image\/\"},\"sameAs\":[\"https:\/\/www.facebook.com\/AlcogalAbogados\/\",\"https:\/\/x.com\/alcogalabogados\",\"https:\/\/www.linkedin.com\/company\/alcogal\/\",\"https:\/\/www.instagram.com\/alcogalabogados\/\"],\"description\":\"Since our foundation in 1985, we have established ourselves as one of Panama\u2019s most prestigious law firms. We are a full-service firm with a team of lawyers who provide timely and efficient advice in all practice areas\",\"email\":\"contact@alcogal.com\",\"telephone\":\"+507 269-2620\",\"foundingDate\":\"1985-01-01\"}]}<\/script>\n<!-- \/ Yoast SEO Premium plugin. -->","yoast_head_json":{"title":"OCEANIA | Alem\u00e1n, Cordero, Galindo &amp; Lee","robots":{"index":"index","follow":"follow","max-snippet":"max-snippet:-1","max-image-preview":"max-image-preview:large","max-video-preview":"max-video-preview:-1"},"canonical":"https:\/\/alcogal.com\/es\/oceania\/","og_locale":"es_ES","og_type":"article","og_title":"OCEANIA","og_description":"OCEAN\u00cdA Nueva Zelanda APEX TRUST (NZ) LIMITED 60 Tinakori Road, ThorndonWellington 6011New Zealand","og_url":"https:\/\/alcogal.com\/es\/oceania\/","og_site_name":"Alem\u00e1n, Cordero, Galindo &amp; Lee","article_publisher":"https:\/\/www.facebook.com\/AlcogalAbogados\/","article_modified_time":"2021-10-11T05:46:05+00:00","og_image":[{"width":1200,"height":630,"url":"https:\/\/alcogal.com\/wp-content\/uploads\/2026\/02\/alcogal-new-og.jpg","type":"image\/jpeg"}],"twitter_card":"summary_large_image","twitter_site":"@alcogalabogados","schema":{"@context":"https:\/\/schema.org","@graph":[{"@type":"WebPage","@id":"https:\/\/alcogal.com\/es\/oceania\/","url":"https:\/\/alcogal.com\/es\/oceania\/","name":"OCEANIA | Alem\u00e1n, Cordero, Galindo &amp; Lee","isPartOf":{"@id":"https:\/\/alcogal.com\/es\/#website"},"datePublished":"2021-09-16T19:54:40+00:00","dateModified":"2021-10-11T05:46:05+00:00","breadcrumb":{"@id":"https:\/\/alcogal.com\/es\/oceania\/#breadcrumb"},"inLanguage":"es","potentialAction":[{"@type":"ReadAction","target":["https:\/\/alcogal.com\/es\/oceania\/"]}]},{"@type":"BreadcrumbList","@id":"https:\/\/alcogal.com\/es\/oceania\/#breadcrumb","itemListElement":[{"@type":"ListItem","position":1,"name":"Home","item":"https:\/\/alcogal.com\/es\/"},{"@type":"ListItem","position":2,"name":"OCEANIA"}]},{"@type":"WebSite","@id":"https:\/\/alcogal.com\/es\/#website","url":"https:\/\/alcogal.com\/es\/","name":"Alem\u00e1n, Cordero, Galindo & Lee - Firma de Abogados en Panam\u00e1","description":"Firma de Abogados en Panam\u00e1","publisher":{"@id":"https:\/\/alcogal.com\/es\/#organization"},"alternateName":"Alcogal","potentialAction":[{"@type":"SearchAction","target":{"@type":"EntryPoint","urlTemplate":"https:\/\/alcogal.com\/es\/?s={search_term_string}"},"query-input":{"@type":"PropertyValueSpecification","valueRequired":true,"valueName":"search_term_string"}}],"inLanguage":"es"},{"@type":"Organization","@id":"https:\/\/alcogal.com\/es\/#organization","name":"Aleman, Cordero, Galindo & Lee","alternateName":"Alcogal","url":"https:\/\/alcogal.com\/es\/","logo":{"@type":"ImageObject","inLanguage":"es","@id":"https:\/\/alcogal.com\/es\/#\/schema\/logo\/image\/","url":"https:\/\/alcogal.com\/wp-content\/uploads\/2025\/04\/logo-alcogal.png","contentUrl":"https:\/\/alcogal.com\/wp-content\/uploads\/2025\/04\/logo-alcogal.png","width":696,"height":696,"caption":"Aleman, Cordero, Galindo & Lee"},"image":{"@id":"https:\/\/alcogal.com\/es\/#\/schema\/logo\/image\/"},"sameAs":["https:\/\/www.facebook.com\/AlcogalAbogados\/","https:\/\/x.com\/alcogalabogados","https:\/\/www.linkedin.com\/company\/alcogal\/","https:\/\/www.instagram.com\/alcogalabogados\/"],"description":"Since our foundation in 1985, we have established ourselves as one of Panama\u2019s most prestigious law firms. We are a full-service firm with a team of lawyers who provide timely and efficient advice in all practice areas","email":"contact@alcogal.com","telephone":"+507 269-2620","foundingDate":"1985-01-01"}]}},"jetpack_sharing_enabled":true,"_links":{"self":[{"href":"https:\/\/alcogal.com\/es\/wp-json\/wp\/v2\/pages\/11879","targetHints":{"allow":["GET"]}}],"collection":[{"href":"https:\/\/alcogal.com\/es\/wp-json\/wp\/v2\/pages"}],"about":[{"href":"https:\/\/alcogal.com\/es\/wp-json\/wp\/v2\/types\/page"}],"author":[{"embeddable":true,"href":"https:\/\/alcogal.com\/es\/wp-json\/wp\/v2\/users\/1"}],"replies":[{"embeddable":true,"href":"https:\/\/alcogal.com\/es\/wp-json\/wp\/v2\/comments?post=11879"}],"version-history":[{"count":0,"href":"https:\/\/alcogal.com\/es\/wp-json\/wp\/v2\/pages\/11879\/revisions"}],"wp:attachment":[{"href":"https:\/\/alcogal.com\/es\/wp-json\/wp\/v2\/media?parent=11879"}],"curies":[{"name":"wp","href":"https:\/\/api.w.org\/{rel}","templated":true}]}}