{"id":11771,"date":"2021-08-31T16:56:45","date_gmt":"2021-08-31T16:56:45","guid":{"rendered":"https:\/\/alcogal.com\/\/profile\/"},"modified":"2022-04-06T10:52:06","modified_gmt":"2022-04-06T15:52:06","slug":"perfil","status":"publish","type":"page","link":"https:\/\/alcogal.com\/es\/perfil\/","title":{"rendered":"perfil"},"content":{"rendered":"\t\t<div data-elementor-type=\"wp-page\" data-elementor-id=\"11771\" class=\"elementor elementor-11771 elementor-9085\" data-elementor-post-type=\"page\">\n\t\t\t\t\t\t<section class=\"elementor-section elementor-top-section elementor-element elementor-element-4de05bf elementor-section-boxed elementor-section-height-default elementor-section-height-default\" data-id=\"4de05bf\" data-element_type=\"section\" data-e-type=\"section\" data-settings=\"{&quot;background_background&quot;:&quot;classic&quot;}\">\n\t\t\t\t\t\t<div class=\"elementor-container elementor-column-gap-default\">\n\t\t\t\t\t<div class=\"elementor-column elementor-col-100 elementor-top-column elementor-element elementor-element-0117377\" data-id=\"0117377\" data-element_type=\"column\" data-e-type=\"column\">\n\t\t\t<div class=\"elementor-widget-wrap elementor-element-populated\">\n\t\t\t\t\t\t<div class=\"elementor-element elementor-element-b280c85 elementor-widget elementor-widget-heading\" data-id=\"b280c85\" data-element_type=\"widget\" data-e-type=\"widget\" data-widget_type=\"heading.default\">\n\t\t\t\t<div class=\"elementor-widget-container\">\n\t\t\t\t\t<h1 class=\"elementor-heading-title elementor-size-xxl\">PERFIL<\/h1>\t\t\t\t<\/div>\n\t\t\t\t<\/div>\n\t\t\t\t\t<\/div>\n\t\t<\/div>\n\t\t\t\t\t<\/div>\n\t\t<\/section>\n\t\t\t\t<section class=\"elementor-section elementor-top-section elementor-element elementor-element-88f9dae elementor-section-full_width elementor-section-height-default elementor-section-height-default\" data-id=\"88f9dae\" data-element_type=\"section\" data-e-type=\"section\" data-settings=\"{&quot;background_background&quot;:&quot;classic&quot;}\">\n\t\t\t\t\t\t<div class=\"elementor-container elementor-column-gap-default\">\n\t\t\t\t\t<div class=\"elementor-column elementor-col-66 elementor-top-column elementor-element elementor-element-e341666\" data-id=\"e341666\" data-element_type=\"column\" data-e-type=\"column\">\n\t\t\t<div class=\"elementor-widget-wrap elementor-element-populated\">\n\t\t\t\t\t\t<div class=\"elementor-element elementor-element-e618b48 elementor-widget elementor-widget-text-editor\" data-id=\"e618b48\" data-element_type=\"widget\" data-e-type=\"widget\" data-widget_type=\"text-editor.default\">\n\t\t\t\t<div class=\"elementor-widget-container\">\n\t\t\t\t\t\t\t\t\t<p><strong>Alem\u00e1n, Cordero, Galindo &amp; Lee (Alcogal) fue establecida en 1985 y es una de las firmas de abogados m\u00e1s importantes de Panam\u00e1. Alcogal es una firma de abogados de servicio completo con un equipo dedicado de juristas enfocados en brindar asesoramiento oportuno y eficiente en todas las industrias.<\/strong><\/p><p>Alcogal es particularmente fuerte en las \u00e1reas de banca, finanzas, fusiones y adquisiciones\u00a0 y resoluci\u00f3n de disputas, as\u00ed como en la representaci\u00f3n de grandes corporaciones que operan en Panam\u00e1. En su pr\u00e1ctica local, el departamento bancario es una de las principales \u00e1reas de fortaleza de la firma.<\/p>\t\t\t\t\t\t\t\t<\/div>\n\t\t\t\t<\/div>\n\t\t\t\t\t<\/div>\n\t\t<\/div>\n\t\t\t\t<div class=\"elementor-column elementor-col-33 elementor-top-column elementor-element elementor-element-cd41d9d elementor-hidden-tablet\" data-id=\"cd41d9d\" data-element_type=\"column\" data-e-type=\"column\" data-settings=\"{&quot;background_background&quot;:&quot;classic&quot;}\">\n\t\t\t<div class=\"elementor-widget-wrap elementor-element-populated\">\n\t\t\t\t\t\t<div class=\"elementor-element elementor-element-2747adb elementor-widget elementor-widget-image\" data-id=\"2747adb\" data-element_type=\"widget\" data-e-type=\"widget\" data-widget_type=\"image.default\">\n\t\t\t\t<div class=\"elementor-widget-container\">\n\t\t\t\t\t\t\t\t\t\t\t\t\t\t\t<img decoding=\"async\" width=\"45\" height=\"52\" src=\"https:\/\/alcogal.com\/wp-content\/uploads\/2021\/08\/profile_triangulo.png\" class=\"attachment-large size-large wp-image-9102\" alt=\"\" \/>\t\t\t\t\t\t\t\t\t\t\t\t\t\t\t<\/div>\n\t\t\t\t<\/div>\n\t\t\t\t\t<\/div>\n\t\t<\/div>\n\t\t\t\t\t<\/div>\n\t\t<\/section>\n\t\t\t\t<section class=\"elementor-section elementor-top-section elementor-element elementor-element-665527b elementor-section-full_width elementor-reverse-mobile elementor-section-height-default elementor-section-height-default\" data-id=\"665527b\" data-element_type=\"section\" data-e-type=\"section\" data-settings=\"{&quot;background_background&quot;:&quot;classic&quot;}\">\n\t\t\t\t\t\t<div class=\"elementor-container elementor-column-gap-default\">\n\t\t\t\t\t<div class=\"elementor-column elementor-col-33 elementor-top-column elementor-element elementor-element-f13b2f4 elementor-hidden-tablet\" data-id=\"f13b2f4\" data-element_type=\"column\" data-e-type=\"column\" data-settings=\"{&quot;background_background&quot;:&quot;classic&quot;}\">\n\t\t\t<div class=\"elementor-widget-wrap elementor-element-populated\">\n\t\t\t\t\t\t<div class=\"elementor-element elementor-element-b9ea009 elementor-widget elementor-widget-image\" data-id=\"b9ea009\" data-element_type=\"widget\" data-e-type=\"widget\" data-widget_type=\"image.default\">\n\t\t\t\t<div class=\"elementor-widget-container\">\n\t\t\t\t\t\t\t\t\t\t\t\t\t\t\t<img decoding=\"async\" width=\"46\" height=\"53\" src=\"https:\/\/alcogal.com\/wp-content\/uploads\/2021\/08\/profile_triangulo_2.png\" class=\"attachment-large size-large wp-image-9106\" alt=\"\" \/>\t\t\t\t\t\t\t\t\t\t\t\t\t\t\t<\/div>\n\t\t\t\t<\/div>\n\t\t\t\t\t<\/div>\n\t\t<\/div>\n\t\t\t\t<div class=\"elementor-column elementor-col-66 elementor-top-column elementor-element elementor-element-c063ea9\" data-id=\"c063ea9\" data-element_type=\"column\" data-e-type=\"column\">\n\t\t\t<div class=\"elementor-widget-wrap elementor-element-populated\">\n\t\t\t\t\t\t<div class=\"elementor-element elementor-element-00dda07 elementor-widget elementor-widget-text-editor\" data-id=\"00dda07\" data-element_type=\"widget\" data-e-type=\"widget\" data-widget_type=\"text-editor.default\">\n\t\t\t\t<div class=\"elementor-widget-container\">\n\t\t\t\t\t\t\t\t\t<p><strong>Proveemos servicios a la mayor\u00eda de los principales bancos establecidos en el pa\u00eds y representa a varios bancos extranjeros que han solicitado licencias bancarias recientemente y tambi\u00e9n representamos a varios bancos extranjeros en sus l\u00edneas de cr\u00e9dito a entidades locales o extranjeras.<\/strong> La firma tambi\u00e9n brinda asesor\u00eda legal a un gran n\u00famero de empresas de diversas industrias, que van desde la mayor empresa de telecomunicaciones del pa\u00eds hasta empresas dedicadas a actividades portuarias, desarrollo de software, transporte (aerol\u00edneas, ferrocarriles y navieras), distribuci\u00f3n el\u00e9ctrica, construcci\u00f3n, manufactura, distribuci\u00f3n de petr\u00f3leo, distribuci\u00f3n farmac\u00e9utica, ventas minoristas, entre otros.<\/p>\t\t\t\t\t\t\t\t<\/div>\n\t\t\t\t<\/div>\n\t\t\t\t\t<\/div>\n\t\t<\/div>\n\t\t\t\t\t<\/div>\n\t\t<\/section>\n\t\t\t\t<section class=\"elementor-section elementor-top-section elementor-element elementor-element-b64404a elementor-section-full_width elementor-section-height-default elementor-section-height-default\" data-id=\"b64404a\" data-element_type=\"section\" data-e-type=\"section\" data-settings=\"{&quot;background_background&quot;:&quot;classic&quot;}\">\n\t\t\t\t\t\t\t<div class=\"elementor-background-overlay\"><\/div>\n\t\t\t\t\t\t\t<div class=\"elementor-container elementor-column-gap-default\">\n\t\t\t\t\t<div class=\"elementor-column elementor-col-33 elementor-top-column elementor-element elementor-element-2eb8b56\" data-id=\"2eb8b56\" data-element_type=\"column\" data-e-type=\"column\" data-settings=\"{&quot;background_background&quot;:&quot;classic&quot;}\">\n\t\t\t<div class=\"elementor-widget-wrap elementor-element-populated\">\n\t\t\t\t\t\t<div class=\"elementor-element elementor-element-be3c986 elementor-widget elementor-widget-image\" data-id=\"be3c986\" data-element_type=\"widget\" data-e-type=\"widget\" data-widget_type=\"image.default\">\n\t\t\t\t<div class=\"elementor-widget-container\">\n\t\t\t\t\t\t\t\t\t\t\t\t\t\t\t<img decoding=\"async\" width=\"152\" height=\"138\" src=\"https:\/\/alcogal.com\/wp-content\/uploads\/2021\/08\/profile_persona.png\" class=\"attachment-large size-large wp-image-9111\" alt=\"\" \/>\t\t\t\t\t\t\t\t\t\t\t\t\t\t\t<\/div>\n\t\t\t\t<\/div>\n\t\t\t\t\t<\/div>\n\t\t<\/div>\n\t\t\t\t<div class=\"elementor-column elementor-col-66 elementor-top-column elementor-element elementor-element-09912f2\" data-id=\"09912f2\" data-element_type=\"column\" data-e-type=\"column\">\n\t\t\t<div class=\"elementor-widget-wrap elementor-element-populated\">\n\t\t\t\t\t\t<div class=\"elementor-element elementor-element-f0d5cac elementor-widget elementor-widget-text-editor\" data-id=\"f0d5cac\" data-element_type=\"widget\" data-e-type=\"widget\" data-widget_type=\"text-editor.default\">\n\t\t\t\t<div class=\"elementor-widget-container\">\n\t\t\t\t\t\t\t\t\t<p><strong>Alcogal tambi\u00e9n tiene amplia experiencia en el trato con clientes internacionales. Ha manejado muchas transacciones financieras complejas y transfronterizas, as\u00ed como transacciones de fusiones y adquisiciones a gran escala y licitaciones p\u00fablicas.<\/strong><\/p><p>La pr\u00e1ctica internacional est\u00e1 respaldada por oficinas en las Islas V\u00edrgenes Brit\u00e1nicas, Belice, las Bahamas, Uruguay y tambi\u00e9n por una s\u00f3lida red de corresponsales en Europa, Asia, Estados Unidos y Am\u00e9rica Latina.<\/p>\t\t\t\t\t\t\t\t<\/div>\n\t\t\t\t<\/div>\n\t\t\t\t\t<\/div>\n\t\t<\/div>\n\t\t\t\t\t<\/div>\n\t\t<\/section>\n\t\t\t\t<section class=\"elementor-section elementor-top-section elementor-element elementor-element-435a31b elementor-section-full_width elementor-section-height-default elementor-section-height-default\" data-id=\"435a31b\" data-element_type=\"section\" data-e-type=\"section\" data-settings=\"{&quot;background_background&quot;:&quot;classic&quot;}\">\n\t\t\t\t\t\t<div class=\"elementor-container elementor-column-gap-default\">\n\t\t\t\t\t<div class=\"elementor-column elementor-col-66 elementor-top-column elementor-element elementor-element-07b3684\" data-id=\"07b3684\" data-element_type=\"column\" data-e-type=\"column\">\n\t\t\t<div class=\"elementor-widget-wrap elementor-element-populated\">\n\t\t\t\t\t\t<div class=\"elementor-element elementor-element-801d446 elementor-widget elementor-widget-text-editor\" data-id=\"801d446\" data-element_type=\"widget\" data-e-type=\"widget\" data-widget_type=\"text-editor.default\">\n\t\t\t\t<div class=\"elementor-widget-container\">\n\t\t\t\t\t\t\t\t\t<p>Alem\u00e1n, Cordero, Galindo &amp; Lee es una firma de abogados comprometida con el cumplimiento de las regulaciones para la prevenci\u00f3n del lavado de activos y financiamiento del terrorismo.<\/p><p>Consideramos como prioridad brindarle a nuestros clientes la seguridad de que sus compa\u00f1\u00edas est\u00e9n cumpliendo con las leyes y regulaciones de cada jurisdicci\u00f3n. Es por esto que conocer a nuestro cliente mediante el cumplimiento de los est\u00e1ndares internacionales y el cumplimiento de las pol\u00edticas de \u201cConozca a su Cliente\u201d es de suma importancia para nosotros<span id=\"result_box\" class=\"\" lang=\"es\"><\/span>.<\/p>\t\t\t\t\t\t\t\t<\/div>\n\t\t\t\t<\/div>\n\t\t\t\t\t<\/div>\n\t\t<\/div>\n\t\t\t\t<div class=\"elementor-column elementor-col-33 elementor-top-column elementor-element elementor-element-b77abdf\" data-id=\"b77abdf\" data-element_type=\"column\" data-e-type=\"column\" data-settings=\"{&quot;background_background&quot;:&quot;classic&quot;}\">\n\t\t\t<div class=\"elementor-widget-wrap elementor-element-populated\">\n\t\t\t\t\t\t<div class=\"elementor-element elementor-element-ffb4aea elementor-widget elementor-widget-heading\" data-id=\"ffb4aea\" data-element_type=\"widget\" data-e-type=\"widget\" data-widget_type=\"heading.default\">\n\t\t\t\t<div class=\"elementor-widget-container\">\n\t\t\t\t\t<h2 class=\"elementor-heading-title elementor-size-xl\">Cumplimiento<\/h2>\t\t\t\t<\/div>\n\t\t\t\t<\/div>\n\t\t\t\t\t<\/div>\n\t\t<\/div>\n\t\t\t\t\t<\/div>\n\t\t<\/section>\n\t\t\t\t<\/div>\n\t\t","protected":false},"excerpt":{"rendered":"<p>PERFIL Alem\u00e1n, Cordero, Galindo &amp; Lee (Alcogal) fue establecida en 1985 y es una de las firmas de abogados m\u00e1s importantes de Panam\u00e1. Alcogal es una firma de abogados de servicio completo con un equipo dedicado de juristas enfocados en brindar asesoramiento oportuno y eficiente en todas las industrias. Alcogal es particularmente fuerte en las &hellip;<\/p>\n<p class=\"read-more\"> <a class=\"\" href=\"https:\/\/alcogal.com\/es\/perfil\/\"> <span class=\"screen-reader-text\">perfil<\/span> Leer m\u00e1s &raquo;<\/a><\/p>\n","protected":false},"author":1,"featured_media":0,"parent":0,"menu_order":0,"comment_status":"closed","ping_status":"closed","template":"elementor_header_footer","meta":{"_acf_changed":false,"site-sidebar-layout":"no-sidebar","site-content-layout":"page-builder","ast-site-content-layout":"","site-content-style":"default","site-sidebar-style":"default","ast-global-header-display":"","ast-banner-title-visibility":"","ast-main-header-display":"","ast-hfb-above-header-display":"","ast-hfb-below-header-display":"","ast-hfb-mobile-header-display":"","site-post-title":"disabled","ast-breadcrumbs-content":"","ast-featured-img":"disabled","footer-sml-layout":"","theme-transparent-header-meta":"default","adv-header-id-meta":"","stick-header-meta":"","header-above-stick-meta":"","header-main-stick-meta":"","header-below-stick-meta":"","astra-migrate-meta-layouts":"","footnotes":""},"class_list":["post-11771","page","type-page","status-publish","hentry"],"acf":[],"yoast_head":"<!-- This site is optimized with the Yoast SEO Premium plugin v27.2 (Yoast SEO v27.2) - https:\/\/yoast.com\/product\/yoast-seo-premium-wordpress\/ -->\n<title>Perfil | Alem\u00e1n, Cordero, Galindo &amp; Lee<\/title>\n<meta name=\"robots\" content=\"index, follow, max-snippet:-1, max-image-preview:large, max-video-preview:-1\" \/>\n<link rel=\"canonical\" href=\"https:\/\/alcogal.com\/es\/perfil\/\" \/>\n<meta property=\"og:locale\" content=\"es_ES\" \/>\n<meta property=\"og:type\" content=\"article\" \/>\n<meta property=\"og:title\" content=\"perfil\" \/>\n<meta property=\"og:description\" content=\"PERFIL Alem\u00e1n, Cordero, Galindo &amp; Lee (Alcogal) fue establecida en 1985 y es una de las firmas de abogados m\u00e1s importantes de Panam\u00e1. Alcogal es una firma de abogados de servicio completo con un equipo dedicado de juristas enfocados en brindar asesoramiento oportuno y eficiente en todas las industrias. Alcogal es particularmente fuerte en las &hellip; perfil Leer m\u00e1s &raquo;\" \/>\n<meta property=\"og:url\" content=\"https:\/\/alcogal.com\/es\/perfil\/\" \/>\n<meta property=\"og:site_name\" content=\"Alem\u00e1n, Cordero, Galindo &amp; Lee\" \/>\n<meta property=\"article:publisher\" content=\"https:\/\/www.facebook.com\/AlcogalAbogados\/\" \/>\n<meta property=\"article:modified_time\" content=\"2022-04-06T15:52:06+00:00\" \/>\n<meta property=\"og:image\" content=\"https:\/\/alcogal.com\/wp-content\/uploads\/2021\/08\/profile_triangulo.png\" \/>\n<meta name=\"twitter:card\" content=\"summary_large_image\" \/>\n<meta name=\"twitter:site\" content=\"@alcogalabogados\" \/>\n<meta name=\"twitter:label1\" content=\"Tiempo de lectura\" \/>\n\t<meta name=\"twitter:data1\" content=\"2 minutos\" \/>\n<script type=\"application\/ld+json\" class=\"yoast-schema-graph\">{\"@context\":\"https:\/\/schema.org\",\"@graph\":[{\"@type\":\"WebPage\",\"@id\":\"https:\/\/alcogal.com\/es\/perfil\/\",\"url\":\"https:\/\/alcogal.com\/es\/perfil\/\",\"name\":\"Perfil | Alem\u00e1n, Cordero, Galindo &amp; Lee\",\"isPartOf\":{\"@id\":\"https:\/\/alcogal.com\/es\/#website\"},\"primaryImageOfPage\":{\"@id\":\"https:\/\/alcogal.com\/es\/perfil\/#primaryimage\"},\"image\":{\"@id\":\"https:\/\/alcogal.com\/es\/perfil\/#primaryimage\"},\"thumbnailUrl\":\"https:\/\/alcogal.com\/wp-content\/uploads\/2021\/08\/profile_triangulo.png\",\"datePublished\":\"2021-08-31T16:56:45+00:00\",\"dateModified\":\"2022-04-06T15:52:06+00:00\",\"breadcrumb\":{\"@id\":\"https:\/\/alcogal.com\/es\/perfil\/#breadcrumb\"},\"inLanguage\":\"es\",\"potentialAction\":[{\"@type\":\"ReadAction\",\"target\":[\"https:\/\/alcogal.com\/es\/perfil\/\"]}]},{\"@type\":\"ImageObject\",\"inLanguage\":\"es\",\"@id\":\"https:\/\/alcogal.com\/es\/perfil\/#primaryimage\",\"url\":\"https:\/\/alcogal.com\/wp-content\/uploads\/2021\/08\/profile_triangulo.png\",\"contentUrl\":\"https:\/\/alcogal.com\/wp-content\/uploads\/2021\/08\/profile_triangulo.png\"},{\"@type\":\"BreadcrumbList\",\"@id\":\"https:\/\/alcogal.com\/es\/perfil\/#breadcrumb\",\"itemListElement\":[{\"@type\":\"ListItem\",\"position\":1,\"name\":\"Home\",\"item\":\"https:\/\/alcogal.com\/es\/\"},{\"@type\":\"ListItem\",\"position\":2,\"name\":\"perfil\"}]},{\"@type\":\"WebSite\",\"@id\":\"https:\/\/alcogal.com\/es\/#website\",\"url\":\"https:\/\/alcogal.com\/es\/\",\"name\":\"Alem\u00e1n, Cordero, Galindo & Lee - Firma de Abogados en Panam\u00e1\",\"description\":\"Firma de Abogados en Panam\u00e1\",\"publisher\":{\"@id\":\"https:\/\/alcogal.com\/es\/#organization\"},\"alternateName\":\"Alcogal\",\"potentialAction\":[{\"@type\":\"SearchAction\",\"target\":{\"@type\":\"EntryPoint\",\"urlTemplate\":\"https:\/\/alcogal.com\/es\/?s={search_term_string}\"},\"query-input\":{\"@type\":\"PropertyValueSpecification\",\"valueRequired\":true,\"valueName\":\"search_term_string\"}}],\"inLanguage\":\"es\"},{\"@type\":\"Organization\",\"@id\":\"https:\/\/alcogal.com\/es\/#organization\",\"name\":\"Aleman, Cordero, Galindo & Lee\",\"alternateName\":\"Alcogal\",\"url\":\"https:\/\/alcogal.com\/es\/\",\"logo\":{\"@type\":\"ImageObject\",\"inLanguage\":\"es\",\"@id\":\"https:\/\/alcogal.com\/es\/#\/schema\/logo\/image\/\",\"url\":\"https:\/\/alcogal.com\/wp-content\/uploads\/2025\/04\/logo-alcogal.png\",\"contentUrl\":\"https:\/\/alcogal.com\/wp-content\/uploads\/2025\/04\/logo-alcogal.png\",\"width\":696,\"height\":696,\"caption\":\"Aleman, Cordero, Galindo & Lee\"},\"image\":{\"@id\":\"https:\/\/alcogal.com\/es\/#\/schema\/logo\/image\/\"},\"sameAs\":[\"https:\/\/www.facebook.com\/AlcogalAbogados\/\",\"https:\/\/x.com\/alcogalabogados\",\"https:\/\/www.linkedin.com\/company\/alcogal\/\",\"https:\/\/www.instagram.com\/alcogalabogados\/\"],\"description\":\"Since our foundation in 1985, we have established ourselves as one of Panama\u2019s most prestigious law firms. We are a full-service firm with a team of lawyers who provide timely and efficient advice in all practice areas\",\"email\":\"contact@alcogal.com\",\"telephone\":\"+507 269-2620\",\"foundingDate\":\"1985-01-01\"}]}<\/script>\n<!-- \/ Yoast SEO Premium plugin. -->","yoast_head_json":{"title":"Perfil | Alem\u00e1n, Cordero, Galindo &amp; Lee","robots":{"index":"index","follow":"follow","max-snippet":"max-snippet:-1","max-image-preview":"max-image-preview:large","max-video-preview":"max-video-preview:-1"},"canonical":"https:\/\/alcogal.com\/es\/perfil\/","og_locale":"es_ES","og_type":"article","og_title":"perfil","og_description":"PERFIL Alem\u00e1n, Cordero, Galindo &amp; Lee (Alcogal) fue establecida en 1985 y es una de las firmas de abogados m\u00e1s importantes de Panam\u00e1. Alcogal es una firma de abogados de servicio completo con un equipo dedicado de juristas enfocados en brindar asesoramiento oportuno y eficiente en todas las industrias. Alcogal es particularmente fuerte en las &hellip; perfil Leer m\u00e1s &raquo;","og_url":"https:\/\/alcogal.com\/es\/perfil\/","og_site_name":"Alem\u00e1n, Cordero, Galindo &amp; Lee","article_publisher":"https:\/\/www.facebook.com\/AlcogalAbogados\/","article_modified_time":"2022-04-06T15:52:06+00:00","og_image":[{"url":"https:\/\/alcogal.com\/wp-content\/uploads\/2021\/08\/profile_triangulo.png","type":"","width":"","height":""}],"twitter_card":"summary_large_image","twitter_site":"@alcogalabogados","twitter_misc":{"Tiempo de lectura":"2 minutos"},"schema":{"@context":"https:\/\/schema.org","@graph":[{"@type":"WebPage","@id":"https:\/\/alcogal.com\/es\/perfil\/","url":"https:\/\/alcogal.com\/es\/perfil\/","name":"Perfil | Alem\u00e1n, Cordero, Galindo &amp; Lee","isPartOf":{"@id":"https:\/\/alcogal.com\/es\/#website"},"primaryImageOfPage":{"@id":"https:\/\/alcogal.com\/es\/perfil\/#primaryimage"},"image":{"@id":"https:\/\/alcogal.com\/es\/perfil\/#primaryimage"},"thumbnailUrl":"https:\/\/alcogal.com\/wp-content\/uploads\/2021\/08\/profile_triangulo.png","datePublished":"2021-08-31T16:56:45+00:00","dateModified":"2022-04-06T15:52:06+00:00","breadcrumb":{"@id":"https:\/\/alcogal.com\/es\/perfil\/#breadcrumb"},"inLanguage":"es","potentialAction":[{"@type":"ReadAction","target":["https:\/\/alcogal.com\/es\/perfil\/"]}]},{"@type":"ImageObject","inLanguage":"es","@id":"https:\/\/alcogal.com\/es\/perfil\/#primaryimage","url":"https:\/\/alcogal.com\/wp-content\/uploads\/2021\/08\/profile_triangulo.png","contentUrl":"https:\/\/alcogal.com\/wp-content\/uploads\/2021\/08\/profile_triangulo.png"},{"@type":"BreadcrumbList","@id":"https:\/\/alcogal.com\/es\/perfil\/#breadcrumb","itemListElement":[{"@type":"ListItem","position":1,"name":"Home","item":"https:\/\/alcogal.com\/es\/"},{"@type":"ListItem","position":2,"name":"perfil"}]},{"@type":"WebSite","@id":"https:\/\/alcogal.com\/es\/#website","url":"https:\/\/alcogal.com\/es\/","name":"Alem\u00e1n, Cordero, Galindo & Lee - Firma de Abogados en Panam\u00e1","description":"Firma de Abogados en Panam\u00e1","publisher":{"@id":"https:\/\/alcogal.com\/es\/#organization"},"alternateName":"Alcogal","potentialAction":[{"@type":"SearchAction","target":{"@type":"EntryPoint","urlTemplate":"https:\/\/alcogal.com\/es\/?s={search_term_string}"},"query-input":{"@type":"PropertyValueSpecification","valueRequired":true,"valueName":"search_term_string"}}],"inLanguage":"es"},{"@type":"Organization","@id":"https:\/\/alcogal.com\/es\/#organization","name":"Aleman, Cordero, Galindo & Lee","alternateName":"Alcogal","url":"https:\/\/alcogal.com\/es\/","logo":{"@type":"ImageObject","inLanguage":"es","@id":"https:\/\/alcogal.com\/es\/#\/schema\/logo\/image\/","url":"https:\/\/alcogal.com\/wp-content\/uploads\/2025\/04\/logo-alcogal.png","contentUrl":"https:\/\/alcogal.com\/wp-content\/uploads\/2025\/04\/logo-alcogal.png","width":696,"height":696,"caption":"Aleman, Cordero, Galindo & Lee"},"image":{"@id":"https:\/\/alcogal.com\/es\/#\/schema\/logo\/image\/"},"sameAs":["https:\/\/www.facebook.com\/AlcogalAbogados\/","https:\/\/x.com\/alcogalabogados","https:\/\/www.linkedin.com\/company\/alcogal\/","https:\/\/www.instagram.com\/alcogalabogados\/"],"description":"Since our foundation in 1985, we have established ourselves as one of Panama\u2019s most prestigious law firms. We are a full-service firm with a team of lawyers who provide timely and efficient advice in all practice areas","email":"contact@alcogal.com","telephone":"+507 269-2620","foundingDate":"1985-01-01"}]}},"jetpack_sharing_enabled":true,"_links":{"self":[{"href":"https:\/\/alcogal.com\/es\/wp-json\/wp\/v2\/pages\/11771","targetHints":{"allow":["GET"]}}],"collection":[{"href":"https:\/\/alcogal.com\/es\/wp-json\/wp\/v2\/pages"}],"about":[{"href":"https:\/\/alcogal.com\/es\/wp-json\/wp\/v2\/types\/page"}],"author":[{"embeddable":true,"href":"https:\/\/alcogal.com\/es\/wp-json\/wp\/v2\/users\/1"}],"replies":[{"embeddable":true,"href":"https:\/\/alcogal.com\/es\/wp-json\/wp\/v2\/comments?post=11771"}],"version-history":[{"count":0,"href":"https:\/\/alcogal.com\/es\/wp-json\/wp\/v2\/pages\/11771\/revisions"}],"wp:attachment":[{"href":"https:\/\/alcogal.com\/es\/wp-json\/wp\/v2\/media?parent=11771"}],"curies":[{"name":"wp","href":"https:\/\/api.w.org\/{rel}","templated":true}]}}