{"id":11392,"date":"2021-09-03T04:12:22","date_gmt":"2021-09-03T04:12:22","guid":{"rendered":"https:\/\/alcogal.com\/\/work-with-us\/"},"modified":"2025-09-02T04:45:13","modified_gmt":"2025-09-02T09:45:13","slug":"formulario-de-carreras","status":"publish","type":"page","link":"https:\/\/alcogal.com\/es\/formulario-de-carreras\/","title":{"rendered":"Formulario de carreras"},"content":{"rendered":"\t\t<div data-elementor-type=\"wp-page\" data-elementor-id=\"11392\" class=\"elementor elementor-11392 elementor-9348\" data-elementor-post-type=\"page\">\n\t\t\t\t<div class=\"elementor-element elementor-element-1b64d89 e-flex e-con-boxed e-con e-parent\" data-id=\"1b64d89\" data-element_type=\"container\" data-e-type=\"container\" data-settings=\"{&quot;background_background&quot;:&quot;classic&quot;}\">\n\t\t\t\t\t<div class=\"e-con-inner\">\n\t\t<div class=\"elementor-element elementor-element-9e64eb2 e-con-full e-flex e-con e-child\" data-id=\"9e64eb2\" data-element_type=\"container\" data-e-type=\"container\">\n\t\t\t\t<div class=\"elementor-element elementor-element-2c57cbc elementor-widget elementor-widget-heading\" data-id=\"2c57cbc\" data-element_type=\"widget\" data-e-type=\"widget\" data-widget_type=\"heading.default\">\n\t\t\t\t<div class=\"elementor-widget-container\">\n\t\t\t\t\t<h1 class=\"elementor-heading-title elementor-size-xxl\">TRABAJA CON NOSOTROS<\/h1>\t\t\t\t<\/div>\n\t\t\t\t<\/div>\n\t\t\t\t<\/div>\n\t\t\t\t\t<\/div>\n\t\t\t\t<\/div>\n\t\t<div class=\"elementor-element elementor-element-6608209 e-flex e-con-boxed e-con e-parent\" data-id=\"6608209\" data-element_type=\"container\" data-e-type=\"container\">\n\t\t\t\t\t<div class=\"e-con-inner\">\n\t\t<div class=\"elementor-element elementor-element-5c86f3d e-con-full e-flex e-con e-child\" data-id=\"5c86f3d\" data-element_type=\"container\" data-e-type=\"container\">\n\t\t\t\t<div class=\"elementor-element elementor-element-33c0fbd elementor-widget elementor-widget-heading\" data-id=\"33c0fbd\" data-element_type=\"widget\" data-e-type=\"widget\" data-widget_type=\"heading.default\">\n\t\t\t\t<div class=\"elementor-widget-container\">\n\t\t\t\t\t<h2 class=\"elementor-heading-title elementor-size-default\">Por favor, llena el formulario si deseas formar parte de nuestro equipo.<\/h2>\t\t\t\t<\/div>\n\t\t\t\t<\/div>\n\t\t\t\t<\/div>\n\t\t<div class=\"elementor-element elementor-element-c5c47ff e-con-full e-flex e-con e-child\" data-id=\"c5c47ff\" data-element_type=\"container\" data-e-type=\"container\">\n\t\t\t\t<\/div>\n\t\t\t\t\t<\/div>\n\t\t\t\t<\/div>\n\t\t<div class=\"elementor-element elementor-element-f0354a0 e-con-full e-flex e-con e-parent\" data-id=\"f0354a0\" data-element_type=\"container\" data-e-type=\"container\" data-settings=\"{&quot;background_background&quot;:&quot;classic&quot;}\">\n\t\t<div class=\"elementor-element elementor-element-25d29c6 e-con-full e-flex e-con e-child\" data-id=\"25d29c6\" data-element_type=\"container\" data-e-type=\"container\" data-settings=\"{&quot;background_background&quot;:&quot;classic&quot;}\">\n\t\t\t\t<div class=\"elementor-element elementor-element-338f831 elementor-button-align-stretch elementor-widget elementor-widget-form\" data-id=\"338f831\" data-element_type=\"widget\" data-e-type=\"widget\" data-settings=\"{&quot;step_next_label&quot;:&quot;Next&quot;,&quot;step_previous_label&quot;:&quot;Previous&quot;,&quot;button_width&quot;:&quot;100&quot;,&quot;step_type&quot;:&quot;number_text&quot;,&quot;step_icon_shape&quot;:&quot;circle&quot;}\" data-widget_type=\"form.default\">\n\t\t\t\t<div class=\"elementor-widget-container\">\n\t\t\t\t\t\t\t<form class=\"elementor-form\" method=\"post\" id=\"trabaja_con_nosotros\" name=\"form-trabaja\" aria-label=\"form-trabaja\">\n\t\t\t<input type=\"hidden\" name=\"post_id\" value=\"11392\"\/>\n\t\t\t<input type=\"hidden\" name=\"form_id\" value=\"338f831\"\/>\n\t\t\t<input type=\"hidden\" name=\"referer_title\" value=\"Formulario de carreras | Alem\u00e1n, Cordero, Galindo &amp; Lee\" \/>\n\n\t\t\t\t\t\t\t<input type=\"hidden\" name=\"queried_id\" value=\"11392\"\/>\n\t\t\t\n\t\t\t<div class=\"elementor-form-fields-wrapper elementor-labels-above\">\n\t\t\t\t\t\t\t\t<div class=\"elementor-field-type-text elementor-field-group elementor-column elementor-field-group-nombre11 elementor-col-50 elementor-field-required elementor-mark-required\">\n\t\t\t\t\t\t\t\t\t\t\t\t<label for=\"form-field-nombre11\" class=\"elementor-field-label\">\n\t\t\t\t\t\t\t\tNombres\t\t\t\t\t\t\t<\/label>\n\t\t\t\t\t\t\t\t\t\t\t\t\t\t<input size=\"1\" type=\"text\" name=\"form_fields[nombre11]\" id=\"form-field-nombre11\" class=\"elementor-field elementor-size-sm  elementor-field-textual\" required=\"required\">\n\t\t\t\t\t\t\t\t\t\t\t<\/div>\n\t\t\t\t\t\t\t\t<div class=\"elementor-field-type-text elementor-field-group elementor-column elementor-field-group-apellidos11 elementor-col-50 elementor-field-required elementor-mark-required\">\n\t\t\t\t\t\t\t\t\t\t\t\t<label for=\"form-field-apellidos11\" class=\"elementor-field-label\">\n\t\t\t\t\t\t\t\tApellidos\t\t\t\t\t\t\t<\/label>\n\t\t\t\t\t\t\t\t\t\t\t\t\t\t<input size=\"1\" type=\"text\" name=\"form_fields[apellidos11]\" id=\"form-field-apellidos11\" class=\"elementor-field elementor-size-sm  elementor-field-textual\" required=\"required\">\n\t\t\t\t\t\t\t\t\t\t\t<\/div>\n\t\t\t\t\t\t\t\t<div class=\"elementor-field-type-email elementor-field-group elementor-column elementor-field-group-correo11 elementor-col-100 elementor-field-required elementor-mark-required\">\n\t\t\t\t\t\t\t\t\t\t\t\t<label for=\"form-field-correo11\" class=\"elementor-field-label\">\n\t\t\t\t\t\t\t\tEmail\t\t\t\t\t\t\t<\/label>\n\t\t\t\t\t\t\t\t\t\t\t\t\t\t<input size=\"1\" type=\"email\" name=\"form_fields[correo11]\" id=\"form-field-correo11\" class=\"elementor-field elementor-size-sm  elementor-field-textual\" required=\"required\">\n\t\t\t\t\t\t\t\t\t\t\t<\/div>\n\t\t\t\t\t\t\t\t<div class=\"elementor-field-type-upload elementor-field-group elementor-column elementor-field-group-adjunto11 elementor-col-100 elementor-field-required elementor-mark-required\">\n\t\t\t\t\t\t\t\t\t\t\t\t<label for=\"form-field-adjunto11\" class=\"elementor-field-label\">\n\t\t\t\t\t\t\t\tSeleccione los archivos para adjuntar su hoja de vida (.pdf tama\u00f1o m\u00e1ximo 5Mb):\t\t\t\t\t\t\t<\/label>\n\t\t\t\t\t\t\t\t<input type=\"file\" name=\"form_fields[adjunto11]\" id=\"form-field-adjunto11\" class=\"elementor-field elementor-size-sm  elementor-upload-field\" required=\"required\" data-maxsize=\"5\" data-maxsize-message=\"Este archivo excede el tama\u00f1o m\u00e1ximo permitido.\">\n\n\t\t\t\t\t\t<\/div>\n\t\t\t\t\t\t\t\t<div class=\"elementor-field-type-acceptance elementor-field-group elementor-column elementor-field-group-acepto11 elementor-col-100 elementor-field-required elementor-mark-required\">\n\t\t\t\t\t\t\t<div class=\"elementor-field-subgroup\">\n\t\t\t<span class=\"elementor-field-option\">\n\t\t\t\t<input type=\"checkbox\" name=\"form_fields[acepto11]\" id=\"form-field-acepto11\" class=\"elementor-field elementor-size-sm  elementor-acceptance-field\" required=\"required\">\n\t\t\t\t<label for=\"form-field-acepto11\">Al marcar esta casilla, usted confirma que ha le\u00eddo y acepta\nnuestra  <a href=\"https:\/\/alcogal.com\/es\/politica-de-privacidad\/\" target=\"_blank\">Pol\u00edtica de Privacidad.<\/a>  <\/label>\t\t\t<\/span>\n\t\t<\/div>\n\t\t\t\t\t\t<\/div>\n\t\t\t\t\t\t\t\t<div class=\"elementor-field-type-recaptcha_v3 elementor-field-group elementor-column elementor-field-group-honey elementor-col-100 recaptcha_v3-bottomright\">\n\t\t\t\t\t<div class=\"elementor-field\" id=\"form-field-honey\"><div class=\"elementor-g-recaptcha\" data-sitekey=\"6Lf4Z-wgAAAAAD39jfTXO8lyA9LNu8QnLec87rFZ\" data-type=\"v3\" data-action=\"Form\" data-badge=\"bottomright\" data-size=\"invisible\"><\/div><\/div>\t\t\t\t<\/div>\n\t\t\t\t\t\t\t\t<div class=\"elementor-field-group elementor-column elementor-field-type-submit elementor-col-100 e-form__buttons\">\n\t\t\t\t\t<button class=\"elementor-button elementor-size-md\" type=\"submit\">\n\t\t\t\t\t\t<span class=\"elementor-button-content-wrapper\">\n\t\t\t\t\t\t\t\t\t\t\t\t\t\t\t<span class=\"elementor-button-icon\">\n\t\t\t\t\t\t\t\t\t<i aria-hidden=\"true\" class=\"fas fa-angle-right\"><\/i>\t\t\t\t\t\t\t\t\t\t\t\t\t\t\t\t\t<\/span>\n\t\t\t\t\t\t\t\t\t\t\t\t\t\t\t\t\t\t\t\t\t\t<span class=\"elementor-button-text\">Enviar<\/span>\n\t\t\t\t\t\t\t\t\t\t\t\t\t<\/span>\n\t\t\t\t\t<\/button>\n\t\t\t\t<\/div>\n\t\t\t<\/div>\n\t\t<\/form>\n\t\t\t\t\t\t<\/div>\n\t\t\t\t<\/div>\n\t\t\t\t<div class=\"elementor-element elementor-element-738b1b9 elementor-widget elementor-widget-spacer\" data-id=\"738b1b9\" data-element_type=\"widget\" data-e-type=\"widget\" data-widget_type=\"spacer.default\">\n\t\t\t\t<div class=\"elementor-widget-container\">\n\t\t\t\t\t\t\t<div class=\"elementor-spacer\">\n\t\t\t<div class=\"elementor-spacer-inner\"><\/div>\n\t\t<\/div>\n\t\t\t\t\t\t<\/div>\n\t\t\t\t<\/div>\n\t\t\t\t<\/div>\n\t\t<div class=\"elementor-element elementor-element-060fd20 e-con-full e-flex e-con e-child\" data-id=\"060fd20\" data-element_type=\"container\" data-e-type=\"container\" data-settings=\"{&quot;background_background&quot;:&quot;classic&quot;}\">\n\t\t\t\t<div class=\"elementor-element elementor-element-651781e elementor-widget elementor-widget-spacer\" data-id=\"651781e\" data-element_type=\"widget\" data-e-type=\"widget\" data-widget_type=\"spacer.default\">\n\t\t\t\t<div class=\"elementor-widget-container\">\n\t\t\t\t\t\t\t<div class=\"elementor-spacer\">\n\t\t\t<div class=\"elementor-spacer-inner\"><\/div>\n\t\t<\/div>\n\t\t\t\t\t\t<\/div>\n\t\t\t\t<\/div>\n\t\t\t\t<\/div>\n\t\t\t\t<\/div>\n\t\t\t\t<\/div>\n\t\t","protected":false},"excerpt":{"rendered":"<p>TRABAJA CON NOSOTROS Por favor, llena el formulario si deseas formar parte de nuestro equipo.<\/p>\n","protected":false},"author":1,"featured_media":0,"parent":0,"menu_order":0,"comment_status":"closed","ping_status":"closed","template":"elementor_header_footer","meta":{"_acf_changed":false,"site-sidebar-layout":"no-sidebar","site-content-layout":"page-builder","ast-site-content-layout":"","site-content-style":"default","site-sidebar-style":"default","ast-global-header-display":"","ast-banner-title-visibility":"","ast-main-header-display":"","ast-hfb-above-header-display":"","ast-hfb-below-header-display":"","ast-hfb-mobile-header-display":"","site-post-title":"disabled","ast-breadcrumbs-content":"","ast-featured-img":"disabled","footer-sml-layout":"","theme-transparent-header-meta":"default","adv-header-id-meta":"","stick-header-meta":"","header-above-stick-meta":"","header-main-stick-meta":"","header-below-stick-meta":"","astra-migrate-meta-layouts":"set","footnotes":""},"class_list":["post-11392","page","type-page","status-publish","hentry"],"acf":[],"yoast_head":"<!-- This site is optimized with the Yoast SEO Premium plugin v27.2 (Yoast SEO v27.2) - https:\/\/yoast.com\/product\/yoast-seo-premium-wordpress\/ -->\n<title>Formulario de carreras | Alem\u00e1n, Cordero, Galindo &amp; Lee<\/title>\n<meta name=\"robots\" content=\"index, follow, max-snippet:-1, max-image-preview:large, max-video-preview:-1\" \/>\n<link rel=\"canonical\" href=\"https:\/\/alcogal.com\/es\/formulario-de-carreras\/\" \/>\n<meta property=\"og:locale\" content=\"es_ES\" \/>\n<meta property=\"og:type\" content=\"article\" \/>\n<meta property=\"og:title\" content=\"Formulario de carreras\" \/>\n<meta property=\"og:description\" content=\"TRABAJA CON NOSOTROS Por favor, llena el formulario si deseas formar parte de nuestro equipo.\" \/>\n<meta property=\"og:url\" content=\"https:\/\/alcogal.com\/es\/formulario-de-carreras\/\" \/>\n<meta property=\"og:site_name\" content=\"Alem\u00e1n, Cordero, Galindo &amp; Lee\" \/>\n<meta property=\"article:publisher\" content=\"https:\/\/www.facebook.com\/AlcogalAbogados\/\" \/>\n<meta property=\"article:modified_time\" content=\"2025-09-02T09:45:13+00:00\" \/>\n<meta property=\"og:image\" content=\"https:\/\/alcogal.com\/wp-content\/uploads\/2026\/02\/alcogal-new-og.jpg\" \/>\n\t<meta property=\"og:image:width\" content=\"1200\" \/>\n\t<meta property=\"og:image:height\" content=\"630\" \/>\n\t<meta property=\"og:image:type\" content=\"image\/jpeg\" \/>\n<meta name=\"twitter:card\" content=\"summary_large_image\" \/>\n<meta name=\"twitter:site\" content=\"@alcogalabogados\" \/>\n<meta name=\"twitter:label1\" content=\"Tiempo de lectura\" \/>\n\t<meta name=\"twitter:data1\" content=\"1 minuto\" \/>\n<script type=\"application\/ld+json\" class=\"yoast-schema-graph\">{\"@context\":\"https:\/\/schema.org\",\"@graph\":[{\"@type\":\"WebPage\",\"@id\":\"https:\/\/alcogal.com\/es\/formulario-de-carreras\/\",\"url\":\"https:\/\/alcogal.com\/es\/formulario-de-carreras\/\",\"name\":\"Formulario de carreras | Alem\u00e1n, Cordero, Galindo &amp; Lee\",\"isPartOf\":{\"@id\":\"https:\/\/alcogal.com\/es\/#website\"},\"datePublished\":\"2021-09-03T04:12:22+00:00\",\"dateModified\":\"2025-09-02T09:45:13+00:00\",\"breadcrumb\":{\"@id\":\"https:\/\/alcogal.com\/es\/formulario-de-carreras\/#breadcrumb\"},\"inLanguage\":\"es\",\"potentialAction\":[{\"@type\":\"ReadAction\",\"target\":[\"https:\/\/alcogal.com\/es\/formulario-de-carreras\/\"]}]},{\"@type\":\"BreadcrumbList\",\"@id\":\"https:\/\/alcogal.com\/es\/formulario-de-carreras\/#breadcrumb\",\"itemListElement\":[{\"@type\":\"ListItem\",\"position\":1,\"name\":\"Home\",\"item\":\"https:\/\/alcogal.com\/es\/\"},{\"@type\":\"ListItem\",\"position\":2,\"name\":\"Formulario de carreras\"}]},{\"@type\":\"WebSite\",\"@id\":\"https:\/\/alcogal.com\/es\/#website\",\"url\":\"https:\/\/alcogal.com\/es\/\",\"name\":\"Alem\u00e1n, Cordero, Galindo & Lee - Firma de Abogados en Panam\u00e1\",\"description\":\"Firma de Abogados en Panam\u00e1\",\"publisher\":{\"@id\":\"https:\/\/alcogal.com\/es\/#organization\"},\"alternateName\":\"Alcogal\",\"potentialAction\":[{\"@type\":\"SearchAction\",\"target\":{\"@type\":\"EntryPoint\",\"urlTemplate\":\"https:\/\/alcogal.com\/es\/?s={search_term_string}\"},\"query-input\":{\"@type\":\"PropertyValueSpecification\",\"valueRequired\":true,\"valueName\":\"search_term_string\"}}],\"inLanguage\":\"es\"},{\"@type\":\"Organization\",\"@id\":\"https:\/\/alcogal.com\/es\/#organization\",\"name\":\"Aleman, Cordero, Galindo & Lee\",\"alternateName\":\"Alcogal\",\"url\":\"https:\/\/alcogal.com\/es\/\",\"logo\":{\"@type\":\"ImageObject\",\"inLanguage\":\"es\",\"@id\":\"https:\/\/alcogal.com\/es\/#\/schema\/logo\/image\/\",\"url\":\"https:\/\/alcogal.com\/wp-content\/uploads\/2025\/04\/logo-alcogal.png\",\"contentUrl\":\"https:\/\/alcogal.com\/wp-content\/uploads\/2025\/04\/logo-alcogal.png\",\"width\":696,\"height\":696,\"caption\":\"Aleman, Cordero, Galindo & Lee\"},\"image\":{\"@id\":\"https:\/\/alcogal.com\/es\/#\/schema\/logo\/image\/\"},\"sameAs\":[\"https:\/\/www.facebook.com\/AlcogalAbogados\/\",\"https:\/\/x.com\/alcogalabogados\",\"https:\/\/www.linkedin.com\/company\/alcogal\/\",\"https:\/\/www.instagram.com\/alcogalabogados\/\"],\"description\":\"Since our foundation in 1985, we have established ourselves as one of Panama\u2019s most prestigious law firms. We are a full-service firm with a team of lawyers who provide timely and efficient advice in all practice areas\",\"email\":\"contact@alcogal.com\",\"telephone\":\"+507 269-2620\",\"foundingDate\":\"1985-01-01\"}]}<\/script>\n<!-- \/ Yoast SEO Premium plugin. -->","yoast_head_json":{"title":"Formulario de carreras | Alem\u00e1n, Cordero, Galindo &amp; Lee","robots":{"index":"index","follow":"follow","max-snippet":"max-snippet:-1","max-image-preview":"max-image-preview:large","max-video-preview":"max-video-preview:-1"},"canonical":"https:\/\/alcogal.com\/es\/formulario-de-carreras\/","og_locale":"es_ES","og_type":"article","og_title":"Formulario de carreras","og_description":"TRABAJA CON NOSOTROS Por favor, llena el formulario si deseas formar parte de nuestro equipo.","og_url":"https:\/\/alcogal.com\/es\/formulario-de-carreras\/","og_site_name":"Alem\u00e1n, Cordero, Galindo &amp; Lee","article_publisher":"https:\/\/www.facebook.com\/AlcogalAbogados\/","article_modified_time":"2025-09-02T09:45:13+00:00","og_image":[{"width":1200,"height":630,"url":"https:\/\/alcogal.com\/wp-content\/uploads\/2026\/02\/alcogal-new-og.jpg","type":"image\/jpeg"}],"twitter_card":"summary_large_image","twitter_site":"@alcogalabogados","twitter_misc":{"Tiempo de lectura":"1 minuto"},"schema":{"@context":"https:\/\/schema.org","@graph":[{"@type":"WebPage","@id":"https:\/\/alcogal.com\/es\/formulario-de-carreras\/","url":"https:\/\/alcogal.com\/es\/formulario-de-carreras\/","name":"Formulario de carreras | Alem\u00e1n, Cordero, Galindo &amp; Lee","isPartOf":{"@id":"https:\/\/alcogal.com\/es\/#website"},"datePublished":"2021-09-03T04:12:22+00:00","dateModified":"2025-09-02T09:45:13+00:00","breadcrumb":{"@id":"https:\/\/alcogal.com\/es\/formulario-de-carreras\/#breadcrumb"},"inLanguage":"es","potentialAction":[{"@type":"ReadAction","target":["https:\/\/alcogal.com\/es\/formulario-de-carreras\/"]}]},{"@type":"BreadcrumbList","@id":"https:\/\/alcogal.com\/es\/formulario-de-carreras\/#breadcrumb","itemListElement":[{"@type":"ListItem","position":1,"name":"Home","item":"https:\/\/alcogal.com\/es\/"},{"@type":"ListItem","position":2,"name":"Formulario de carreras"}]},{"@type":"WebSite","@id":"https:\/\/alcogal.com\/es\/#website","url":"https:\/\/alcogal.com\/es\/","name":"Alem\u00e1n, Cordero, Galindo & Lee - Firma de Abogados en Panam\u00e1","description":"Firma de Abogados en Panam\u00e1","publisher":{"@id":"https:\/\/alcogal.com\/es\/#organization"},"alternateName":"Alcogal","potentialAction":[{"@type":"SearchAction","target":{"@type":"EntryPoint","urlTemplate":"https:\/\/alcogal.com\/es\/?s={search_term_string}"},"query-input":{"@type":"PropertyValueSpecification","valueRequired":true,"valueName":"search_term_string"}}],"inLanguage":"es"},{"@type":"Organization","@id":"https:\/\/alcogal.com\/es\/#organization","name":"Aleman, Cordero, Galindo & Lee","alternateName":"Alcogal","url":"https:\/\/alcogal.com\/es\/","logo":{"@type":"ImageObject","inLanguage":"es","@id":"https:\/\/alcogal.com\/es\/#\/schema\/logo\/image\/","url":"https:\/\/alcogal.com\/wp-content\/uploads\/2025\/04\/logo-alcogal.png","contentUrl":"https:\/\/alcogal.com\/wp-content\/uploads\/2025\/04\/logo-alcogal.png","width":696,"height":696,"caption":"Aleman, Cordero, Galindo & Lee"},"image":{"@id":"https:\/\/alcogal.com\/es\/#\/schema\/logo\/image\/"},"sameAs":["https:\/\/www.facebook.com\/AlcogalAbogados\/","https:\/\/x.com\/alcogalabogados","https:\/\/www.linkedin.com\/company\/alcogal\/","https:\/\/www.instagram.com\/alcogalabogados\/"],"description":"Since our foundation in 1985, we have established ourselves as one of Panama\u2019s most prestigious law firms. We are a full-service firm with a team of lawyers who provide timely and efficient advice in all practice areas","email":"contact@alcogal.com","telephone":"+507 269-2620","foundingDate":"1985-01-01"}]}},"jetpack_sharing_enabled":true,"_links":{"self":[{"href":"https:\/\/alcogal.com\/es\/wp-json\/wp\/v2\/pages\/11392","targetHints":{"allow":["GET"]}}],"collection":[{"href":"https:\/\/alcogal.com\/es\/wp-json\/wp\/v2\/pages"}],"about":[{"href":"https:\/\/alcogal.com\/es\/wp-json\/wp\/v2\/types\/page"}],"author":[{"embeddable":true,"href":"https:\/\/alcogal.com\/es\/wp-json\/wp\/v2\/users\/1"}],"replies":[{"embeddable":true,"href":"https:\/\/alcogal.com\/es\/wp-json\/wp\/v2\/comments?post=11392"}],"version-history":[{"count":103,"href":"https:\/\/alcogal.com\/es\/wp-json\/wp\/v2\/pages\/11392\/revisions"}],"predecessor-version":[{"id":22181,"href":"https:\/\/alcogal.com\/es\/wp-json\/wp\/v2\/pages\/11392\/revisions\/22181"}],"wp:attachment":[{"href":"https:\/\/alcogal.com\/es\/wp-json\/wp\/v2\/media?parent=11392"}],"curies":[{"name":"wp","href":"https:\/\/api.w.org\/{rel}","templated":true}]}}